{"id":355,"date":"2022-09-29T16:49:19","date_gmt":"2022-09-29T14:49:19","guid":{"rendered":"https:\/\/ditcheyenne.com\/?post_type=product&#038;p=355"},"modified":"2023-08-01T08:40:48","modified_gmt":"2023-08-01T06:40:48","slug":"palm-oil-free","status":"publish","type":"product","link":"https:\/\/ditcheyenne.com\/en\/shop\/tirages-digigraphie\/palm-oil-free\/","title":{"rendered":"PALM OIL FREE"},"content":{"rendered":"<p>\u00abPALM OIL FREE\u00bb<\/p>\n<p class=\"translation-block\">Albert Einstein said \u00ab If one day the forests were going to disappear, human kind would only have his family tree for crying \u00bb<br>\nThe orangutan is the symbol of Inner Wisdom which guides us in all situations and emotions.\nThis Spirit is a kind and generous Soul.<br>\nHe is the powerful shaman between the worlds, using the Trees, this Spirit is an old Soul.<\/p>\n<p class=\"translation-block\">Let\u2019s fight the deforestation in Borneo Indonesia, Don\u2019t buy Palm Oil.<br>\nSave the forest, Save the orangutans.<\/p>\n<p class=\"translation-block\">19.69 x 19.69 inches, 330g Art paper, Digigraphie\u00ae process: 220 euros<br>\nSignature and date of the artist on the back.<\/p>\n<p class=\"translation-block\">The Digigraphie\u00ae process is comparable to Lithography. Digital process, the inks used\nare based on pigments (mineral) encapsulated in resin which ensure the durability of the reproduction of Art over time for several generations.<\/p>\n<p class=\"translation-block\">Shipped in a protective packaging (cardboard tube).\nSold unframed.\nWorldwide shipping.\nShipping price includes insurance.\nThe price includes VAT.<\/p>\n<p>International orders may take 3-4 weeks from ship date depending on customs.<\/p>","protected":false},"excerpt":{"rendered":"<p>\u00abPALM OIL FREE\u00bb Albert Einstein a dit \u00ab S&rsquo;il fallait un jour que les for\u00eats disparaissent, l&rsquo;homme n&rsquo;aurait plus que son\u00a0 arbre g\u00e9n\u00e9alogique pour pleurer \u00bb L\u2019orang-outan est le symbole de la Sagesse Int\u00e9rieure qui nous guide en toutes situations et \u00e9motions . Cet Esprit est une \u00c2me bienveillante et g\u00e9n\u00e9reuse. Il est le lien [&hellip;]<\/p>","protected":false},"featured_media":356,"comment_status":"open","ping_status":"closed","template":"","meta":[],"product_brand":[],"product_cat":[23],"product_tag":[],"class_list":{"0":"post-355","1":"product","2":"type-product","3":"status-publish","4":"has-post-thumbnail","6":"product_cat-tirages-digigraphie","8":"first","9":"instock","10":"shipping-taxable","11":"purchasable","12":"product-type-simple"},"yoast_head":"<!-- This site is optimized with the Yoast SEO plugin v26.6 - https:\/\/yoast.com\/wordpress\/plugins\/seo\/ -->\n<title>PALM OIL FREE | Dit Cheyenne<\/title>\n<meta name=\"robots\" content=\"index, follow, max-snippet:-1, max-image-preview:large, max-video-preview:-1\" \/>\n<link rel=\"canonical\" href=\"https:\/\/ditcheyenne.com\/en\/shop\/tirages-digigraphie\/palm-oil-free\/\" \/>\n<meta property=\"og:locale\" content=\"en_GB\" \/>\n<meta property=\"og:type\" content=\"article\" \/>\n<meta property=\"og:title\" content=\"PALM OIL FREE | Dit Cheyenne\" \/>\n<meta property=\"og:description\" content=\"\u00abPALM OIL FREE\u00bb Albert Einstein a dit \u00ab S&rsquo;il fallait un jour que les for\u00eats disparaissent, l&rsquo;homme n&rsquo;aurait plus que son\u00a0 arbre g\u00e9n\u00e9alogique pour pleurer \u00bb L\u2019orang-outan est le symbole de la Sagesse Int\u00e9rieure qui nous guide en toutes situations et \u00e9motions . Cet Esprit est une \u00c2me bienveillante et g\u00e9n\u00e9reuse. Il est le lien [&hellip;]\" \/>\n<meta property=\"og:url\" content=\"https:\/\/ditcheyenne.com\/en\/shop\/tirages-digigraphie\/palm-oil-free\/\" \/>\n<meta property=\"og:site_name\" content=\"Dit Cheyenne\" \/>\n<meta property=\"article:publisher\" content=\"https:\/\/www.facebook.com\/profile.php?id=100063726633338\" \/>\n<meta property=\"article:modified_time\" content=\"2023-08-01T06:40:48+00:00\" \/>\n<meta property=\"og:image\" content=\"https:\/\/ditcheyenne.com\/wp-content\/uploads\/2022\/09\/PALM-OIL-FREE-001.jpg\" \/>\n\t<meta property=\"og:image:width\" content=\"1600\" \/>\n\t<meta property=\"og:image:height\" content=\"1600\" \/>\n\t<meta property=\"og:image:type\" content=\"image\/jpeg\" \/>\n<meta name=\"twitter:card\" content=\"summary_large_image\" \/>\n<script type=\"application\/ld+json\" class=\"yoast-schema-graph\">{\"@context\":\"https:\/\/schema.org\",\"@graph\":[{\"@type\":\"WebPage\",\"@id\":\"https:\/\/ditcheyenne.com\/shop\/tirages-digigraphie\/palm-oil-free\/\",\"url\":\"https:\/\/ditcheyenne.com\/shop\/tirages-digigraphie\/palm-oil-free\/\",\"name\":\"PALM OIL FREE | Dit Cheyenne\",\"isPartOf\":{\"@id\":\"https:\/\/ditcheyenne.com\/#website\"},\"primaryImageOfPage\":{\"@id\":\"https:\/\/ditcheyenne.com\/shop\/tirages-digigraphie\/palm-oil-free\/#primaryimage\"},\"image\":{\"@id\":\"https:\/\/ditcheyenne.com\/shop\/tirages-digigraphie\/palm-oil-free\/#primaryimage\"},\"thumbnailUrl\":\"https:\/\/ditcheyenne.com\/wp-content\/uploads\/2022\/09\/PALM-OIL-FREE-001.jpg\",\"datePublished\":\"2022-09-29T14:49:19+00:00\",\"dateModified\":\"2023-08-01T06:40:48+00:00\",\"breadcrumb\":{\"@id\":\"https:\/\/ditcheyenne.com\/shop\/tirages-digigraphie\/palm-oil-free\/#breadcrumb\"},\"inLanguage\":\"en-GB\",\"potentialAction\":[{\"@type\":\"ReadAction\",\"target\":[\"https:\/\/ditcheyenne.com\/shop\/tirages-digigraphie\/palm-oil-free\/\"]}]},{\"@type\":\"ImageObject\",\"inLanguage\":\"en-GB\",\"@id\":\"https:\/\/ditcheyenne.com\/shop\/tirages-digigraphie\/palm-oil-free\/#primaryimage\",\"url\":\"https:\/\/ditcheyenne.com\/wp-content\/uploads\/2022\/09\/PALM-OIL-FREE-001.jpg\",\"contentUrl\":\"https:\/\/ditcheyenne.com\/wp-content\/uploads\/2022\/09\/PALM-OIL-FREE-001.jpg\",\"width\":1600,\"height\":1600,\"caption\":\"Dessin singe\"},{\"@type\":\"BreadcrumbList\",\"@id\":\"https:\/\/ditcheyenne.com\/shop\/tirages-digigraphie\/palm-oil-free\/#breadcrumb\",\"itemListElement\":[{\"@type\":\"ListItem\",\"position\":1,\"name\":\"Accueil\",\"item\":\"https:\/\/ditcheyenne.com\/\"},{\"@type\":\"ListItem\",\"position\":2,\"name\":\"Shop\",\"item\":\"https:\/\/ditcheyenne.com\/shop\/\"},{\"@type\":\"ListItem\",\"position\":3,\"name\":\"PALM OIL FREE\"}]},{\"@type\":\"WebSite\",\"@id\":\"https:\/\/ditcheyenne.com\/#website\",\"url\":\"https:\/\/ditcheyenne.com\/\",\"name\":\"Dit Cheyenne\",\"description\":\"Artiste\",\"publisher\":{\"@id\":\"https:\/\/ditcheyenne.com\/#\/schema\/person\/ebb98861576534004f1031ef7e41fb21\"},\"potentialAction\":[{\"@type\":\"SearchAction\",\"target\":{\"@type\":\"EntryPoint\",\"urlTemplate\":\"https:\/\/ditcheyenne.com\/?s={search_term_string}\"},\"query-input\":{\"@type\":\"PropertyValueSpecification\",\"valueRequired\":true,\"valueName\":\"search_term_string\"}}],\"inLanguage\":\"en-GB\"},{\"@type\":[\"Person\",\"Organization\"],\"@id\":\"https:\/\/ditcheyenne.com\/#\/schema\/person\/ebb98861576534004f1031ef7e41fb21\",\"name\":\"Dit Cheyenne\",\"image\":{\"@type\":\"ImageObject\",\"inLanguage\":\"en-GB\",\"@id\":\"https:\/\/ditcheyenne.com\/#\/schema\/person\/image\/\",\"url\":\"https:\/\/ditcheyenne.com\/wp-content\/uploads\/2022\/09\/LOGO-DITCHEYENNE-2.png\",\"contentUrl\":\"https:\/\/ditcheyenne.com\/wp-content\/uploads\/2022\/09\/LOGO-DITCHEYENNE-2.png\",\"width\":500,\"height\":102,\"caption\":\"Dit Cheyenne\"},\"logo\":{\"@id\":\"https:\/\/ditcheyenne.com\/#\/schema\/person\/image\/\"},\"sameAs\":[\"http:\/\/ditcheyenne.com\",\"https:\/\/www.facebook.com\/profile.php?id=100063726633338\",\"https:\/\/www.instagram.com\/ditcheyenne\/\",\"https:\/\/www.youtube.com\/channel\/UCnXrhWXa8xOas31qcK3f_1Q\"]}]}<\/script>\n<meta property=\"product:price:amount\" content=\"230.00\" \/>\n<meta property=\"product:price:currency\" content=\"EUR\" \/>\n<meta property=\"og:availability\" content=\"instock\" \/>\n<meta property=\"product:availability\" content=\"instock\" \/>\n<meta property=\"product:condition\" content=\"new\" \/>\n<!-- \/ Yoast SEO plugin. -->","yoast_head_json":{"title":"PALM OIL FREE | Dit Cheyenne","robots":{"index":"index","follow":"follow","max-snippet":"max-snippet:-1","max-image-preview":"max-image-preview:large","max-video-preview":"max-video-preview:-1"},"canonical":"https:\/\/ditcheyenne.com\/en\/shop\/tirages-digigraphie\/palm-oil-free\/","og_locale":"en_GB","og_type":"article","og_title":"PALM OIL FREE | Dit Cheyenne","og_description":"\u00abPALM OIL FREE\u00bb Albert Einstein a dit \u00ab S&rsquo;il fallait un jour que les for\u00eats disparaissent, l&rsquo;homme n&rsquo;aurait plus que son\u00a0 arbre g\u00e9n\u00e9alogique pour pleurer \u00bb L\u2019orang-outan est le symbole de la Sagesse Int\u00e9rieure qui nous guide en toutes situations et \u00e9motions . Cet Esprit est une \u00c2me bienveillante et g\u00e9n\u00e9reuse. Il est le lien [&hellip;]","og_url":"https:\/\/ditcheyenne.com\/en\/shop\/tirages-digigraphie\/palm-oil-free\/","og_site_name":"Dit Cheyenne","article_publisher":"https:\/\/www.facebook.com\/profile.php?id=100063726633338","article_modified_time":"2023-08-01T06:40:48+00:00","og_image":[{"width":1600,"height":1600,"url":"https:\/\/ditcheyenne.com\/wp-content\/uploads\/2022\/09\/PALM-OIL-FREE-001.jpg","type":"image\/jpeg"}],"twitter_card":"summary_large_image","schema":{"@context":"https:\/\/schema.org","@graph":[{"@type":"WebPage","@id":"https:\/\/ditcheyenne.com\/shop\/tirages-digigraphie\/palm-oil-free\/","url":"https:\/\/ditcheyenne.com\/shop\/tirages-digigraphie\/palm-oil-free\/","name":"PALM OIL FREE | Dit Cheyenne","isPartOf":{"@id":"https:\/\/ditcheyenne.com\/#website"},"primaryImageOfPage":{"@id":"https:\/\/ditcheyenne.com\/shop\/tirages-digigraphie\/palm-oil-free\/#primaryimage"},"image":{"@id":"https:\/\/ditcheyenne.com\/shop\/tirages-digigraphie\/palm-oil-free\/#primaryimage"},"thumbnailUrl":"https:\/\/ditcheyenne.com\/wp-content\/uploads\/2022\/09\/PALM-OIL-FREE-001.jpg","datePublished":"2022-09-29T14:49:19+00:00","dateModified":"2023-08-01T06:40:48+00:00","breadcrumb":{"@id":"https:\/\/ditcheyenne.com\/shop\/tirages-digigraphie\/palm-oil-free\/#breadcrumb"},"inLanguage":"en-GB","potentialAction":[{"@type":"ReadAction","target":["https:\/\/ditcheyenne.com\/shop\/tirages-digigraphie\/palm-oil-free\/"]}]},{"@type":"ImageObject","inLanguage":"en-GB","@id":"https:\/\/ditcheyenne.com\/shop\/tirages-digigraphie\/palm-oil-free\/#primaryimage","url":"https:\/\/ditcheyenne.com\/wp-content\/uploads\/2022\/09\/PALM-OIL-FREE-001.jpg","contentUrl":"https:\/\/ditcheyenne.com\/wp-content\/uploads\/2022\/09\/PALM-OIL-FREE-001.jpg","width":1600,"height":1600,"caption":"Dessin singe"},{"@type":"BreadcrumbList","@id":"https:\/\/ditcheyenne.com\/shop\/tirages-digigraphie\/palm-oil-free\/#breadcrumb","itemListElement":[{"@type":"ListItem","position":1,"name":"Accueil","item":"https:\/\/ditcheyenne.com\/"},{"@type":"ListItem","position":2,"name":"Shop","item":"https:\/\/ditcheyenne.com\/shop\/"},{"@type":"ListItem","position":3,"name":"PALM OIL FREE"}]},{"@type":"WebSite","@id":"https:\/\/ditcheyenne.com\/#website","url":"https:\/\/ditcheyenne.com\/","name":"Dit Cheyenne","description":"Artiste","publisher":{"@id":"https:\/\/ditcheyenne.com\/#\/schema\/person\/ebb98861576534004f1031ef7e41fb21"},"potentialAction":[{"@type":"SearchAction","target":{"@type":"EntryPoint","urlTemplate":"https:\/\/ditcheyenne.com\/?s={search_term_string}"},"query-input":{"@type":"PropertyValueSpecification","valueRequired":true,"valueName":"search_term_string"}}],"inLanguage":"en-GB"},{"@type":["Person","Organization"],"@id":"https:\/\/ditcheyenne.com\/#\/schema\/person\/ebb98861576534004f1031ef7e41fb21","name":"Dit Cheyenne","image":{"@type":"ImageObject","inLanguage":"en-GB","@id":"https:\/\/ditcheyenne.com\/#\/schema\/person\/image\/","url":"https:\/\/ditcheyenne.com\/wp-content\/uploads\/2022\/09\/LOGO-DITCHEYENNE-2.png","contentUrl":"https:\/\/ditcheyenne.com\/wp-content\/uploads\/2022\/09\/LOGO-DITCHEYENNE-2.png","width":500,"height":102,"caption":"Dit Cheyenne"},"logo":{"@id":"https:\/\/ditcheyenne.com\/#\/schema\/person\/image\/"},"sameAs":["http:\/\/ditcheyenne.com","https:\/\/www.facebook.com\/profile.php?id=100063726633338","https:\/\/www.instagram.com\/ditcheyenne\/","https:\/\/www.youtube.com\/channel\/UCnXrhWXa8xOas31qcK3f_1Q"]}]},"product_price_amount":"230.00","product_price_currency":"EUR","og_availability":"instock","product_availability":"instock","product_condition":"new"},"_links":{"self":[{"href":"https:\/\/ditcheyenne.com\/en\/wp-json\/wp\/v2\/product\/355","targetHints":{"allow":["GET"]}}],"collection":[{"href":"https:\/\/ditcheyenne.com\/en\/wp-json\/wp\/v2\/product"}],"about":[{"href":"https:\/\/ditcheyenne.com\/en\/wp-json\/wp\/v2\/types\/product"}],"replies":[{"embeddable":true,"href":"https:\/\/ditcheyenne.com\/en\/wp-json\/wp\/v2\/comments?post=355"}],"wp:featuredmedia":[{"embeddable":true,"href":"https:\/\/ditcheyenne.com\/en\/wp-json\/wp\/v2\/media\/356"}],"wp:attachment":[{"href":"https:\/\/ditcheyenne.com\/en\/wp-json\/wp\/v2\/media?parent=355"}],"wp:term":[{"taxonomy":"product_brand","embeddable":true,"href":"https:\/\/ditcheyenne.com\/en\/wp-json\/wp\/v2\/product_brand?post=355"},{"taxonomy":"product_cat","embeddable":true,"href":"https:\/\/ditcheyenne.com\/en\/wp-json\/wp\/v2\/product_cat?post=355"},{"taxonomy":"product_tag","embeddable":true,"href":"https:\/\/ditcheyenne.com\/en\/wp-json\/wp\/v2\/product_tag?post=355"}],"curies":[{"name":"wp","href":"https:\/\/api.w.org\/{rel}","templated":true}]}}