{"id":1769,"date":"2025-06-03T14:11:13","date_gmt":"2025-06-03T12:11:13","guid":{"rendered":"https:\/\/ditcheyenne.com\/?post_type=product&#038;p=1769"},"modified":"2025-06-03T18:45:59","modified_gmt":"2025-06-03T16:45:59","slug":"sumati","status":"publish","type":"product","link":"https:\/\/ditcheyenne.com\/en\/shop\/colliers-tibetains\/sumati\/","title":{"rendered":"SUMATI"},"content":{"rendered":"<p><em>Sumati signifie Esprit Sage \u00a0ou \u00a0Pens\u00e9es Positives et trouve ses origines dans le tib\u00e9tain et le sanskrit.<\/em><\/p>\n<p><em>\u00a0\u00bb Le troisi\u00e8me corps est l&rsquo;Esprit Positif, aussi appel\u00e9 esprit expansif et projectif. Il est plein d&rsquo;espoir, optimiste, cr\u00e9atif et joueur. Il recherche le bon c\u00f4t\u00e9 des choses et est ouvert aux nouvelles opportunit\u00e9s. Les personnes dot\u00e9es d&rsquo;un Esprit Positif \u00e9quilibr\u00e9 d\u00e9gagent une joie contagieuse et une \u00e9nergie magn\u00e9tique, et peuvent \u00e9lever et inspirer leur entourage. Elles sont attentionn\u00e9es, bienveillantes, humbles, optimistes et sages.\u00a0\u00bb \u00a0Extrait d&rsquo;un texte du Dala\u00ef Lama.<\/em><\/p>\n<p><em>J&rsquo;ai trouv\u00e9 ce bijou au monast\u00e8re de Thiksey, Ladakh en mai 2025 .<\/em><\/p>","protected":false},"excerpt":{"rendered":"<p><i>Il y a moins de deux mois, j&rsquo;arpentais pour la premi\u00e8re fois les montagnes de l&rsquo;Himalaya sur les terres du Ladakh.<\/i><\/p>\n<p><i>J&rsquo;avais essay\u00e9 trois fois auparavant d&rsquo;atteindre ces terres lointaines des territoires du nord de l&rsquo;Inde en moto. Sans succ\u00e8s, les conditions climatiques n&rsquo;\u00e9taient pas r\u00e9unies.<\/i><\/p>\n<p><i>Il a fallu de peu pour que la neige nous emp\u00eache une nouvelle fois d&rsquo;y aller, et finalement, la neige s&rsquo;est arr\u00eat\u00e9e de tomber et nous sommes arriver \u00e0 Leh \u00e0 3600 m d&rsquo;altitude.<\/i><\/p>\n<p><i>Le Ladakh m&rsquo;a conquis, m&rsquo;a immerg\u00e9 dans une puret\u00e9 de l&rsquo;\u00eatre et de la nature que j&rsquo;avais ressenti quand j&rsquo;avais travers\u00e9 le Tibet en 2012.\u00a0<\/i><\/p>\n<p><i>La Philosophie, l&rsquo;Energie, la supr\u00e9matie de la Nature et les \u00catres qui vivent dans ces terres en altitude ne sont qu&rsquo;une source d&rsquo;inspiration constante.<\/i><\/p>\n<p><i>Au d\u00e9tour de diff\u00e9rents monast\u00e8res, et villages j&rsquo;ai voulu collecter une trace de cette terre lointaine et la partager.<\/i><\/p>\n<p><i>Voici 10 colliers tib\u00e9tains, chaque pi\u00e8ce est unique et assembl\u00e9e \u00e0 la main. Des perles, des pierres, du cuivre et du laiton.\u00a0<\/i><\/p>","protected":false},"featured_media":1765,"comment_status":"open","ping_status":"closed","template":"","meta":[],"product_brand":[],"product_cat":[57],"product_tag":[],"class_list":{"0":"post-1769","1":"product","2":"type-product","3":"status-publish","4":"has-post-thumbnail","6":"product_cat-colliers-tibetains","8":"first","9":"instock","10":"shipping-taxable","11":"purchasable","12":"product-type-simple"},"yoast_head":"<!-- This site is optimized with the Yoast SEO plugin v26.6 - https:\/\/yoast.com\/wordpress\/plugins\/seo\/ -->\n<title>SUMATI | Dit Cheyenne<\/title>\n<meta name=\"robots\" content=\"index, follow, max-snippet:-1, max-image-preview:large, max-video-preview:-1\" \/>\n<link rel=\"canonical\" href=\"https:\/\/ditcheyenne.com\/en\/shop\/colliers-tibetains\/sumati\/\" \/>\n<meta property=\"og:locale\" content=\"en_GB\" \/>\n<meta property=\"og:type\" content=\"article\" \/>\n<meta property=\"og:title\" content=\"SUMATI | Dit Cheyenne\" \/>\n<meta property=\"og:description\" content=\"Il y a moins de deux mois, j&#039;arpentais pour la premi\u00e8re fois les montagnes de l&#039;Himalaya sur les terres du Ladakh.  J&#039;avais essay\u00e9 trois fois auparavant d&#039;atteindre ces terres lointaines des territoires du nord de l&#039;Inde en moto. Sans succ\u00e8s, les conditions climatiques n&#039;\u00e9taient pas r\u00e9unies.  Il a fallu de peu pour que la neige nous emp\u00eache une nouvelle fois d&#039;y aller, et finalement, la neige s&#039;est arr\u00eat\u00e9e de tomber et nous sommes arriver \u00e0 Leh \u00e0 3600 m d&#039;altitude.  Le Ladakh m&#039;a conquis, m&#039;a immerg\u00e9 dans une puret\u00e9 de l&#039;\u00eatre et de la nature que j&#039;avais ressenti quand j&#039;avais travers\u00e9 le Tibet en 2012.\u00a0  La Philosophie, l&#039;Energie, la supr\u00e9matie de la Nature et les \u00catres qui vivent dans ces terres en altitude ne sont qu&#039;une source d&#039;inspiration constante.  Au d\u00e9tour de diff\u00e9rents monast\u00e8res, et villages j&#039;ai voulu collecter une trace de cette terre lointaine et la partager.  Voici 10 colliers tib\u00e9tains, chaque pi\u00e8ce est unique et assembl\u00e9e \u00e0 la main. Des perles, des pierres, du cuivre et du laiton.\u00a0\" \/>\n<meta property=\"og:url\" content=\"https:\/\/ditcheyenne.com\/en\/shop\/colliers-tibetains\/sumati\/\" \/>\n<meta property=\"og:site_name\" content=\"Dit Cheyenne\" \/>\n<meta property=\"article:publisher\" content=\"https:\/\/www.facebook.com\/profile.php?id=100063726633338\" \/>\n<meta property=\"article:modified_time\" content=\"2025-06-03T16:45:59+00:00\" \/>\n<meta property=\"og:image\" content=\"https:\/\/ditcheyenne.com\/wp-content\/uploads\/2025\/06\/A-3.jpg\" \/>\n\t<meta property=\"og:image:width\" content=\"1181\" \/>\n\t<meta property=\"og:image:height\" content=\"1568\" \/>\n\t<meta property=\"og:image:type\" content=\"image\/jpeg\" \/>\n<meta name=\"twitter:card\" content=\"summary_large_image\" \/>\n<script type=\"application\/ld+json\" class=\"yoast-schema-graph\">{\"@context\":\"https:\/\/schema.org\",\"@graph\":[{\"@type\":\"WebPage\",\"@id\":\"https:\/\/ditcheyenne.com\/shop\/colliers-tibetains\/sumati\/\",\"url\":\"https:\/\/ditcheyenne.com\/shop\/colliers-tibetains\/sumati\/\",\"name\":\"SUMATI | Dit Cheyenne\",\"isPartOf\":{\"@id\":\"https:\/\/ditcheyenne.com\/#website\"},\"primaryImageOfPage\":{\"@id\":\"https:\/\/ditcheyenne.com\/shop\/colliers-tibetains\/sumati\/#primaryimage\"},\"image\":{\"@id\":\"https:\/\/ditcheyenne.com\/shop\/colliers-tibetains\/sumati\/#primaryimage\"},\"thumbnailUrl\":\"https:\/\/ditcheyenne.com\/wp-content\/uploads\/2025\/06\/A-3.jpg\",\"datePublished\":\"2025-06-03T12:11:13+00:00\",\"dateModified\":\"2025-06-03T16:45:59+00:00\",\"breadcrumb\":{\"@id\":\"https:\/\/ditcheyenne.com\/shop\/colliers-tibetains\/sumati\/#breadcrumb\"},\"inLanguage\":\"en-GB\",\"potentialAction\":[{\"@type\":\"ReadAction\",\"target\":[\"https:\/\/ditcheyenne.com\/shop\/colliers-tibetains\/sumati\/\"]}]},{\"@type\":\"ImageObject\",\"inLanguage\":\"en-GB\",\"@id\":\"https:\/\/ditcheyenne.com\/shop\/colliers-tibetains\/sumati\/#primaryimage\",\"url\":\"https:\/\/ditcheyenne.com\/wp-content\/uploads\/2025\/06\/A-3.jpg\",\"contentUrl\":\"https:\/\/ditcheyenne.com\/wp-content\/uploads\/2025\/06\/A-3.jpg\",\"width\":1181,\"height\":1568,\"caption\":\"Screenshot\"},{\"@type\":\"BreadcrumbList\",\"@id\":\"https:\/\/ditcheyenne.com\/shop\/colliers-tibetains\/sumati\/#breadcrumb\",\"itemListElement\":[{\"@type\":\"ListItem\",\"position\":1,\"name\":\"Accueil\",\"item\":\"https:\/\/ditcheyenne.com\/\"},{\"@type\":\"ListItem\",\"position\":2,\"name\":\"Shop\",\"item\":\"https:\/\/ditcheyenne.com\/shop\/\"},{\"@type\":\"ListItem\",\"position\":3,\"name\":\"SUMATI\"}]},{\"@type\":\"WebSite\",\"@id\":\"https:\/\/ditcheyenne.com\/#website\",\"url\":\"https:\/\/ditcheyenne.com\/\",\"name\":\"Dit Cheyenne\",\"description\":\"Artiste\",\"publisher\":{\"@id\":\"https:\/\/ditcheyenne.com\/#\/schema\/person\/ebb98861576534004f1031ef7e41fb21\"},\"potentialAction\":[{\"@type\":\"SearchAction\",\"target\":{\"@type\":\"EntryPoint\",\"urlTemplate\":\"https:\/\/ditcheyenne.com\/?s={search_term_string}\"},\"query-input\":{\"@type\":\"PropertyValueSpecification\",\"valueRequired\":true,\"valueName\":\"search_term_string\"}}],\"inLanguage\":\"en-GB\"},{\"@type\":[\"Person\",\"Organization\"],\"@id\":\"https:\/\/ditcheyenne.com\/#\/schema\/person\/ebb98861576534004f1031ef7e41fb21\",\"name\":\"Dit Cheyenne\",\"image\":{\"@type\":\"ImageObject\",\"inLanguage\":\"en-GB\",\"@id\":\"https:\/\/ditcheyenne.com\/#\/schema\/person\/image\/\",\"url\":\"https:\/\/ditcheyenne.com\/wp-content\/uploads\/2022\/09\/LOGO-DITCHEYENNE-2.png\",\"contentUrl\":\"https:\/\/ditcheyenne.com\/wp-content\/uploads\/2022\/09\/LOGO-DITCHEYENNE-2.png\",\"width\":500,\"height\":102,\"caption\":\"Dit Cheyenne\"},\"logo\":{\"@id\":\"https:\/\/ditcheyenne.com\/#\/schema\/person\/image\/\"},\"sameAs\":[\"http:\/\/ditcheyenne.com\",\"https:\/\/www.facebook.com\/profile.php?id=100063726633338\",\"https:\/\/www.instagram.com\/ditcheyenne\/\",\"https:\/\/www.youtube.com\/channel\/UCnXrhWXa8xOas31qcK3f_1Q\"]}]}<\/script>\n<meta property=\"product:price:amount\" content=\"55.00\" \/>\n<meta property=\"product:price:currency\" content=\"EUR\" \/>\n<meta property=\"og:availability\" content=\"instock\" \/>\n<meta property=\"product:availability\" content=\"instock\" \/>\n<meta property=\"product:condition\" content=\"new\" \/>\n<!-- \/ Yoast SEO plugin. -->","yoast_head_json":{"title":"SUMATI | Dit Cheyenne","robots":{"index":"index","follow":"follow","max-snippet":"max-snippet:-1","max-image-preview":"max-image-preview:large","max-video-preview":"max-video-preview:-1"},"canonical":"https:\/\/ditcheyenne.com\/en\/shop\/colliers-tibetains\/sumati\/","og_locale":"en_GB","og_type":"article","og_title":"SUMATI | Dit Cheyenne","og_description":"Il y a moins de deux mois, j'arpentais pour la premi\u00e8re fois les montagnes de l'Himalaya sur les terres du Ladakh.  J'avais essay\u00e9 trois fois auparavant d'atteindre ces terres lointaines des territoires du nord de l'Inde en moto. Sans succ\u00e8s, les conditions climatiques n'\u00e9taient pas r\u00e9unies.  Il a fallu de peu pour que la neige nous emp\u00eache une nouvelle fois d'y aller, et finalement, la neige s'est arr\u00eat\u00e9e de tomber et nous sommes arriver \u00e0 Leh \u00e0 3600 m d'altitude.  Le Ladakh m'a conquis, m'a immerg\u00e9 dans une puret\u00e9 de l'\u00eatre et de la nature que j'avais ressenti quand j'avais travers\u00e9 le Tibet en 2012.\u00a0  La Philosophie, l'Energie, la supr\u00e9matie de la Nature et les \u00catres qui vivent dans ces terres en altitude ne sont qu'une source d'inspiration constante.  Au d\u00e9tour de diff\u00e9rents monast\u00e8res, et villages j'ai voulu collecter une trace de cette terre lointaine et la partager.  Voici 10 colliers tib\u00e9tains, chaque pi\u00e8ce est unique et assembl\u00e9e \u00e0 la main. Des perles, des pierres, du cuivre et du laiton.\u00a0","og_url":"https:\/\/ditcheyenne.com\/en\/shop\/colliers-tibetains\/sumati\/","og_site_name":"Dit Cheyenne","article_publisher":"https:\/\/www.facebook.com\/profile.php?id=100063726633338","article_modified_time":"2025-06-03T16:45:59+00:00","og_image":[{"width":1181,"height":1568,"url":"https:\/\/ditcheyenne.com\/wp-content\/uploads\/2025\/06\/A-3.jpg","type":"image\/jpeg"}],"twitter_card":"summary_large_image","schema":{"@context":"https:\/\/schema.org","@graph":[{"@type":"WebPage","@id":"https:\/\/ditcheyenne.com\/shop\/colliers-tibetains\/sumati\/","url":"https:\/\/ditcheyenne.com\/shop\/colliers-tibetains\/sumati\/","name":"SUMATI | Dit Cheyenne","isPartOf":{"@id":"https:\/\/ditcheyenne.com\/#website"},"primaryImageOfPage":{"@id":"https:\/\/ditcheyenne.com\/shop\/colliers-tibetains\/sumati\/#primaryimage"},"image":{"@id":"https:\/\/ditcheyenne.com\/shop\/colliers-tibetains\/sumati\/#primaryimage"},"thumbnailUrl":"https:\/\/ditcheyenne.com\/wp-content\/uploads\/2025\/06\/A-3.jpg","datePublished":"2025-06-03T12:11:13+00:00","dateModified":"2025-06-03T16:45:59+00:00","breadcrumb":{"@id":"https:\/\/ditcheyenne.com\/shop\/colliers-tibetains\/sumati\/#breadcrumb"},"inLanguage":"en-GB","potentialAction":[{"@type":"ReadAction","target":["https:\/\/ditcheyenne.com\/shop\/colliers-tibetains\/sumati\/"]}]},{"@type":"ImageObject","inLanguage":"en-GB","@id":"https:\/\/ditcheyenne.com\/shop\/colliers-tibetains\/sumati\/#primaryimage","url":"https:\/\/ditcheyenne.com\/wp-content\/uploads\/2025\/06\/A-3.jpg","contentUrl":"https:\/\/ditcheyenne.com\/wp-content\/uploads\/2025\/06\/A-3.jpg","width":1181,"height":1568,"caption":"Screenshot"},{"@type":"BreadcrumbList","@id":"https:\/\/ditcheyenne.com\/shop\/colliers-tibetains\/sumati\/#breadcrumb","itemListElement":[{"@type":"ListItem","position":1,"name":"Accueil","item":"https:\/\/ditcheyenne.com\/"},{"@type":"ListItem","position":2,"name":"Shop","item":"https:\/\/ditcheyenne.com\/shop\/"},{"@type":"ListItem","position":3,"name":"SUMATI"}]},{"@type":"WebSite","@id":"https:\/\/ditcheyenne.com\/#website","url":"https:\/\/ditcheyenne.com\/","name":"Dit Cheyenne","description":"Artiste","publisher":{"@id":"https:\/\/ditcheyenne.com\/#\/schema\/person\/ebb98861576534004f1031ef7e41fb21"},"potentialAction":[{"@type":"SearchAction","target":{"@type":"EntryPoint","urlTemplate":"https:\/\/ditcheyenne.com\/?s={search_term_string}"},"query-input":{"@type":"PropertyValueSpecification","valueRequired":true,"valueName":"search_term_string"}}],"inLanguage":"en-GB"},{"@type":["Person","Organization"],"@id":"https:\/\/ditcheyenne.com\/#\/schema\/person\/ebb98861576534004f1031ef7e41fb21","name":"Dit Cheyenne","image":{"@type":"ImageObject","inLanguage":"en-GB","@id":"https:\/\/ditcheyenne.com\/#\/schema\/person\/image\/","url":"https:\/\/ditcheyenne.com\/wp-content\/uploads\/2022\/09\/LOGO-DITCHEYENNE-2.png","contentUrl":"https:\/\/ditcheyenne.com\/wp-content\/uploads\/2022\/09\/LOGO-DITCHEYENNE-2.png","width":500,"height":102,"caption":"Dit Cheyenne"},"logo":{"@id":"https:\/\/ditcheyenne.com\/#\/schema\/person\/image\/"},"sameAs":["http:\/\/ditcheyenne.com","https:\/\/www.facebook.com\/profile.php?id=100063726633338","https:\/\/www.instagram.com\/ditcheyenne\/","https:\/\/www.youtube.com\/channel\/UCnXrhWXa8xOas31qcK3f_1Q"]}]},"product_price_amount":"55.00","product_price_currency":"EUR","og_availability":"instock","product_availability":"instock","product_condition":"new"},"_links":{"self":[{"href":"https:\/\/ditcheyenne.com\/en\/wp-json\/wp\/v2\/product\/1769","targetHints":{"allow":["GET"]}}],"collection":[{"href":"https:\/\/ditcheyenne.com\/en\/wp-json\/wp\/v2\/product"}],"about":[{"href":"https:\/\/ditcheyenne.com\/en\/wp-json\/wp\/v2\/types\/product"}],"replies":[{"embeddable":true,"href":"https:\/\/ditcheyenne.com\/en\/wp-json\/wp\/v2\/comments?post=1769"}],"wp:featuredmedia":[{"embeddable":true,"href":"https:\/\/ditcheyenne.com\/en\/wp-json\/wp\/v2\/media\/1765"}],"wp:attachment":[{"href":"https:\/\/ditcheyenne.com\/en\/wp-json\/wp\/v2\/media?parent=1769"}],"wp:term":[{"taxonomy":"product_brand","embeddable":true,"href":"https:\/\/ditcheyenne.com\/en\/wp-json\/wp\/v2\/product_brand?post=1769"},{"taxonomy":"product_cat","embeddable":true,"href":"https:\/\/ditcheyenne.com\/en\/wp-json\/wp\/v2\/product_cat?post=1769"},{"taxonomy":"product_tag","embeddable":true,"href":"https:\/\/ditcheyenne.com\/en\/wp-json\/wp\/v2\/product_tag?post=1769"}],"curies":[{"name":"wp","href":"https:\/\/api.w.org\/{rel}","templated":true}]}}