{"id":1664,"date":"2023-05-09T07:49:10","date_gmt":"2023-05-09T05:49:10","guid":{"rendered":"https:\/\/ditcheyenne.com\/?post_type=product&#038;p=1664"},"modified":"2023-08-01T08:39:54","modified_gmt":"2023-08-01T06:39:54","slug":"the-queen-warrior","status":"publish","type":"product","link":"https:\/\/ditcheyenne.com\/en\/shop\/tirages-digigraphie\/the-queen-warrior\/","title":{"rendered":"THE QUEEN WARRIOR"},"content":{"rendered":"<p>\u00ab THE QUEEN WARRIOR \u00bb<\/p>\n<p class=\"translation-block\">This Spirit guides in the darkness, and helps to find answers, to accept them and to heal from them. \nShe is the one who observes the World in silence, without ever rushing.\nShe shows the truth, she leads to following the unusual, to unknown territories and finding the path to self-discovery.\nThis Spirit gives confidence in the future and pushes to embrace the unknown.<\/p>\n<p class=\"translation-block\">19.69 x 19.69 inches, 330g Art paper, Digigraphie\u00ae process: 220 euros<br>\nSignature and date of the artist on the back.<\/p>\n<p class=\"translation-block\">The Digigraphie\u00ae process is comparable to Lithography. Digital process, the inks used\nare based on pigments (mineral) encapsulated in resin which ensure the durability of the reproduction of Art over time for several generations.<\/p>\n<p class=\"translation-block\">Shipped in a protective packaging (cardboard tube).\nSold unframed\nWorldwide shipping\nShipping price includes insurance.\nThe price includes VAT.<\/p>","protected":false},"excerpt":{"rendered":"<p>\u00ab THE QUEEN WARRIOR \u00bb Cet Esprit guide dans l\u2019obscurit\u00e9, et aide \u00e0 trouver des r\u00e9ponses, \u00e0 les accepter et en gu\u00e9rir. Elle est celle qui observe le Monde en silence, sans jamais se pr\u00e9cipiter. Elle montre la v\u00e9rit\u00e9, elle am\u00e8ne \u00e0 suivre l&rsquo;inhabituel, \u00e0 emprunter des territoires inconnus et trouver le\u00a0 chemin de la [&hellip;]<\/p>","protected":false},"featured_media":1665,"comment_status":"open","ping_status":"closed","template":"","meta":[],"product_brand":[],"product_cat":[23],"product_tag":[],"class_list":{"0":"post-1664","1":"product","2":"type-product","3":"status-publish","4":"has-post-thumbnail","6":"product_cat-tirages-digigraphie","8":"first","9":"instock","10":"shipping-taxable","11":"purchasable","12":"product-type-simple"},"yoast_head":"<!-- This site is optimized with the Yoast SEO plugin v26.6 - https:\/\/yoast.com\/wordpress\/plugins\/seo\/ -->\n<title>THE QUEEN WARRIOR | Dit Cheyenne<\/title>\n<meta name=\"robots\" content=\"index, follow, max-snippet:-1, max-image-preview:large, max-video-preview:-1\" \/>\n<link rel=\"canonical\" href=\"https:\/\/ditcheyenne.com\/en\/shop\/tirages-digigraphie\/the-queen-warrior\/\" \/>\n<meta property=\"og:locale\" content=\"en_GB\" \/>\n<meta property=\"og:type\" content=\"article\" \/>\n<meta property=\"og:title\" content=\"THE QUEEN WARRIOR | Dit Cheyenne\" \/>\n<meta property=\"og:description\" content=\"\u00ab THE QUEEN WARRIOR \u00bb Cet Esprit guide dans l\u2019obscurit\u00e9, et aide \u00e0 trouver des r\u00e9ponses, \u00e0 les accepter et en gu\u00e9rir. Elle est celle qui observe le Monde en silence, sans jamais se pr\u00e9cipiter. Elle montre la v\u00e9rit\u00e9, elle am\u00e8ne \u00e0 suivre l&rsquo;inhabituel, \u00e0 emprunter des territoires inconnus et trouver le\u00a0 chemin de la [&hellip;]\" \/>\n<meta property=\"og:url\" content=\"https:\/\/ditcheyenne.com\/en\/shop\/tirages-digigraphie\/the-queen-warrior\/\" \/>\n<meta property=\"og:site_name\" content=\"Dit Cheyenne\" \/>\n<meta property=\"article:publisher\" content=\"https:\/\/www.facebook.com\/profile.php?id=100063726633338\" \/>\n<meta property=\"article:modified_time\" content=\"2023-08-01T06:39:54+00:00\" \/>\n<meta property=\"og:image\" content=\"https:\/\/ditcheyenne.com\/wp-content\/uploads\/2023\/05\/the-queen-warrior.jpg\" \/>\n\t<meta property=\"og:image:width\" content=\"1600\" \/>\n\t<meta property=\"og:image:height\" content=\"1600\" \/>\n\t<meta property=\"og:image:type\" content=\"image\/jpeg\" \/>\n<meta name=\"twitter:card\" content=\"summary_large_image\" \/>\n<script type=\"application\/ld+json\" class=\"yoast-schema-graph\">{\"@context\":\"https:\/\/schema.org\",\"@graph\":[{\"@type\":\"WebPage\",\"@id\":\"https:\/\/ditcheyenne.com\/shop\/tirages-digigraphie\/the-queen-warrior\/\",\"url\":\"https:\/\/ditcheyenne.com\/shop\/tirages-digigraphie\/the-queen-warrior\/\",\"name\":\"THE QUEEN WARRIOR | Dit Cheyenne\",\"isPartOf\":{\"@id\":\"https:\/\/ditcheyenne.com\/#website\"},\"primaryImageOfPage\":{\"@id\":\"https:\/\/ditcheyenne.com\/shop\/tirages-digigraphie\/the-queen-warrior\/#primaryimage\"},\"image\":{\"@id\":\"https:\/\/ditcheyenne.com\/shop\/tirages-digigraphie\/the-queen-warrior\/#primaryimage\"},\"thumbnailUrl\":\"https:\/\/ditcheyenne.com\/wp-content\/uploads\/2023\/05\/the-queen-warrior.jpg\",\"datePublished\":\"2023-05-09T05:49:10+00:00\",\"dateModified\":\"2023-08-01T06:39:54+00:00\",\"breadcrumb\":{\"@id\":\"https:\/\/ditcheyenne.com\/shop\/tirages-digigraphie\/the-queen-warrior\/#breadcrumb\"},\"inLanguage\":\"en-GB\",\"potentialAction\":[{\"@type\":\"ReadAction\",\"target\":[\"https:\/\/ditcheyenne.com\/shop\/tirages-digigraphie\/the-queen-warrior\/\"]}]},{\"@type\":\"ImageObject\",\"inLanguage\":\"en-GB\",\"@id\":\"https:\/\/ditcheyenne.com\/shop\/tirages-digigraphie\/the-queen-warrior\/#primaryimage\",\"url\":\"https:\/\/ditcheyenne.com\/wp-content\/uploads\/2023\/05\/the-queen-warrior.jpg\",\"contentUrl\":\"https:\/\/ditcheyenne.com\/wp-content\/uploads\/2023\/05\/the-queen-warrior.jpg\",\"width\":1600,\"height\":1600},{\"@type\":\"BreadcrumbList\",\"@id\":\"https:\/\/ditcheyenne.com\/shop\/tirages-digigraphie\/the-queen-warrior\/#breadcrumb\",\"itemListElement\":[{\"@type\":\"ListItem\",\"position\":1,\"name\":\"Accueil\",\"item\":\"https:\/\/ditcheyenne.com\/\"},{\"@type\":\"ListItem\",\"position\":2,\"name\":\"Shop\",\"item\":\"https:\/\/ditcheyenne.com\/shop\/\"},{\"@type\":\"ListItem\",\"position\":3,\"name\":\"THE QUEEN WARRIOR\"}]},{\"@type\":\"WebSite\",\"@id\":\"https:\/\/ditcheyenne.com\/#website\",\"url\":\"https:\/\/ditcheyenne.com\/\",\"name\":\"Dit Cheyenne\",\"description\":\"Artiste\",\"publisher\":{\"@id\":\"https:\/\/ditcheyenne.com\/#\/schema\/person\/ebb98861576534004f1031ef7e41fb21\"},\"potentialAction\":[{\"@type\":\"SearchAction\",\"target\":{\"@type\":\"EntryPoint\",\"urlTemplate\":\"https:\/\/ditcheyenne.com\/?s={search_term_string}\"},\"query-input\":{\"@type\":\"PropertyValueSpecification\",\"valueRequired\":true,\"valueName\":\"search_term_string\"}}],\"inLanguage\":\"en-GB\"},{\"@type\":[\"Person\",\"Organization\"],\"@id\":\"https:\/\/ditcheyenne.com\/#\/schema\/person\/ebb98861576534004f1031ef7e41fb21\",\"name\":\"Dit Cheyenne\",\"image\":{\"@type\":\"ImageObject\",\"inLanguage\":\"en-GB\",\"@id\":\"https:\/\/ditcheyenne.com\/#\/schema\/person\/image\/\",\"url\":\"https:\/\/ditcheyenne.com\/wp-content\/uploads\/2022\/09\/LOGO-DITCHEYENNE-2.png\",\"contentUrl\":\"https:\/\/ditcheyenne.com\/wp-content\/uploads\/2022\/09\/LOGO-DITCHEYENNE-2.png\",\"width\":500,\"height\":102,\"caption\":\"Dit Cheyenne\"},\"logo\":{\"@id\":\"https:\/\/ditcheyenne.com\/#\/schema\/person\/image\/\"},\"sameAs\":[\"http:\/\/ditcheyenne.com\",\"https:\/\/www.facebook.com\/profile.php?id=100063726633338\",\"https:\/\/www.instagram.com\/ditcheyenne\/\",\"https:\/\/www.youtube.com\/channel\/UCnXrhWXa8xOas31qcK3f_1Q\"]}]}<\/script>\n<meta property=\"product:price:amount\" content=\"230.00\" \/>\n<meta property=\"product:price:currency\" content=\"EUR\" \/>\n<meta property=\"og:availability\" content=\"instock\" \/>\n<meta property=\"product:availability\" content=\"instock\" \/>\n<meta property=\"product:condition\" content=\"new\" \/>\n<!-- \/ Yoast SEO plugin. -->","yoast_head_json":{"title":"THE QUEEN WARRIOR | Dit Cheyenne","robots":{"index":"index","follow":"follow","max-snippet":"max-snippet:-1","max-image-preview":"max-image-preview:large","max-video-preview":"max-video-preview:-1"},"canonical":"https:\/\/ditcheyenne.com\/en\/shop\/tirages-digigraphie\/the-queen-warrior\/","og_locale":"en_GB","og_type":"article","og_title":"THE QUEEN WARRIOR | Dit Cheyenne","og_description":"\u00ab THE QUEEN WARRIOR \u00bb Cet Esprit guide dans l\u2019obscurit\u00e9, et aide \u00e0 trouver des r\u00e9ponses, \u00e0 les accepter et en gu\u00e9rir. Elle est celle qui observe le Monde en silence, sans jamais se pr\u00e9cipiter. Elle montre la v\u00e9rit\u00e9, elle am\u00e8ne \u00e0 suivre l&rsquo;inhabituel, \u00e0 emprunter des territoires inconnus et trouver le\u00a0 chemin de la [&hellip;]","og_url":"https:\/\/ditcheyenne.com\/en\/shop\/tirages-digigraphie\/the-queen-warrior\/","og_site_name":"Dit Cheyenne","article_publisher":"https:\/\/www.facebook.com\/profile.php?id=100063726633338","article_modified_time":"2023-08-01T06:39:54+00:00","og_image":[{"width":1600,"height":1600,"url":"https:\/\/ditcheyenne.com\/wp-content\/uploads\/2023\/05\/the-queen-warrior.jpg","type":"image\/jpeg"}],"twitter_card":"summary_large_image","schema":{"@context":"https:\/\/schema.org","@graph":[{"@type":"WebPage","@id":"https:\/\/ditcheyenne.com\/shop\/tirages-digigraphie\/the-queen-warrior\/","url":"https:\/\/ditcheyenne.com\/shop\/tirages-digigraphie\/the-queen-warrior\/","name":"THE QUEEN WARRIOR | Dit Cheyenne","isPartOf":{"@id":"https:\/\/ditcheyenne.com\/#website"},"primaryImageOfPage":{"@id":"https:\/\/ditcheyenne.com\/shop\/tirages-digigraphie\/the-queen-warrior\/#primaryimage"},"image":{"@id":"https:\/\/ditcheyenne.com\/shop\/tirages-digigraphie\/the-queen-warrior\/#primaryimage"},"thumbnailUrl":"https:\/\/ditcheyenne.com\/wp-content\/uploads\/2023\/05\/the-queen-warrior.jpg","datePublished":"2023-05-09T05:49:10+00:00","dateModified":"2023-08-01T06:39:54+00:00","breadcrumb":{"@id":"https:\/\/ditcheyenne.com\/shop\/tirages-digigraphie\/the-queen-warrior\/#breadcrumb"},"inLanguage":"en-GB","potentialAction":[{"@type":"ReadAction","target":["https:\/\/ditcheyenne.com\/shop\/tirages-digigraphie\/the-queen-warrior\/"]}]},{"@type":"ImageObject","inLanguage":"en-GB","@id":"https:\/\/ditcheyenne.com\/shop\/tirages-digigraphie\/the-queen-warrior\/#primaryimage","url":"https:\/\/ditcheyenne.com\/wp-content\/uploads\/2023\/05\/the-queen-warrior.jpg","contentUrl":"https:\/\/ditcheyenne.com\/wp-content\/uploads\/2023\/05\/the-queen-warrior.jpg","width":1600,"height":1600},{"@type":"BreadcrumbList","@id":"https:\/\/ditcheyenne.com\/shop\/tirages-digigraphie\/the-queen-warrior\/#breadcrumb","itemListElement":[{"@type":"ListItem","position":1,"name":"Accueil","item":"https:\/\/ditcheyenne.com\/"},{"@type":"ListItem","position":2,"name":"Shop","item":"https:\/\/ditcheyenne.com\/shop\/"},{"@type":"ListItem","position":3,"name":"THE QUEEN WARRIOR"}]},{"@type":"WebSite","@id":"https:\/\/ditcheyenne.com\/#website","url":"https:\/\/ditcheyenne.com\/","name":"Dit Cheyenne","description":"Artiste","publisher":{"@id":"https:\/\/ditcheyenne.com\/#\/schema\/person\/ebb98861576534004f1031ef7e41fb21"},"potentialAction":[{"@type":"SearchAction","target":{"@type":"EntryPoint","urlTemplate":"https:\/\/ditcheyenne.com\/?s={search_term_string}"},"query-input":{"@type":"PropertyValueSpecification","valueRequired":true,"valueName":"search_term_string"}}],"inLanguage":"en-GB"},{"@type":["Person","Organization"],"@id":"https:\/\/ditcheyenne.com\/#\/schema\/person\/ebb98861576534004f1031ef7e41fb21","name":"Dit Cheyenne","image":{"@type":"ImageObject","inLanguage":"en-GB","@id":"https:\/\/ditcheyenne.com\/#\/schema\/person\/image\/","url":"https:\/\/ditcheyenne.com\/wp-content\/uploads\/2022\/09\/LOGO-DITCHEYENNE-2.png","contentUrl":"https:\/\/ditcheyenne.com\/wp-content\/uploads\/2022\/09\/LOGO-DITCHEYENNE-2.png","width":500,"height":102,"caption":"Dit Cheyenne"},"logo":{"@id":"https:\/\/ditcheyenne.com\/#\/schema\/person\/image\/"},"sameAs":["http:\/\/ditcheyenne.com","https:\/\/www.facebook.com\/profile.php?id=100063726633338","https:\/\/www.instagram.com\/ditcheyenne\/","https:\/\/www.youtube.com\/channel\/UCnXrhWXa8xOas31qcK3f_1Q"]}]},"product_price_amount":"230.00","product_price_currency":"EUR","og_availability":"instock","product_availability":"instock","product_condition":"new"},"_links":{"self":[{"href":"https:\/\/ditcheyenne.com\/en\/wp-json\/wp\/v2\/product\/1664","targetHints":{"allow":["GET"]}}],"collection":[{"href":"https:\/\/ditcheyenne.com\/en\/wp-json\/wp\/v2\/product"}],"about":[{"href":"https:\/\/ditcheyenne.com\/en\/wp-json\/wp\/v2\/types\/product"}],"replies":[{"embeddable":true,"href":"https:\/\/ditcheyenne.com\/en\/wp-json\/wp\/v2\/comments?post=1664"}],"wp:featuredmedia":[{"embeddable":true,"href":"https:\/\/ditcheyenne.com\/en\/wp-json\/wp\/v2\/media\/1665"}],"wp:attachment":[{"href":"https:\/\/ditcheyenne.com\/en\/wp-json\/wp\/v2\/media?parent=1664"}],"wp:term":[{"taxonomy":"product_brand","embeddable":true,"href":"https:\/\/ditcheyenne.com\/en\/wp-json\/wp\/v2\/product_brand?post=1664"},{"taxonomy":"product_cat","embeddable":true,"href":"https:\/\/ditcheyenne.com\/en\/wp-json\/wp\/v2\/product_cat?post=1664"},{"taxonomy":"product_tag","embeddable":true,"href":"https:\/\/ditcheyenne.com\/en\/wp-json\/wp\/v2\/product_tag?post=1664"}],"curies":[{"name":"wp","href":"https:\/\/api.w.org\/{rel}","templated":true}]}}