{"id":1660,"date":"2023-05-09T06:50:12","date_gmt":"2023-05-09T04:50:12","guid":{"rendered":"https:\/\/ditcheyenne.com\/?post_type=product&#038;p=1660"},"modified":"2023-08-01T08:40:05","modified_gmt":"2023-08-01T06:40:05","slug":"a-woman","status":"publish","type":"product","link":"https:\/\/ditcheyenne.com\/en\/shop\/tirages-digigraphie\/a-woman\/","title":{"rendered":"A WOMAN"},"content":{"rendered":"<p>\u00ab LA FEMME \u00bb<\/p>\n<p class=\"translation-block\">She is the Water element.\nThe Hippopotamus Spirit symbolizes fertility and the power we have to create good things.\nIn Egyptian mythology, this Spirit is the symbol of Life.\nIt helps those who live in their own creative realm to excel there and protects those who feel emotionally the injustices of this World.<\/p>\n<p class=\"translation-block\">19.69 x 19.69 inches, 330g Art paper, Digigraphie\u00ae process: 220 euros\nSignature and date of the artist on the back.<\/p>\n<p class=\"translation-block\">The Digigraphie\u00ae process is comparable to Lithography. Digital process, the inks used\nare based on pigments (mineral) encapsulated in resin which ensure the durability of the reproduction of Art over time for several generations.<\/p>\n<p class=\"translation-block\">Shipped in a protective packaging (cardboard tube).\nSold unframed.\nWorldwide shipping.\nShipping price includes insurance.\nThe price includes VAT.<\/p>","protected":false},"excerpt":{"rendered":"<p>\u00ab LA FEMME \u00bb Elle est l\u2019\u00e9l\u00e9ment Eau. L\u2019Esprit de l\u2019Hippopotame symbolise la fertilit\u00e9 et le pouvoir que nous avons de cr\u00e9er de bonnes choses. Dans la mythologie Egyptienne, cet Esprit est le symbole de la Vie. Elle aide ceux qui vivent dans leur propre royaume cr\u00e9atif \u00e0 y exceller et prot\u00e8ge ceux qui ressentent [&hellip;]<\/p>","protected":false},"featured_media":1661,"comment_status":"open","ping_status":"closed","template":"","meta":[],"product_brand":[],"product_cat":[23],"product_tag":[],"class_list":{"0":"post-1660","1":"product","2":"type-product","3":"status-publish","4":"has-post-thumbnail","6":"product_cat-tirages-digigraphie","8":"first","9":"instock","10":"shipping-taxable","11":"purchasable","12":"product-type-simple"},"yoast_head":"<!-- This site is optimized with the Yoast SEO plugin v26.6 - https:\/\/yoast.com\/wordpress\/plugins\/seo\/ -->\n<title>A WOMAN | Dit Cheyenne<\/title>\n<meta name=\"robots\" content=\"index, follow, max-snippet:-1, max-image-preview:large, max-video-preview:-1\" \/>\n<link rel=\"canonical\" href=\"https:\/\/ditcheyenne.com\/en\/shop\/tirages-digigraphie\/a-woman\/\" \/>\n<meta property=\"og:locale\" content=\"en_GB\" \/>\n<meta property=\"og:type\" content=\"article\" \/>\n<meta property=\"og:title\" content=\"A WOMAN | Dit Cheyenne\" \/>\n<meta property=\"og:description\" content=\"\u00ab LA FEMME \u00bb Elle est l\u2019\u00e9l\u00e9ment Eau. L\u2019Esprit de l\u2019Hippopotame symbolise la fertilit\u00e9 et le pouvoir que nous avons de cr\u00e9er de bonnes choses. Dans la mythologie Egyptienne, cet Esprit est le symbole de la Vie. Elle aide ceux qui vivent dans leur propre royaume cr\u00e9atif \u00e0 y exceller et prot\u00e8ge ceux qui ressentent [&hellip;]\" \/>\n<meta property=\"og:url\" content=\"https:\/\/ditcheyenne.com\/en\/shop\/tirages-digigraphie\/a-woman\/\" \/>\n<meta property=\"og:site_name\" content=\"Dit Cheyenne\" \/>\n<meta property=\"article:publisher\" content=\"https:\/\/www.facebook.com\/profile.php?id=100063726633338\" \/>\n<meta property=\"article:modified_time\" content=\"2023-08-01T06:40:05+00:00\" \/>\n<meta property=\"og:image\" content=\"https:\/\/ditcheyenne.com\/wp-content\/uploads\/2023\/05\/a-woman.jpg\" \/>\n\t<meta property=\"og:image:width\" content=\"1600\" \/>\n\t<meta property=\"og:image:height\" content=\"1600\" \/>\n\t<meta property=\"og:image:type\" content=\"image\/jpeg\" \/>\n<meta name=\"twitter:card\" content=\"summary_large_image\" \/>\n<script type=\"application\/ld+json\" class=\"yoast-schema-graph\">{\"@context\":\"https:\/\/schema.org\",\"@graph\":[{\"@type\":\"WebPage\",\"@id\":\"https:\/\/ditcheyenne.com\/shop\/tirages-digigraphie\/a-woman\/\",\"url\":\"https:\/\/ditcheyenne.com\/shop\/tirages-digigraphie\/a-woman\/\",\"name\":\"A WOMAN | Dit Cheyenne\",\"isPartOf\":{\"@id\":\"https:\/\/ditcheyenne.com\/#website\"},\"primaryImageOfPage\":{\"@id\":\"https:\/\/ditcheyenne.com\/shop\/tirages-digigraphie\/a-woman\/#primaryimage\"},\"image\":{\"@id\":\"https:\/\/ditcheyenne.com\/shop\/tirages-digigraphie\/a-woman\/#primaryimage\"},\"thumbnailUrl\":\"https:\/\/ditcheyenne.com\/wp-content\/uploads\/2023\/05\/a-woman.jpg\",\"datePublished\":\"2023-05-09T04:50:12+00:00\",\"dateModified\":\"2023-08-01T06:40:05+00:00\",\"breadcrumb\":{\"@id\":\"https:\/\/ditcheyenne.com\/shop\/tirages-digigraphie\/a-woman\/#breadcrumb\"},\"inLanguage\":\"en-GB\",\"potentialAction\":[{\"@type\":\"ReadAction\",\"target\":[\"https:\/\/ditcheyenne.com\/shop\/tirages-digigraphie\/a-woman\/\"]}]},{\"@type\":\"ImageObject\",\"inLanguage\":\"en-GB\",\"@id\":\"https:\/\/ditcheyenne.com\/shop\/tirages-digigraphie\/a-woman\/#primaryimage\",\"url\":\"https:\/\/ditcheyenne.com\/wp-content\/uploads\/2023\/05\/a-woman.jpg\",\"contentUrl\":\"https:\/\/ditcheyenne.com\/wp-content\/uploads\/2023\/05\/a-woman.jpg\",\"width\":1600,\"height\":1600},{\"@type\":\"BreadcrumbList\",\"@id\":\"https:\/\/ditcheyenne.com\/shop\/tirages-digigraphie\/a-woman\/#breadcrumb\",\"itemListElement\":[{\"@type\":\"ListItem\",\"position\":1,\"name\":\"Accueil\",\"item\":\"https:\/\/ditcheyenne.com\/\"},{\"@type\":\"ListItem\",\"position\":2,\"name\":\"Shop\",\"item\":\"https:\/\/ditcheyenne.com\/shop\/\"},{\"@type\":\"ListItem\",\"position\":3,\"name\":\"A WOMAN\"}]},{\"@type\":\"WebSite\",\"@id\":\"https:\/\/ditcheyenne.com\/#website\",\"url\":\"https:\/\/ditcheyenne.com\/\",\"name\":\"Dit Cheyenne\",\"description\":\"Artiste\",\"publisher\":{\"@id\":\"https:\/\/ditcheyenne.com\/#\/schema\/person\/ebb98861576534004f1031ef7e41fb21\"},\"potentialAction\":[{\"@type\":\"SearchAction\",\"target\":{\"@type\":\"EntryPoint\",\"urlTemplate\":\"https:\/\/ditcheyenne.com\/?s={search_term_string}\"},\"query-input\":{\"@type\":\"PropertyValueSpecification\",\"valueRequired\":true,\"valueName\":\"search_term_string\"}}],\"inLanguage\":\"en-GB\"},{\"@type\":[\"Person\",\"Organization\"],\"@id\":\"https:\/\/ditcheyenne.com\/#\/schema\/person\/ebb98861576534004f1031ef7e41fb21\",\"name\":\"Dit Cheyenne\",\"image\":{\"@type\":\"ImageObject\",\"inLanguage\":\"en-GB\",\"@id\":\"https:\/\/ditcheyenne.com\/#\/schema\/person\/image\/\",\"url\":\"https:\/\/ditcheyenne.com\/wp-content\/uploads\/2022\/09\/LOGO-DITCHEYENNE-2.png\",\"contentUrl\":\"https:\/\/ditcheyenne.com\/wp-content\/uploads\/2022\/09\/LOGO-DITCHEYENNE-2.png\",\"width\":500,\"height\":102,\"caption\":\"Dit Cheyenne\"},\"logo\":{\"@id\":\"https:\/\/ditcheyenne.com\/#\/schema\/person\/image\/\"},\"sameAs\":[\"http:\/\/ditcheyenne.com\",\"https:\/\/www.facebook.com\/profile.php?id=100063726633338\",\"https:\/\/www.instagram.com\/ditcheyenne\/\",\"https:\/\/www.youtube.com\/channel\/UCnXrhWXa8xOas31qcK3f_1Q\"]}]}<\/script>\n<meta property=\"product:price:amount\" content=\"230.00\" \/>\n<meta property=\"product:price:currency\" content=\"EUR\" \/>\n<meta property=\"og:availability\" content=\"instock\" \/>\n<meta property=\"product:availability\" content=\"instock\" \/>\n<meta property=\"product:condition\" content=\"new\" \/>\n<!-- \/ Yoast SEO plugin. -->","yoast_head_json":{"title":"A WOMAN | Dit Cheyenne","robots":{"index":"index","follow":"follow","max-snippet":"max-snippet:-1","max-image-preview":"max-image-preview:large","max-video-preview":"max-video-preview:-1"},"canonical":"https:\/\/ditcheyenne.com\/en\/shop\/tirages-digigraphie\/a-woman\/","og_locale":"en_GB","og_type":"article","og_title":"A WOMAN | Dit Cheyenne","og_description":"\u00ab LA FEMME \u00bb Elle est l\u2019\u00e9l\u00e9ment Eau. L\u2019Esprit de l\u2019Hippopotame symbolise la fertilit\u00e9 et le pouvoir que nous avons de cr\u00e9er de bonnes choses. Dans la mythologie Egyptienne, cet Esprit est le symbole de la Vie. Elle aide ceux qui vivent dans leur propre royaume cr\u00e9atif \u00e0 y exceller et prot\u00e8ge ceux qui ressentent [&hellip;]","og_url":"https:\/\/ditcheyenne.com\/en\/shop\/tirages-digigraphie\/a-woman\/","og_site_name":"Dit Cheyenne","article_publisher":"https:\/\/www.facebook.com\/profile.php?id=100063726633338","article_modified_time":"2023-08-01T06:40:05+00:00","og_image":[{"width":1600,"height":1600,"url":"https:\/\/ditcheyenne.com\/wp-content\/uploads\/2023\/05\/a-woman.jpg","type":"image\/jpeg"}],"twitter_card":"summary_large_image","schema":{"@context":"https:\/\/schema.org","@graph":[{"@type":"WebPage","@id":"https:\/\/ditcheyenne.com\/shop\/tirages-digigraphie\/a-woman\/","url":"https:\/\/ditcheyenne.com\/shop\/tirages-digigraphie\/a-woman\/","name":"A WOMAN | Dit Cheyenne","isPartOf":{"@id":"https:\/\/ditcheyenne.com\/#website"},"primaryImageOfPage":{"@id":"https:\/\/ditcheyenne.com\/shop\/tirages-digigraphie\/a-woman\/#primaryimage"},"image":{"@id":"https:\/\/ditcheyenne.com\/shop\/tirages-digigraphie\/a-woman\/#primaryimage"},"thumbnailUrl":"https:\/\/ditcheyenne.com\/wp-content\/uploads\/2023\/05\/a-woman.jpg","datePublished":"2023-05-09T04:50:12+00:00","dateModified":"2023-08-01T06:40:05+00:00","breadcrumb":{"@id":"https:\/\/ditcheyenne.com\/shop\/tirages-digigraphie\/a-woman\/#breadcrumb"},"inLanguage":"en-GB","potentialAction":[{"@type":"ReadAction","target":["https:\/\/ditcheyenne.com\/shop\/tirages-digigraphie\/a-woman\/"]}]},{"@type":"ImageObject","inLanguage":"en-GB","@id":"https:\/\/ditcheyenne.com\/shop\/tirages-digigraphie\/a-woman\/#primaryimage","url":"https:\/\/ditcheyenne.com\/wp-content\/uploads\/2023\/05\/a-woman.jpg","contentUrl":"https:\/\/ditcheyenne.com\/wp-content\/uploads\/2023\/05\/a-woman.jpg","width":1600,"height":1600},{"@type":"BreadcrumbList","@id":"https:\/\/ditcheyenne.com\/shop\/tirages-digigraphie\/a-woman\/#breadcrumb","itemListElement":[{"@type":"ListItem","position":1,"name":"Accueil","item":"https:\/\/ditcheyenne.com\/"},{"@type":"ListItem","position":2,"name":"Shop","item":"https:\/\/ditcheyenne.com\/shop\/"},{"@type":"ListItem","position":3,"name":"A WOMAN"}]},{"@type":"WebSite","@id":"https:\/\/ditcheyenne.com\/#website","url":"https:\/\/ditcheyenne.com\/","name":"Dit Cheyenne","description":"Artiste","publisher":{"@id":"https:\/\/ditcheyenne.com\/#\/schema\/person\/ebb98861576534004f1031ef7e41fb21"},"potentialAction":[{"@type":"SearchAction","target":{"@type":"EntryPoint","urlTemplate":"https:\/\/ditcheyenne.com\/?s={search_term_string}"},"query-input":{"@type":"PropertyValueSpecification","valueRequired":true,"valueName":"search_term_string"}}],"inLanguage":"en-GB"},{"@type":["Person","Organization"],"@id":"https:\/\/ditcheyenne.com\/#\/schema\/person\/ebb98861576534004f1031ef7e41fb21","name":"Dit Cheyenne","image":{"@type":"ImageObject","inLanguage":"en-GB","@id":"https:\/\/ditcheyenne.com\/#\/schema\/person\/image\/","url":"https:\/\/ditcheyenne.com\/wp-content\/uploads\/2022\/09\/LOGO-DITCHEYENNE-2.png","contentUrl":"https:\/\/ditcheyenne.com\/wp-content\/uploads\/2022\/09\/LOGO-DITCHEYENNE-2.png","width":500,"height":102,"caption":"Dit Cheyenne"},"logo":{"@id":"https:\/\/ditcheyenne.com\/#\/schema\/person\/image\/"},"sameAs":["http:\/\/ditcheyenne.com","https:\/\/www.facebook.com\/profile.php?id=100063726633338","https:\/\/www.instagram.com\/ditcheyenne\/","https:\/\/www.youtube.com\/channel\/UCnXrhWXa8xOas31qcK3f_1Q"]}]},"product_price_amount":"230.00","product_price_currency":"EUR","og_availability":"instock","product_availability":"instock","product_condition":"new"},"_links":{"self":[{"href":"https:\/\/ditcheyenne.com\/en\/wp-json\/wp\/v2\/product\/1660","targetHints":{"allow":["GET"]}}],"collection":[{"href":"https:\/\/ditcheyenne.com\/en\/wp-json\/wp\/v2\/product"}],"about":[{"href":"https:\/\/ditcheyenne.com\/en\/wp-json\/wp\/v2\/types\/product"}],"replies":[{"embeddable":true,"href":"https:\/\/ditcheyenne.com\/en\/wp-json\/wp\/v2\/comments?post=1660"}],"wp:featuredmedia":[{"embeddable":true,"href":"https:\/\/ditcheyenne.com\/en\/wp-json\/wp\/v2\/media\/1661"}],"wp:attachment":[{"href":"https:\/\/ditcheyenne.com\/en\/wp-json\/wp\/v2\/media?parent=1660"}],"wp:term":[{"taxonomy":"product_brand","embeddable":true,"href":"https:\/\/ditcheyenne.com\/en\/wp-json\/wp\/v2\/product_brand?post=1660"},{"taxonomy":"product_cat","embeddable":true,"href":"https:\/\/ditcheyenne.com\/en\/wp-json\/wp\/v2\/product_cat?post=1660"},{"taxonomy":"product_tag","embeddable":true,"href":"https:\/\/ditcheyenne.com\/en\/wp-json\/wp\/v2\/product_tag?post=1660"}],"curies":[{"name":"wp","href":"https:\/\/api.w.org\/{rel}","templated":true}]}}