{"id":973,"date":"2022-10-31T07:36:23","date_gmt":"2022-10-31T06:36:23","guid":{"rendered":"https:\/\/ditcheyenne.com\/?page_id=973"},"modified":"2022-11-01T10:03:52","modified_gmt":"2022-11-01T09:03:52","slug":"moto-heroes","status":"publish","type":"page","link":"https:\/\/ditcheyenne.com\/en\/collaborations\/moto-heroes\/","title":{"rendered":"Moto Heroes"},"content":{"rendered":"<div data-elementor-type=\"wp-page\" data-elementor-id=\"973\" class=\"elementor elementor-973\" data-elementor-post-type=\"page\">\n\t\t\t\t<div class=\"elementor-element elementor-element-6d254a9 e-flex e-con-boxed e-con e-parent\" data-id=\"6d254a9\" data-element_type=\"container\">\n\t\t\t\t\t<div class=\"e-con-inner\">\n\t\t<div class=\"elementor-element elementor-element-17c8590 e-con-full e-flex e-con e-child\" data-id=\"17c8590\" data-element_type=\"container\">\n\t\t\t\t<div class=\"elementor-element elementor-element-345048e elementor-widget elementor-widget-text-editor\" data-id=\"345048e\" data-element_type=\"widget\" data-widget_type=\"text-editor.default\">\n\t\t\t\t<div class=\"elementor-widget-container\">\n\t\t\t\t\t\t\t\t\t<p>Dit Cheyenne a rencontr\u00e9 il y a quelques ann\u00e9es l&rsquo;\u00e9quipe de Moto Heroes.<\/p><p class=\"translation-block\">From that they wrote a beautiful article in their paper magazine.<br>\nThey started again few years later with the big events of The Bike Shed and Pimp my Bell.<\/p><p>Thank you to this Moto Heroes Team for this papers about her.<\/p>\t\t\t\t\t\t\t\t<\/div>\n\t\t\t\t<\/div>\n\t\t\t\t<div class=\"elementor-element elementor-element-075451b elementor-widget elementor-widget-text-editor\" data-id=\"075451b\" data-element_type=\"widget\" data-widget_type=\"text-editor.default\">\n\t\t\t\t<div class=\"elementor-widget-container\">\n\t\t\t\t\t\t\t\t\t#tool #thebikeshed  #wheelsandwaves #gastank #article #press #journalist #artarticle #helmet #moto #motorcycle #articlemoto #motoheroes #pimpmybell\t\t\t\t\t\t\t\t<\/div>\n\t\t\t\t<\/div>\n\t\t\t\t<\/div>\n\t\t<div class=\"elementor-element elementor-element-9fa34be e-con-full elementor-hidden-mobile e-flex e-con e-child\" data-id=\"9fa34be\" data-element_type=\"container\">\n\t\t\t\t<div class=\"elementor-element elementor-element-2adb578 elementor-widget elementor-widget-image\" data-id=\"2adb578\" data-element_type=\"widget\" data-widget_type=\"image.default\">\n\t\t\t\t<div class=\"elementor-widget-container\">\n\t\t\t\t\t\t\t\t\t\t\t\t\t\t\t<img fetchpriority=\"high\" decoding=\"async\" width=\"800\" height=\"388\" src=\"https:\/\/ditcheyenne.com\/wp-content\/uploads\/2022\/10\/7-8.jpg\" class=\"attachment-large size-large wp-image-981\" alt=\"magazine moto\" srcset=\"https:\/\/ditcheyenne.com\/wp-content\/uploads\/2022\/10\/7-8.jpg 960w, https:\/\/ditcheyenne.com\/wp-content\/uploads\/2022\/10\/7-8-600x291.jpg 600w, https:\/\/ditcheyenne.com\/wp-content\/uploads\/2022\/10\/7-8-300x145.jpg 300w, https:\/\/ditcheyenne.com\/wp-content\/uploads\/2022\/10\/7-8-768x372.jpg 768w, https:\/\/ditcheyenne.com\/wp-content\/uploads\/2022\/10\/7-8-18x9.jpg 18w\" sizes=\"(max-width: 800px) 100vw, 800px\" \/>\t\t\t\t\t\t\t\t\t\t\t\t\t\t\t<\/div>\n\t\t\t\t<\/div>\n\t\t\t\t<\/div>\n\t\t\t\t\t<\/div>\n\t\t\t\t<\/div>\n\t\t<div class=\"elementor-element elementor-element-2d97f70 e-flex e-con-boxed e-con e-parent\" data-id=\"2d97f70\" data-element_type=\"container\">\n\t\t\t\t\t<div class=\"e-con-inner\">\n\t\t\t\t<div class=\"elementor-element elementor-element-fc8220d elementor-widget elementor-widget-gallery\" data-id=\"fc8220d\" data-element_type=\"widget\" data-settings=\"{&quot;gallery_layout&quot;:&quot;masonry&quot;,&quot;lazyload&quot;:&quot;yes&quot;,&quot;columns&quot;:4,&quot;columns_tablet&quot;:2,&quot;columns_mobile&quot;:1,&quot;gap&quot;:{&quot;unit&quot;:&quot;px&quot;,&quot;size&quot;:10,&quot;sizes&quot;:[]},&quot;gap_tablet&quot;:{&quot;unit&quot;:&quot;px&quot;,&quot;size&quot;:10,&quot;sizes&quot;:[]},&quot;gap_mobile&quot;:{&quot;unit&quot;:&quot;px&quot;,&quot;size&quot;:10,&quot;sizes&quot;:[]},&quot;link_to&quot;:&quot;file&quot;,&quot;overlay_background&quot;:&quot;yes&quot;,&quot;content_hover_animation&quot;:&quot;fade-in&quot;}\" data-widget_type=\"gallery.default\">\n\t\t\t\t<div class=\"elementor-widget-container\">\n\t\t\t\t\t\t\t<div class=\"elementor-gallery__container\">\n\t\t\t\t\t\t\t<a class=\"e-gallery-item elementor-gallery-item elementor-animated-content\" href=\"https:\/\/ditcheyenne.com\/wp-content\/uploads\/2022\/10\/2-9.jpg\" data-elementor-open-lightbox=\"yes\" data-elementor-lightbox-slideshow=\"fc8220d\" data-e-action-hash=\"#elementor-action%3Aaction%3Dlightbox%26settings%3DeyJpZCI6OTc2LCJ1cmwiOiJodHRwczpcL1wvZGl0Y2hleWVubmUuY29tXC93cC1jb250ZW50XC91cGxvYWRzXC8yMDIyXC8xMFwvMi05LmpwZyIsInNsaWRlc2hvdyI6ImZjODIyMGQifQ%3D%3D\">\n\t\t\t\t\t<div class=\"e-gallery-image elementor-gallery-item__image\" data-thumbnail=\"https:\/\/ditcheyenne.com\/wp-content\/uploads\/2022\/10\/2-9-768x552.jpg\" data-width=\"768\" data-height=\"552\" aria-label=\"magazine\" role=\"img\" ><\/div>\n\t\t\t\t\t\t\t\t\t\t\t<div class=\"elementor-gallery-item__overlay\"><\/div>\n\t\t\t\t\t\t\t\t\t\t\t\t\t\t<\/a>\n\t\t\t\t\t\t\t<a class=\"e-gallery-item elementor-gallery-item elementor-animated-content\" href=\"https:\/\/ditcheyenne.com\/wp-content\/uploads\/2022\/10\/3-8.jpg\" data-elementor-open-lightbox=\"yes\" data-elementor-lightbox-slideshow=\"fc8220d\" data-e-action-hash=\"#elementor-action%3Aaction%3Dlightbox%26settings%3DeyJpZCI6OTc3LCJ1cmwiOiJodHRwczpcL1wvZGl0Y2hleWVubmUuY29tXC93cC1jb250ZW50XC91cGxvYWRzXC8yMDIyXC8xMFwvMy04LmpwZyIsInNsaWRlc2hvdyI6ImZjODIyMGQifQ%3D%3D\">\n\t\t\t\t\t<div class=\"e-gallery-image elementor-gallery-item__image\" data-thumbnail=\"https:\/\/ditcheyenne.com\/wp-content\/uploads\/2022\/10\/3-8-768x485.jpg\" data-width=\"768\" data-height=\"485\" aria-label=\"magazine\" role=\"img\" ><\/div>\n\t\t\t\t\t\t\t\t\t\t\t<div class=\"elementor-gallery-item__overlay\"><\/div>\n\t\t\t\t\t\t\t\t\t\t\t\t\t\t<\/a>\n\t\t\t\t\t\t\t<a class=\"e-gallery-item elementor-gallery-item elementor-animated-content\" href=\"https:\/\/ditcheyenne.com\/wp-content\/uploads\/2022\/10\/4-9.jpg\" data-elementor-open-lightbox=\"yes\" data-elementor-lightbox-slideshow=\"fc8220d\" data-e-action-hash=\"#elementor-action%3Aaction%3Dlightbox%26settings%3DeyJpZCI6OTc4LCJ1cmwiOiJodHRwczpcL1wvZGl0Y2hleWVubmUuY29tXC93cC1jb250ZW50XC91cGxvYWRzXC8yMDIyXC8xMFwvNC05LmpwZyIsInNsaWRlc2hvdyI6ImZjODIyMGQifQ%3D%3D\">\n\t\t\t\t\t<div class=\"e-gallery-image elementor-gallery-item__image\" data-thumbnail=\"https:\/\/ditcheyenne.com\/wp-content\/uploads\/2022\/10\/4-9-768x512.jpg\" data-width=\"768\" data-height=\"512\" aria-label=\"magazine\" role=\"img\" ><\/div>\n\t\t\t\t\t\t\t\t\t\t\t<div class=\"elementor-gallery-item__overlay\"><\/div>\n\t\t\t\t\t\t\t\t\t\t\t\t\t\t<\/a>\n\t\t\t\t\t\t\t<a class=\"e-gallery-item elementor-gallery-item elementor-animated-content\" href=\"https:\/\/ditcheyenne.com\/wp-content\/uploads\/2022\/10\/5-9.jpg\" data-elementor-open-lightbox=\"yes\" data-elementor-lightbox-slideshow=\"fc8220d\" data-e-action-hash=\"#elementor-action%3Aaction%3Dlightbox%26settings%3DeyJpZCI6OTc5LCJ1cmwiOiJodHRwczpcL1wvZGl0Y2hleWVubmUuY29tXC93cC1jb250ZW50XC91cGxvYWRzXC8yMDIyXC8xMFwvNS05LmpwZyIsInNsaWRlc2hvdyI6ImZjODIyMGQifQ%3D%3D\">\n\t\t\t\t\t<div class=\"e-gallery-image elementor-gallery-item__image\" data-thumbnail=\"https:\/\/ditcheyenne.com\/wp-content\/uploads\/2022\/10\/5-9-768x508.jpg\" data-width=\"768\" data-height=\"508\" aria-label=\"magazine\" role=\"img\" ><\/div>\n\t\t\t\t\t\t\t\t\t\t\t<div class=\"elementor-gallery-item__overlay\"><\/div>\n\t\t\t\t\t\t\t\t\t\t\t\t\t\t<\/a>\n\t\t\t\t\t\t\t<a class=\"e-gallery-item elementor-gallery-item elementor-animated-content\" href=\"https:\/\/ditcheyenne.com\/wp-content\/uploads\/2022\/10\/6-9.jpg\" data-elementor-open-lightbox=\"yes\" data-elementor-lightbox-slideshow=\"fc8220d\" data-e-action-hash=\"#elementor-action%3Aaction%3Dlightbox%26settings%3DeyJpZCI6OTgwLCJ1cmwiOiJodHRwczpcL1wvZGl0Y2hleWVubmUuY29tXC93cC1jb250ZW50XC91cGxvYWRzXC8yMDIyXC8xMFwvNi05LmpwZyIsInNsaWRlc2hvdyI6ImZjODIyMGQifQ%3D%3D\">\n\t\t\t\t\t<div class=\"e-gallery-image elementor-gallery-item__image\" data-thumbnail=\"https:\/\/ditcheyenne.com\/wp-content\/uploads\/2022\/10\/6-9-768x511.jpg\" data-width=\"768\" data-height=\"511\" aria-label=\"magazine moto\" role=\"img\" ><\/div>\n\t\t\t\t\t\t\t\t\t\t\t<div class=\"elementor-gallery-item__overlay\"><\/div>\n\t\t\t\t\t\t\t\t\t\t\t\t\t\t<\/a>\n\t\t\t\t\t\t\t<a class=\"e-gallery-item elementor-gallery-item elementor-animated-content\" href=\"https:\/\/ditcheyenne.com\/wp-content\/uploads\/2022\/10\/7-8.jpg\" data-elementor-open-lightbox=\"yes\" data-elementor-lightbox-slideshow=\"fc8220d\" data-e-action-hash=\"#elementor-action%3Aaction%3Dlightbox%26settings%3DeyJpZCI6OTgxLCJ1cmwiOiJodHRwczpcL1wvZGl0Y2hleWVubmUuY29tXC93cC1jb250ZW50XC91cGxvYWRzXC8yMDIyXC8xMFwvNy04LmpwZyIsInNsaWRlc2hvdyI6ImZjODIyMGQifQ%3D%3D\">\n\t\t\t\t\t<div class=\"e-gallery-image elementor-gallery-item__image\" data-thumbnail=\"https:\/\/ditcheyenne.com\/wp-content\/uploads\/2022\/10\/7-8-768x372.jpg\" data-width=\"768\" data-height=\"372\" aria-label=\"magazine moto\" role=\"img\" ><\/div>\n\t\t\t\t\t\t\t\t\t\t\t<div class=\"elementor-gallery-item__overlay\"><\/div>\n\t\t\t\t\t\t\t\t\t\t\t\t\t\t<\/a>\n\t\t\t\t\t\t\t<a class=\"e-gallery-item elementor-gallery-item elementor-animated-content\" href=\"https:\/\/ditcheyenne.com\/wp-content\/uploads\/2022\/10\/8-7.jpg\" data-elementor-open-lightbox=\"yes\" data-elementor-lightbox-slideshow=\"fc8220d\" data-e-action-hash=\"#elementor-action%3Aaction%3Dlightbox%26settings%3DeyJpZCI6OTgyLCJ1cmwiOiJodHRwczpcL1wvZGl0Y2hleWVubmUuY29tXC93cC1jb250ZW50XC91cGxvYWRzXC8yMDIyXC8xMFwvOC03LmpwZyIsInNsaWRlc2hvdyI6ImZjODIyMGQifQ%3D%3D\">\n\t\t\t\t\t<div class=\"e-gallery-image elementor-gallery-item__image\" data-thumbnail=\"https:\/\/ditcheyenne.com\/wp-content\/uploads\/2022\/10\/8-7-768x390.jpg\" data-width=\"768\" data-height=\"390\" aria-label=\"magazine moto\" role=\"img\" ><\/div>\n\t\t\t\t\t\t\t\t\t\t\t<div class=\"elementor-gallery-item__overlay\"><\/div>\n\t\t\t\t\t\t\t\t\t\t\t\t\t\t<\/a>\n\t\t\t\t\t\t\t<a class=\"e-gallery-item elementor-gallery-item elementor-animated-content\" href=\"https:\/\/ditcheyenne.com\/wp-content\/uploads\/2022\/10\/PHOTO-COUV.jpg\" data-elementor-open-lightbox=\"yes\" data-elementor-lightbox-slideshow=\"fc8220d\" data-e-action-hash=\"#elementor-action%3Aaction%3Dlightbox%26settings%3DeyJpZCI6OTk2LCJ1cmwiOiJodHRwczpcL1wvZGl0Y2hleWVubmUuY29tXC93cC1jb250ZW50XC91cGxvYWRzXC8yMDIyXC8xMFwvUEhPVE8tQ09VVi5qcGciLCJzbGlkZXNob3ciOiJmYzgyMjBkIn0%3D\">\n\t\t\t\t\t<div class=\"e-gallery-image elementor-gallery-item__image\" data-thumbnail=\"https:\/\/ditcheyenne.com\/wp-content\/uploads\/2022\/10\/PHOTO-COUV-768x325.jpg\" data-width=\"768\" data-height=\"325\" aria-label=\"Magazines moto\" role=\"img\" ><\/div>\n\t\t\t\t\t\t\t\t\t\t\t<div class=\"elementor-gallery-item__overlay\"><\/div>\n\t\t\t\t\t\t\t\t\t\t\t\t\t\t<\/a>\n\t\t\t\t\t<\/div>\n\t\t\t\t\t<\/div>\n\t\t\t\t<\/div>\n\t\t\t\t\t<\/div>\n\t\t\t\t<\/div>\n\t\t\t\t<\/div>","protected":false},"excerpt":{"rendered":"<p>Dit Cheyenne a rencontr\u00e9 il y a quelques ann\u00e9es l&rsquo;\u00e9quipe de Moto Heroes. Ils sont venus \u00e0 sa rencontre, \u00e0 la rencontre de son art.A partir de l\u00e0, ils ont \u00e9crit un bel article dans leur magazine papier.Ils ont recommenc\u00e9 quelques ann\u00e9es plus tard avec les grands \u00e9v\u00e9nements The Bike Shed et Pimp my Bell. [&hellip;]<\/p>","protected":false},"author":1,"featured_media":983,"parent":214,"menu_order":0,"comment_status":"closed","ping_status":"closed","template":"","meta":{"footnotes":""},"class_list":["post-973","page","type-page","status-publish","has-post-thumbnail","hentry"],"yoast_head":"<!-- This site is optimized with the Yoast SEO plugin v26.6 - https:\/\/yoast.com\/wordpress\/plugins\/seo\/ -->\n<title>Moto Heroes | Dit Cheyenne<\/title>\n<meta name=\"description\" content=\"Tonsor&amp;Cie est un concept store fran\u00e7ais. Un lieu exclusivement d\u00e9di\u00e9 \u00e0 l&#039;homme, un voyage entre tradition et modernit\u00e9, une exp\u00e9rience unique\" \/>\n<meta name=\"robots\" content=\"index, follow, max-snippet:-1, max-image-preview:large, max-video-preview:-1\" \/>\n<link rel=\"canonical\" href=\"https:\/\/ditcheyenne.com\/en\/collaborations\/moto-heroes\/\" \/>\n<meta property=\"og:locale\" content=\"en_GB\" \/>\n<meta property=\"og:type\" content=\"article\" \/>\n<meta property=\"og:title\" content=\"Moto Heroes | Dit Cheyenne\" \/>\n<meta property=\"og:description\" content=\"Tonsor&amp;Cie est un concept store fran\u00e7ais. Un lieu exclusivement d\u00e9di\u00e9 \u00e0 l&#039;homme, un voyage entre tradition et modernit\u00e9, une exp\u00e9rience unique\" \/>\n<meta property=\"og:url\" content=\"https:\/\/ditcheyenne.com\/en\/collaborations\/moto-heroes\/\" \/>\n<meta property=\"og:site_name\" content=\"Dit Cheyenne\" \/>\n<meta property=\"article:publisher\" content=\"https:\/\/www.facebook.com\/profile.php?id=100063726633338\" \/>\n<meta property=\"article:modified_time\" content=\"2022-11-01T09:03:52+00:00\" \/>\n<meta property=\"og:image\" content=\"https:\/\/ditcheyenne.com\/wp-content\/uploads\/2022\/10\/1-8.jpg\" \/>\n\t<meta property=\"og:image:width\" content=\"1042\" \/>\n\t<meta property=\"og:image:height\" content=\"719\" \/>\n\t<meta property=\"og:image:type\" content=\"image\/jpeg\" \/>\n<meta name=\"twitter:card\" content=\"summary_large_image\" \/>\n<script type=\"application\/ld+json\" class=\"yoast-schema-graph\">{\"@context\":\"https:\/\/schema.org\",\"@graph\":[{\"@type\":\"WebPage\",\"@id\":\"https:\/\/ditcheyenne.com\/collaborations\/moto-heroes\/\",\"url\":\"https:\/\/ditcheyenne.com\/collaborations\/moto-heroes\/\",\"name\":\"Moto Heroes | Dit Cheyenne\",\"isPartOf\":{\"@id\":\"https:\/\/ditcheyenne.com\/#website\"},\"primaryImageOfPage\":{\"@id\":\"https:\/\/ditcheyenne.com\/collaborations\/moto-heroes\/#primaryimage\"},\"image\":{\"@id\":\"https:\/\/ditcheyenne.com\/collaborations\/moto-heroes\/#primaryimage\"},\"thumbnailUrl\":\"https:\/\/ditcheyenne.com\/wp-content\/uploads\/2022\/10\/1-8.jpg\",\"datePublished\":\"2022-10-31T06:36:23+00:00\",\"dateModified\":\"2022-11-01T09:03:52+00:00\",\"description\":\"Tonsor&Cie est un concept store fran\u00e7ais. Un lieu exclusivement d\u00e9di\u00e9 \u00e0 l'homme, un voyage entre tradition et modernit\u00e9, une exp\u00e9rience unique\",\"breadcrumb\":{\"@id\":\"https:\/\/ditcheyenne.com\/collaborations\/moto-heroes\/#breadcrumb\"},\"inLanguage\":\"en-GB\",\"potentialAction\":[{\"@type\":\"ReadAction\",\"target\":[\"https:\/\/ditcheyenne.com\/collaborations\/moto-heroes\/\"]}]},{\"@type\":\"ImageObject\",\"inLanguage\":\"en-GB\",\"@id\":\"https:\/\/ditcheyenne.com\/collaborations\/moto-heroes\/#primaryimage\",\"url\":\"https:\/\/ditcheyenne.com\/wp-content\/uploads\/2022\/10\/1-8.jpg\",\"contentUrl\":\"https:\/\/ditcheyenne.com\/wp-content\/uploads\/2022\/10\/1-8.jpg\",\"width\":1042,\"height\":719,\"caption\":\"magazine moto\"},{\"@type\":\"BreadcrumbList\",\"@id\":\"https:\/\/ditcheyenne.com\/collaborations\/moto-heroes\/#breadcrumb\",\"itemListElement\":[{\"@type\":\"ListItem\",\"position\":1,\"name\":\"Accueil\",\"item\":\"https:\/\/ditcheyenne.com\/\"},{\"@type\":\"ListItem\",\"position\":2,\"name\":\"Collaborations\",\"item\":\"https:\/\/ditcheyenne.com\/collaborations\/\"},{\"@type\":\"ListItem\",\"position\":3,\"name\":\"Moto Heroes\"}]},{\"@type\":\"WebSite\",\"@id\":\"https:\/\/ditcheyenne.com\/#website\",\"url\":\"https:\/\/ditcheyenne.com\/\",\"name\":\"Dit Cheyenne\",\"description\":\"Artiste\",\"publisher\":{\"@id\":\"https:\/\/ditcheyenne.com\/#\/schema\/person\/ebb98861576534004f1031ef7e41fb21\"},\"potentialAction\":[{\"@type\":\"SearchAction\",\"target\":{\"@type\":\"EntryPoint\",\"urlTemplate\":\"https:\/\/ditcheyenne.com\/?s={search_term_string}\"},\"query-input\":{\"@type\":\"PropertyValueSpecification\",\"valueRequired\":true,\"valueName\":\"search_term_string\"}}],\"inLanguage\":\"en-GB\"},{\"@type\":[\"Person\",\"Organization\"],\"@id\":\"https:\/\/ditcheyenne.com\/#\/schema\/person\/ebb98861576534004f1031ef7e41fb21\",\"name\":\"Dit Cheyenne\",\"image\":{\"@type\":\"ImageObject\",\"inLanguage\":\"en-GB\",\"@id\":\"https:\/\/ditcheyenne.com\/#\/schema\/person\/image\/\",\"url\":\"https:\/\/ditcheyenne.com\/wp-content\/uploads\/2022\/09\/LOGO-DITCHEYENNE-2.png\",\"contentUrl\":\"https:\/\/ditcheyenne.com\/wp-content\/uploads\/2022\/09\/LOGO-DITCHEYENNE-2.png\",\"width\":500,\"height\":102,\"caption\":\"Dit Cheyenne\"},\"logo\":{\"@id\":\"https:\/\/ditcheyenne.com\/#\/schema\/person\/image\/\"},\"sameAs\":[\"http:\/\/ditcheyenne.com\",\"https:\/\/www.facebook.com\/profile.php?id=100063726633338\",\"https:\/\/www.instagram.com\/ditcheyenne\/\",\"https:\/\/www.youtube.com\/channel\/UCnXrhWXa8xOas31qcK3f_1Q\"]}]}<\/script>\n<!-- \/ Yoast SEO plugin. -->","yoast_head_json":{"title":"Moto Heroes | Dit Cheyenne","description":"Tonsor&Cie est un concept store fran\u00e7ais. Un lieu exclusivement d\u00e9di\u00e9 \u00e0 l'homme, un voyage entre tradition et modernit\u00e9, une exp\u00e9rience unique","robots":{"index":"index","follow":"follow","max-snippet":"max-snippet:-1","max-image-preview":"max-image-preview:large","max-video-preview":"max-video-preview:-1"},"canonical":"https:\/\/ditcheyenne.com\/en\/collaborations\/moto-heroes\/","og_locale":"en_GB","og_type":"article","og_title":"Moto Heroes | Dit Cheyenne","og_description":"Tonsor&Cie est un concept store fran\u00e7ais. Un lieu exclusivement d\u00e9di\u00e9 \u00e0 l'homme, un voyage entre tradition et modernit\u00e9, une exp\u00e9rience unique","og_url":"https:\/\/ditcheyenne.com\/en\/collaborations\/moto-heroes\/","og_site_name":"Dit Cheyenne","article_publisher":"https:\/\/www.facebook.com\/profile.php?id=100063726633338","article_modified_time":"2022-11-01T09:03:52+00:00","og_image":[{"width":1042,"height":719,"url":"https:\/\/ditcheyenne.com\/wp-content\/uploads\/2022\/10\/1-8.jpg","type":"image\/jpeg"}],"twitter_card":"summary_large_image","schema":{"@context":"https:\/\/schema.org","@graph":[{"@type":"WebPage","@id":"https:\/\/ditcheyenne.com\/collaborations\/moto-heroes\/","url":"https:\/\/ditcheyenne.com\/collaborations\/moto-heroes\/","name":"Moto Heroes | Dit Cheyenne","isPartOf":{"@id":"https:\/\/ditcheyenne.com\/#website"},"primaryImageOfPage":{"@id":"https:\/\/ditcheyenne.com\/collaborations\/moto-heroes\/#primaryimage"},"image":{"@id":"https:\/\/ditcheyenne.com\/collaborations\/moto-heroes\/#primaryimage"},"thumbnailUrl":"https:\/\/ditcheyenne.com\/wp-content\/uploads\/2022\/10\/1-8.jpg","datePublished":"2022-10-31T06:36:23+00:00","dateModified":"2022-11-01T09:03:52+00:00","description":"Tonsor&Cie est un concept store fran\u00e7ais. Un lieu exclusivement d\u00e9di\u00e9 \u00e0 l'homme, un voyage entre tradition et modernit\u00e9, une exp\u00e9rience unique","breadcrumb":{"@id":"https:\/\/ditcheyenne.com\/collaborations\/moto-heroes\/#breadcrumb"},"inLanguage":"en-GB","potentialAction":[{"@type":"ReadAction","target":["https:\/\/ditcheyenne.com\/collaborations\/moto-heroes\/"]}]},{"@type":"ImageObject","inLanguage":"en-GB","@id":"https:\/\/ditcheyenne.com\/collaborations\/moto-heroes\/#primaryimage","url":"https:\/\/ditcheyenne.com\/wp-content\/uploads\/2022\/10\/1-8.jpg","contentUrl":"https:\/\/ditcheyenne.com\/wp-content\/uploads\/2022\/10\/1-8.jpg","width":1042,"height":719,"caption":"magazine moto"},{"@type":"BreadcrumbList","@id":"https:\/\/ditcheyenne.com\/collaborations\/moto-heroes\/#breadcrumb","itemListElement":[{"@type":"ListItem","position":1,"name":"Accueil","item":"https:\/\/ditcheyenne.com\/"},{"@type":"ListItem","position":2,"name":"Collaborations","item":"https:\/\/ditcheyenne.com\/collaborations\/"},{"@type":"ListItem","position":3,"name":"Moto Heroes"}]},{"@type":"WebSite","@id":"https:\/\/ditcheyenne.com\/#website","url":"https:\/\/ditcheyenne.com\/","name":"Dit Cheyenne","description":"Artiste","publisher":{"@id":"https:\/\/ditcheyenne.com\/#\/schema\/person\/ebb98861576534004f1031ef7e41fb21"},"potentialAction":[{"@type":"SearchAction","target":{"@type":"EntryPoint","urlTemplate":"https:\/\/ditcheyenne.com\/?s={search_term_string}"},"query-input":{"@type":"PropertyValueSpecification","valueRequired":true,"valueName":"search_term_string"}}],"inLanguage":"en-GB"},{"@type":["Person","Organization"],"@id":"https:\/\/ditcheyenne.com\/#\/schema\/person\/ebb98861576534004f1031ef7e41fb21","name":"Dit Cheyenne","image":{"@type":"ImageObject","inLanguage":"en-GB","@id":"https:\/\/ditcheyenne.com\/#\/schema\/person\/image\/","url":"https:\/\/ditcheyenne.com\/wp-content\/uploads\/2022\/09\/LOGO-DITCHEYENNE-2.png","contentUrl":"https:\/\/ditcheyenne.com\/wp-content\/uploads\/2022\/09\/LOGO-DITCHEYENNE-2.png","width":500,"height":102,"caption":"Dit Cheyenne"},"logo":{"@id":"https:\/\/ditcheyenne.com\/#\/schema\/person\/image\/"},"sameAs":["http:\/\/ditcheyenne.com","https:\/\/www.facebook.com\/profile.php?id=100063726633338","https:\/\/www.instagram.com\/ditcheyenne\/","https:\/\/www.youtube.com\/channel\/UCnXrhWXa8xOas31qcK3f_1Q"]}]}},"_links":{"self":[{"href":"https:\/\/ditcheyenne.com\/en\/wp-json\/wp\/v2\/pages\/973","targetHints":{"allow":["GET"]}}],"collection":[{"href":"https:\/\/ditcheyenne.com\/en\/wp-json\/wp\/v2\/pages"}],"about":[{"href":"https:\/\/ditcheyenne.com\/en\/wp-json\/wp\/v2\/types\/page"}],"author":[{"embeddable":true,"href":"https:\/\/ditcheyenne.com\/en\/wp-json\/wp\/v2\/users\/1"}],"replies":[{"embeddable":true,"href":"https:\/\/ditcheyenne.com\/en\/wp-json\/wp\/v2\/comments?post=973"}],"version-history":[{"count":0,"href":"https:\/\/ditcheyenne.com\/en\/wp-json\/wp\/v2\/pages\/973\/revisions"}],"up":[{"embeddable":true,"href":"https:\/\/ditcheyenne.com\/en\/wp-json\/wp\/v2\/pages\/214"}],"wp:featuredmedia":[{"embeddable":true,"href":"https:\/\/ditcheyenne.com\/en\/wp-json\/wp\/v2\/media\/983"}],"wp:attachment":[{"href":"https:\/\/ditcheyenne.com\/en\/wp-json\/wp\/v2\/media?parent=973"}],"curies":[{"name":"wp","href":"https:\/\/api.w.org\/{rel}","templated":true}]}}