{"id":61,"date":"2022-09-28T10:52:46","date_gmt":"2022-09-28T08:52:46","guid":{"rendered":"https:\/\/ditcheyenne.com\/?page_id=61"},"modified":"2023-06-29T07:34:06","modified_gmt":"2023-06-29T05:34:06","slug":"about","status":"publish","type":"page","link":"https:\/\/ditcheyenne.com\/en\/about\/","title":{"rendered":"About"},"content":{"rendered":"<div data-elementor-type=\"wp-page\" data-elementor-id=\"61\" class=\"elementor elementor-61\" data-elementor-post-type=\"page\">\n\t\t\t\t<div class=\"elementor-element elementor-element-69e37bc1 e-flex e-con-boxed e-con e-parent\" data-id=\"69e37bc1\" data-element_type=\"container\">\n\t\t\t\t\t<div class=\"e-con-inner\">\n\t\t\t\t\t<\/div>\n\t\t\t\t<\/div>\n\t\t<div class=\"elementor-element elementor-element-14aed5b e-flex e-con-boxed e-con e-parent\" data-id=\"14aed5b\" data-element_type=\"container\" data-settings=\"{&quot;background_background&quot;:&quot;classic&quot;}\">\n\t\t\t\t\t<div class=\"e-con-inner\">\n\t\t\t\t<div class=\"elementor-element elementor-element-f1f8625 elementor-widget elementor-widget-heading\" data-id=\"f1f8625\" data-element_type=\"widget\" data-widget_type=\"heading.default\">\n\t\t\t\t<div class=\"elementor-widget-container\">\n\t\t\t\t\t<div class=\"elementor-heading-title elementor-size-default\">FREEDOM<\/div>\t\t\t\t<\/div>\n\t\t\t\t<\/div>\n\t\t\t\t<div class=\"elementor-element elementor-element-cfb0ab3 elementor-widget elementor-widget-heading\" data-id=\"cfb0ab3\" data-element_type=\"widget\" data-widget_type=\"heading.default\">\n\t\t\t\t<div class=\"elementor-widget-container\">\n\t\t\t\t\t<div class=\"elementor-heading-title elementor-size-default\">IS MY<\/div>\t\t\t\t<\/div>\n\t\t\t\t<\/div>\n\t\t\t\t<div class=\"elementor-element elementor-element-d95f0fa elementor-widget elementor-widget-heading\" data-id=\"d95f0fa\" data-element_type=\"widget\" data-widget_type=\"heading.default\">\n\t\t\t\t<div class=\"elementor-widget-container\">\n\t\t\t\t\t<div class=\"elementor-heading-title elementor-size-default\">LUXURY<\/div>\t\t\t\t<\/div>\n\t\t\t\t<\/div>\n\t\t\t\t\t<\/div>\n\t\t\t\t<\/div>\n\t\t<div class=\"elementor-element elementor-element-b388cba e-flex e-con-boxed e-con e-parent\" data-id=\"b388cba\" data-element_type=\"container\">\n\t\t\t\t\t<div class=\"e-con-inner\">\n\t\t\t\t<div class=\"elementor-element elementor-element-7baf5c2 elementor-blockquote--skin-quotation elementor-widget__width-initial elementor-widget elementor-widget-blockquote\" data-id=\"7baf5c2\" data-element_type=\"widget\" data-widget_type=\"blockquote.default\">\n\t\t\t\t<div class=\"elementor-widget-container\">\n\t\t\t\t\t\t\t<blockquote class=\"elementor-blockquote\">\n\t\t\t<p class=\"elementor-blockquote__content\">\n\t\t\t\t\u00ab My way of living is based on the freedom of movement and of the mind,\nit will give you an understanding of yourself and your work that is authentic. \u00bb\t\t\t<\/p>\n\t\t\t\t\t<\/blockquote>\n\t\t\t\t\t\t<\/div>\n\t\t\t\t<\/div>\n\t\t\t\t\t<\/div>\n\t\t\t\t<\/div>\n\t\t<div class=\"elementor-element elementor-element-1d7e795 e-flex e-con-boxed e-con e-parent\" data-id=\"1d7e795\" data-element_type=\"container\">\n\t\t\t\t\t<div class=\"e-con-inner\">\n\t\t<div class=\"elementor-element elementor-element-60a3684 e-con-full e-flex e-con e-child\" data-id=\"60a3684\" data-element_type=\"container\">\n\t\t\t\t<div class=\"elementor-element elementor-element-5babed6 elementor-widget-mobile__width-initial elementor-widget elementor-widget-image\" data-id=\"5babed6\" data-element_type=\"widget\" data-widget_type=\"image.default\">\n\t\t\t\t<div class=\"elementor-widget-container\">\n\t\t\t\t\t\t\t\t\t\t\t\t\t\t\t<img fetchpriority=\"high\" decoding=\"async\" width=\"800\" height=\"800\" src=\"https:\/\/ditcheyenne.com\/wp-content\/uploads\/2022\/10\/About-dit-cheyenne-003-1024x1024.jpg\" class=\"attachment-large size-large wp-image-469\" alt=\"Tatoueuse\" srcset=\"https:\/\/ditcheyenne.com\/wp-content\/uploads\/2022\/10\/About-dit-cheyenne-003-1024x1024.jpg 1024w, https:\/\/ditcheyenne.com\/wp-content\/uploads\/2022\/10\/About-dit-cheyenne-003-300x300.jpg 300w, https:\/\/ditcheyenne.com\/wp-content\/uploads\/2022\/10\/About-dit-cheyenne-003-100x100.jpg 100w, https:\/\/ditcheyenne.com\/wp-content\/uploads\/2022\/10\/About-dit-cheyenne-003-600x600.jpg 600w, https:\/\/ditcheyenne.com\/wp-content\/uploads\/2022\/10\/About-dit-cheyenne-003-150x150.jpg 150w, https:\/\/ditcheyenne.com\/wp-content\/uploads\/2022\/10\/About-dit-cheyenne-003-768x768.jpg 768w, https:\/\/ditcheyenne.com\/wp-content\/uploads\/2022\/10\/About-dit-cheyenne-003.jpg 1148w\" sizes=\"(max-width: 800px) 100vw, 800px\" \/>\t\t\t\t\t\t\t\t\t\t\t\t\t\t\t<\/div>\n\t\t\t\t<\/div>\n\t\t\t\t<\/div>\n\t\t<div class=\"elementor-element elementor-element-5cee124 e-con-full e-flex e-con e-child\" data-id=\"5cee124\" data-element_type=\"container\">\n\t\t\t\t<div class=\"elementor-element elementor-element-9f9629a elementor-widget elementor-widget-heading\" data-id=\"9f9629a\" data-element_type=\"widget\" data-widget_type=\"heading.default\">\n\t\t\t\t<div class=\"elementor-widget-container\">\n\t\t\t\t\t<h1 class=\"elementor-heading-title elementor-size-default\">ABOUT<\/h1>\t\t\t\t<\/div>\n\t\t\t\t<\/div>\n\t\t\t\t<div class=\"elementor-element elementor-element-4875828 elementor-widget elementor-widget-text-editor\" data-id=\"4875828\" data-element_type=\"widget\" data-widget_type=\"text-editor.default\">\n\t\t\t\t<div class=\"elementor-widget-container\">\n\t\t\t\t\t\t\t\t\t<p class=\"translation-block\">I am <strong>french artist<\/strong> from Toulouse France.\nFor many years, i choose a nomadic  Lifestyle, travelling to country to country, to get more inspiration for my (he)art. The World is a big school where you can learn every day of your life.\nCurrently based in <strong>France<\/strong> and  few months in the year in <strong>India<\/strong> since 2014, I like to travel where the wind brings me or when the call for a <strong>collaboartion<\/strong> is giving .<\/p><p class=\"translation-block\">Inside my skills, i have a state of  <strong>diploma of Architecture<\/strong> and Scenography from <strong>Art school Duperr\u00e9 <\/strong> in Paris. I  worked as an  <strong>architect<\/strong> in New Caledonia, Bali and France from 2009 to 2012.<\/br>\nI am <strong>tattoo artist<\/strong> since 2011 and dedicate my life to celebrate human body since then.<\/p><p class=\"translation-block\">I found my way of drawing and i am only <strong>tattoing<\/strong> my drawings. I am using all aspects and mediums of <strong>Art<\/strong> to express my drawings and visions: <strong>tattoing<\/strong>, <strong>painting<\/strong>,  porcelain, embroidering, tapestry, drawing on walls, and more.<\/p><p>Mais j&rsquo;ai plus \u00e0 exp\u00e9rimenter, \u00e0 apprendre, \u00e0 essayer, mon d\u00e9sir d&rsquo;exprimer mon Art est sans fin. Seul, l&rsquo;investissement financier peut contenir des id\u00e9es dans mon esprit mais l\u2019envie est vive.<\/p>\t\t\t\t\t\t\t\t<\/div>\n\t\t\t\t<\/div>\n\t\t\t\t<\/div>\n\t\t\t\t\t<\/div>\n\t\t\t\t<\/div>\n\t\t<div class=\"elementor-element elementor-element-54fcc54 e-flex e-con-boxed e-con e-parent\" data-id=\"54fcc54\" data-element_type=\"container\" data-settings=\"{&quot;background_background&quot;:&quot;classic&quot;}\">\n\t\t\t\t\t<div class=\"e-con-inner\">\n\t\t<div class=\"elementor-element elementor-element-ce67dc3 e-con-full e-flex e-con e-child\" data-id=\"ce67dc3\" data-element_type=\"container\">\n\t\t\t\t<div class=\"elementor-element elementor-element-5ad5124 elementor-widget elementor-widget-heading\" data-id=\"5ad5124\" data-element_type=\"widget\" data-widget_type=\"heading.default\">\n\t\t\t\t<div class=\"elementor-widget-container\">\n\t\t\t\t\t<h2 class=\"elementor-heading-title elementor-size-default translation-block\">Do you have any wishes of <b>collaborations<\/b> ?<\/h2>\t\t\t\t<\/div>\n\t\t\t\t<\/div>\n\t\t\t\t<div class=\"elementor-element elementor-element-82cba5a elementor-widget elementor-widget-text-editor\" data-id=\"82cba5a\" data-element_type=\"widget\" data-widget_type=\"text-editor.default\">\n\t\t\t\t<div class=\"elementor-widget-container\">\n\t\t\t\t\t\t\t\t\t<p>i am open to speak about it.<\/p>\t\t\t\t\t\t\t\t<\/div>\n\t\t\t\t<\/div>\n\t\t\t\t<div class=\"elementor-element elementor-element-67a94ee elementor-align-center elementor-widget elementor-widget-button\" data-id=\"67a94ee\" data-element_type=\"widget\" data-widget_type=\"button.default\">\n\t\t\t\t<div class=\"elementor-widget-container\">\n\t\t\t\t\t\t\t\t\t<div class=\"elementor-button-wrapper\">\n\t\t\t\t\t<a class=\"elementor-button elementor-button-link elementor-size-sm\" href=\"#contact\">\n\t\t\t\t\t\t<span class=\"elementor-button-content-wrapper\">\n\t\t\t\t\t\t\t\t\t<span class=\"elementor-button-text\">Contact me<\/span>\n\t\t\t\t\t<\/span>\n\t\t\t\t\t<\/a>\n\t\t\t\t<\/div>\n\t\t\t\t\t\t\t\t<\/div>\n\t\t\t\t<\/div>\n\t\t\t\t<\/div>\n\t\t<div class=\"elementor-element elementor-element-2cc716d e-con-full e-flex e-con e-child\" data-id=\"2cc716d\" data-element_type=\"container\">\n\t\t\t\t<div class=\"elementor-element elementor-element-0f47da8 elementor-widget elementor-widget-heading\" data-id=\"0f47da8\" data-element_type=\"widget\" data-widget_type=\"heading.default\">\n\t\t\t\t<div class=\"elementor-widget-container\">\n\t\t\t\t\t<h2 class=\"elementor-heading-title elementor-size-default translation-block\">Do you want to see my work and <b>practice of tattooing<\/b> ?<\/h2>\t\t\t\t<\/div>\n\t\t\t\t<\/div>\n\t\t\t\t<div class=\"elementor-element elementor-element-78aa693 elementor-widget elementor-widget-text-editor\" data-id=\"78aa693\" data-element_type=\"widget\" data-widget_type=\"text-editor.default\">\n\t\t\t\t<div class=\"elementor-widget-container\">\n\t\t\t\t\t\t\t\t\t<p>Follow my Instagram account<\/p>\t\t\t\t\t\t\t\t<\/div>\n\t\t\t\t<\/div>\n\t\t\t\t<div class=\"elementor-element elementor-element-23baac0 elementor-align-center elementor-widget elementor-widget-button\" data-id=\"23baac0\" data-element_type=\"widget\" data-widget_type=\"button.default\">\n\t\t\t\t<div class=\"elementor-widget-container\">\n\t\t\t\t\t\t\t\t\t<div class=\"elementor-button-wrapper\">\n\t\t\t\t\t<a class=\"elementor-button elementor-button-link elementor-size-sm\" href=\"https:\/\/www.instagram.com\/ditcheyenne\/\" target=\"_blank\">\n\t\t\t\t\t\t<span class=\"elementor-button-content-wrapper\">\n\t\t\t\t\t\t<span class=\"elementor-button-icon\">\n\t\t\t\t<i aria-hidden=\"true\" class=\"fab fa-instagram\"><\/i>\t\t\t<\/span>\n\t\t\t\t\t\t\t\t\t<span class=\"elementor-button-text\">DITCHEYENNE<\/span>\n\t\t\t\t\t<\/span>\n\t\t\t\t\t<\/a>\n\t\t\t\t<\/div>\n\t\t\t\t\t\t\t\t<\/div>\n\t\t\t\t<\/div>\n\t\t\t\t<\/div>\n\t\t\t\t\t<\/div>\n\t\t\t\t<\/div>\n\t\t<div class=\"elementor-element elementor-element-08a5678 e-flex e-con-boxed e-con e-parent\" data-id=\"08a5678\" data-element_type=\"container\">\n\t\t\t\t\t<div class=\"e-con-inner\">\n\t\t\t\t<div class=\"elementor-element elementor-element-257e7ae elementor-blockquote--skin-quotation elementor-widget__width-initial elementor-blockquote--align-center elementor-widget elementor-widget-blockquote\" data-id=\"257e7ae\" data-element_type=\"widget\" data-widget_type=\"blockquote.default\">\n\t\t\t\t<div class=\"elementor-widget-container\">\n\t\t\t\t\t\t\t<blockquote class=\"elementor-blockquote\">\n\t\t\t<p class=\"elementor-blockquote__content\">\n\t\t\t\tBe part of our Tribe\t\t\t<\/p>\n\t\t\t\t\t\t\t<div class=\"e-q-footer\">\n\t\t\t\t\t\t\t\t\t\t\t<cite class=\"elementor-blockquote__author\">Hari Om | Dit Cheyenne<\/cite>\n\t\t\t\t\t\t\t\t\t\t\t\t\t\t<\/div>\n\t\t\t\t\t<\/blockquote>\n\t\t\t\t\t\t<\/div>\n\t\t\t\t<\/div>\n\t\t\t\t\t<\/div>\n\t\t\t\t<\/div>\n\t\t\t\t<\/div>","protected":false},"excerpt":{"rendered":"<p>FREEDOM IS MY LUXURY \u00ab My way of living is based on the freedom of movement and of the mind, it will give you an understanding of yourself and your work that is authentic. \u00bb ABOUT Je suis une artiste fran\u00e7aise. Depuis 2009, j&rsquo;ai choisi un style de vie nomade, voyageant de pays en pays, [&hellip;]<\/p>","protected":false},"author":1,"featured_media":0,"parent":0,"menu_order":0,"comment_status":"closed","ping_status":"closed","template":"","meta":{"footnotes":""},"class_list":["post-61","page","type-page","status-publish","hentry"],"yoast_head":"<!-- This site is optimized with the Yoast SEO plugin v26.6 - https:\/\/yoast.com\/wordpress\/plugins\/seo\/ -->\n<title>About | Dit Cheyenne<\/title>\n<meta name=\"robots\" content=\"index, follow, max-snippet:-1, max-image-preview:large, max-video-preview:-1\" \/>\n<link rel=\"canonical\" href=\"https:\/\/ditcheyenne.com\/en\/about\/\" \/>\n<meta property=\"og:locale\" content=\"en_GB\" \/>\n<meta property=\"og:type\" content=\"article\" \/>\n<meta property=\"og:title\" content=\"About | Dit Cheyenne\" \/>\n<meta property=\"og:description\" content=\"FREEDOM IS MY LUXURY \u00ab My way of living is based on the freedom of movement and of the mind, it will give you an understanding of yourself and your work that is authentic. \u00bb ABOUT Je suis une artiste fran\u00e7aise. Depuis 2009, j&rsquo;ai choisi un style de vie nomade, voyageant de pays en pays, [&hellip;]\" \/>\n<meta property=\"og:url\" content=\"https:\/\/ditcheyenne.com\/en\/about\/\" \/>\n<meta property=\"og:site_name\" content=\"Dit Cheyenne\" \/>\n<meta property=\"article:publisher\" content=\"https:\/\/www.facebook.com\/profile.php?id=100063726633338\" \/>\n<meta property=\"article:modified_time\" content=\"2023-06-29T05:34:06+00:00\" \/>\n<meta property=\"og:image\" content=\"https:\/\/ditcheyenne.com\/wp-content\/uploads\/2022\/10\/About-dit-cheyenne-003-1024x1024.jpg\" \/>\n<meta name=\"twitter:card\" content=\"summary_large_image\" \/>\n<script type=\"application\/ld+json\" class=\"yoast-schema-graph\">{\"@context\":\"https:\/\/schema.org\",\"@graph\":[{\"@type\":\"WebPage\",\"@id\":\"https:\/\/ditcheyenne.com\/about\/\",\"url\":\"https:\/\/ditcheyenne.com\/about\/\",\"name\":\"About | Dit Cheyenne\",\"isPartOf\":{\"@id\":\"https:\/\/ditcheyenne.com\/#website\"},\"primaryImageOfPage\":{\"@id\":\"https:\/\/ditcheyenne.com\/about\/#primaryimage\"},\"image\":{\"@id\":\"https:\/\/ditcheyenne.com\/about\/#primaryimage\"},\"thumbnailUrl\":\"https:\/\/ditcheyenne.com\/wp-content\/uploads\/2022\/10\/About-dit-cheyenne-003-1024x1024.jpg\",\"datePublished\":\"2022-09-28T08:52:46+00:00\",\"dateModified\":\"2023-06-29T05:34:06+00:00\",\"breadcrumb\":{\"@id\":\"https:\/\/ditcheyenne.com\/about\/#breadcrumb\"},\"inLanguage\":\"en-GB\",\"potentialAction\":[{\"@type\":\"ReadAction\",\"target\":[\"https:\/\/ditcheyenne.com\/about\/\"]}]},{\"@type\":\"ImageObject\",\"inLanguage\":\"en-GB\",\"@id\":\"https:\/\/ditcheyenne.com\/about\/#primaryimage\",\"url\":\"https:\/\/ditcheyenne.com\/wp-content\/uploads\/2022\/10\/About-dit-cheyenne-003-1024x1024.jpg\",\"contentUrl\":\"https:\/\/ditcheyenne.com\/wp-content\/uploads\/2022\/10\/About-dit-cheyenne-003-1024x1024.jpg\"},{\"@type\":\"BreadcrumbList\",\"@id\":\"https:\/\/ditcheyenne.com\/about\/#breadcrumb\",\"itemListElement\":[{\"@type\":\"ListItem\",\"position\":1,\"name\":\"Accueil\",\"item\":\"https:\/\/ditcheyenne.com\/\"},{\"@type\":\"ListItem\",\"position\":2,\"name\":\"About\"}]},{\"@type\":\"WebSite\",\"@id\":\"https:\/\/ditcheyenne.com\/#website\",\"url\":\"https:\/\/ditcheyenne.com\/\",\"name\":\"Dit Cheyenne\",\"description\":\"Artiste\",\"publisher\":{\"@id\":\"https:\/\/ditcheyenne.com\/#\/schema\/person\/ebb98861576534004f1031ef7e41fb21\"},\"potentialAction\":[{\"@type\":\"SearchAction\",\"target\":{\"@type\":\"EntryPoint\",\"urlTemplate\":\"https:\/\/ditcheyenne.com\/?s={search_term_string}\"},\"query-input\":{\"@type\":\"PropertyValueSpecification\",\"valueRequired\":true,\"valueName\":\"search_term_string\"}}],\"inLanguage\":\"en-GB\"},{\"@type\":[\"Person\",\"Organization\"],\"@id\":\"https:\/\/ditcheyenne.com\/#\/schema\/person\/ebb98861576534004f1031ef7e41fb21\",\"name\":\"Dit Cheyenne\",\"image\":{\"@type\":\"ImageObject\",\"inLanguage\":\"en-GB\",\"@id\":\"https:\/\/ditcheyenne.com\/#\/schema\/person\/image\/\",\"url\":\"https:\/\/ditcheyenne.com\/wp-content\/uploads\/2022\/09\/LOGO-DITCHEYENNE-2.png\",\"contentUrl\":\"https:\/\/ditcheyenne.com\/wp-content\/uploads\/2022\/09\/LOGO-DITCHEYENNE-2.png\",\"width\":500,\"height\":102,\"caption\":\"Dit Cheyenne\"},\"logo\":{\"@id\":\"https:\/\/ditcheyenne.com\/#\/schema\/person\/image\/\"},\"sameAs\":[\"http:\/\/ditcheyenne.com\",\"https:\/\/www.facebook.com\/profile.php?id=100063726633338\",\"https:\/\/www.instagram.com\/ditcheyenne\/\",\"https:\/\/www.youtube.com\/channel\/UCnXrhWXa8xOas31qcK3f_1Q\"]}]}<\/script>\n<!-- \/ Yoast SEO plugin. -->","yoast_head_json":{"title":"About | Dit Cheyenne","robots":{"index":"index","follow":"follow","max-snippet":"max-snippet:-1","max-image-preview":"max-image-preview:large","max-video-preview":"max-video-preview:-1"},"canonical":"https:\/\/ditcheyenne.com\/en\/about\/","og_locale":"en_GB","og_type":"article","og_title":"About | Dit Cheyenne","og_description":"FREEDOM IS MY LUXURY \u00ab My way of living is based on the freedom of movement and of the mind, it will give you an understanding of yourself and your work that is authentic. \u00bb ABOUT Je suis une artiste fran\u00e7aise. Depuis 2009, j&rsquo;ai choisi un style de vie nomade, voyageant de pays en pays, [&hellip;]","og_url":"https:\/\/ditcheyenne.com\/en\/about\/","og_site_name":"Dit Cheyenne","article_publisher":"https:\/\/www.facebook.com\/profile.php?id=100063726633338","article_modified_time":"2023-06-29T05:34:06+00:00","og_image":[{"url":"https:\/\/ditcheyenne.com\/wp-content\/uploads\/2022\/10\/About-dit-cheyenne-003-1024x1024.jpg","type":"","width":"","height":""}],"twitter_card":"summary_large_image","schema":{"@context":"https:\/\/schema.org","@graph":[{"@type":"WebPage","@id":"https:\/\/ditcheyenne.com\/about\/","url":"https:\/\/ditcheyenne.com\/about\/","name":"About | Dit Cheyenne","isPartOf":{"@id":"https:\/\/ditcheyenne.com\/#website"},"primaryImageOfPage":{"@id":"https:\/\/ditcheyenne.com\/about\/#primaryimage"},"image":{"@id":"https:\/\/ditcheyenne.com\/about\/#primaryimage"},"thumbnailUrl":"https:\/\/ditcheyenne.com\/wp-content\/uploads\/2022\/10\/About-dit-cheyenne-003-1024x1024.jpg","datePublished":"2022-09-28T08:52:46+00:00","dateModified":"2023-06-29T05:34:06+00:00","breadcrumb":{"@id":"https:\/\/ditcheyenne.com\/about\/#breadcrumb"},"inLanguage":"en-GB","potentialAction":[{"@type":"ReadAction","target":["https:\/\/ditcheyenne.com\/about\/"]}]},{"@type":"ImageObject","inLanguage":"en-GB","@id":"https:\/\/ditcheyenne.com\/about\/#primaryimage","url":"https:\/\/ditcheyenne.com\/wp-content\/uploads\/2022\/10\/About-dit-cheyenne-003-1024x1024.jpg","contentUrl":"https:\/\/ditcheyenne.com\/wp-content\/uploads\/2022\/10\/About-dit-cheyenne-003-1024x1024.jpg"},{"@type":"BreadcrumbList","@id":"https:\/\/ditcheyenne.com\/about\/#breadcrumb","itemListElement":[{"@type":"ListItem","position":1,"name":"Accueil","item":"https:\/\/ditcheyenne.com\/"},{"@type":"ListItem","position":2,"name":"About"}]},{"@type":"WebSite","@id":"https:\/\/ditcheyenne.com\/#website","url":"https:\/\/ditcheyenne.com\/","name":"Dit Cheyenne","description":"Artiste","publisher":{"@id":"https:\/\/ditcheyenne.com\/#\/schema\/person\/ebb98861576534004f1031ef7e41fb21"},"potentialAction":[{"@type":"SearchAction","target":{"@type":"EntryPoint","urlTemplate":"https:\/\/ditcheyenne.com\/?s={search_term_string}"},"query-input":{"@type":"PropertyValueSpecification","valueRequired":true,"valueName":"search_term_string"}}],"inLanguage":"en-GB"},{"@type":["Person","Organization"],"@id":"https:\/\/ditcheyenne.com\/#\/schema\/person\/ebb98861576534004f1031ef7e41fb21","name":"Dit Cheyenne","image":{"@type":"ImageObject","inLanguage":"en-GB","@id":"https:\/\/ditcheyenne.com\/#\/schema\/person\/image\/","url":"https:\/\/ditcheyenne.com\/wp-content\/uploads\/2022\/09\/LOGO-DITCHEYENNE-2.png","contentUrl":"https:\/\/ditcheyenne.com\/wp-content\/uploads\/2022\/09\/LOGO-DITCHEYENNE-2.png","width":500,"height":102,"caption":"Dit Cheyenne"},"logo":{"@id":"https:\/\/ditcheyenne.com\/#\/schema\/person\/image\/"},"sameAs":["http:\/\/ditcheyenne.com","https:\/\/www.facebook.com\/profile.php?id=100063726633338","https:\/\/www.instagram.com\/ditcheyenne\/","https:\/\/www.youtube.com\/channel\/UCnXrhWXa8xOas31qcK3f_1Q"]}]}},"_links":{"self":[{"href":"https:\/\/ditcheyenne.com\/en\/wp-json\/wp\/v2\/pages\/61","targetHints":{"allow":["GET"]}}],"collection":[{"href":"https:\/\/ditcheyenne.com\/en\/wp-json\/wp\/v2\/pages"}],"about":[{"href":"https:\/\/ditcheyenne.com\/en\/wp-json\/wp\/v2\/types\/page"}],"author":[{"embeddable":true,"href":"https:\/\/ditcheyenne.com\/en\/wp-json\/wp\/v2\/users\/1"}],"replies":[{"embeddable":true,"href":"https:\/\/ditcheyenne.com\/en\/wp-json\/wp\/v2\/comments?post=61"}],"version-history":[{"count":4,"href":"https:\/\/ditcheyenne.com\/en\/wp-json\/wp\/v2\/pages\/61\/revisions"}],"predecessor-version":[{"id":1745,"href":"https:\/\/ditcheyenne.com\/en\/wp-json\/wp\/v2\/pages\/61\/revisions\/1745"}],"wp:attachment":[{"href":"https:\/\/ditcheyenne.com\/en\/wp-json\/wp\/v2\/media?parent=61"}],"curies":[{"name":"wp","href":"https:\/\/api.w.org\/{rel}","templated":true}]}}