{"id":1419,"date":"2022-11-02T15:13:39","date_gmt":"2022-11-02T14:13:39","guid":{"rendered":"https:\/\/ditcheyenne.com\/?page_id=1419"},"modified":"2022-11-02T15:19:32","modified_gmt":"2022-11-02T14:19:32","slug":"wheels-of-soul","status":"publish","type":"page","link":"https:\/\/ditcheyenne.com\/en\/collaborations\/wheels-of-soul\/","title":{"rendered":"Wheels of Soul"},"content":{"rendered":"<div data-elementor-type=\"wp-page\" data-elementor-id=\"1419\" class=\"elementor elementor-1419\" data-elementor-post-type=\"page\">\n\t\t\t\t<div class=\"elementor-element elementor-element-6d254a9 e-flex e-con-boxed e-con e-parent\" data-id=\"6d254a9\" data-element_type=\"container\">\n\t\t\t\t\t<div class=\"e-con-inner\">\n\t\t<div class=\"elementor-element elementor-element-17c8590 e-con-full e-flex e-con e-child\" data-id=\"17c8590\" data-element_type=\"container\">\n\t\t\t\t<div class=\"elementor-element elementor-element-345048e elementor-widget elementor-widget-text-editor\" data-id=\"345048e\" data-element_type=\"widget\" data-widget_type=\"text-editor.default\">\n\t\t\t\t<div class=\"elementor-widget-container\">\n\t\t\t\t\t\t\t\t\t<p class=\"translation-block\">A ride on Vintage, atypical bikes, in the streets of Paris Show cases of 30 to 40 minutes provided by DLEE (Soul music) and  guests who support the fundamental value of the \u201cWheels of Soul\u201d movement: cultural diversity.<br>\nMovement and event created by Sebastien Guenegan.<br>\nDit Cheyenne designed their banner design.<\/p>\t\t\t\t\t\t\t\t<\/div>\n\t\t\t\t<\/div>\n\t\t\t\t<div class=\"elementor-element elementor-element-e9ed26b elementor-widget elementor-widget-text-editor\" data-id=\"e9ed26b\" data-element_type=\"widget\" data-widget_type=\"text-editor.default\">\n\t\t\t\t<div class=\"elementor-widget-container\">\n\t\t\t\t\t\t\t\t\t<p>#wheelsofthesoul #dlee #baladevelo #paris\u00e0velo #parisvelo<\/p>\t\t\t\t\t\t\t\t<\/div>\n\t\t\t\t<\/div>\n\t\t\t\t<\/div>\n\t\t<div class=\"elementor-element elementor-element-9fa34be e-con-full elementor-hidden-mobile e-flex e-con e-child\" data-id=\"9fa34be\" data-element_type=\"container\">\n\t\t\t\t<div class=\"elementor-element elementor-element-c9701a6 elementor-widget elementor-widget-image\" data-id=\"c9701a6\" data-element_type=\"widget\" data-widget_type=\"image.default\">\n\t\t\t\t<div class=\"elementor-widget-container\">\n\t\t\t\t\t\t\t\t\t\t\t\t\t\t\t<img fetchpriority=\"high\" decoding=\"async\" width=\"800\" height=\"800\" src=\"https:\/\/ditcheyenne.com\/wp-content\/uploads\/2022\/11\/BANNER-circle-1024x1024.jpg\" class=\"attachment-large size-large wp-image-1421\" alt=\"WHEELS OF SOUL logo\" srcset=\"https:\/\/ditcheyenne.com\/wp-content\/uploads\/2022\/11\/BANNER-circle-1024x1024.jpg 1024w, https:\/\/ditcheyenne.com\/wp-content\/uploads\/2022\/11\/BANNER-circle-300x300.jpg 300w, https:\/\/ditcheyenne.com\/wp-content\/uploads\/2022\/11\/BANNER-circle-100x100.jpg 100w, https:\/\/ditcheyenne.com\/wp-content\/uploads\/2022\/11\/BANNER-circle-600x600.jpg 600w, https:\/\/ditcheyenne.com\/wp-content\/uploads\/2022\/11\/BANNER-circle-150x150.jpg 150w, https:\/\/ditcheyenne.com\/wp-content\/uploads\/2022\/11\/BANNER-circle-768x768.jpg 768w, https:\/\/ditcheyenne.com\/wp-content\/uploads\/2022\/11\/BANNER-circle-1536x1536.jpg 1536w, https:\/\/ditcheyenne.com\/wp-content\/uploads\/2022\/11\/BANNER-circle-12x12.jpg 12w, https:\/\/ditcheyenne.com\/wp-content\/uploads\/2022\/11\/BANNER-circle.jpg 1600w\" sizes=\"(max-width: 800px) 100vw, 800px\" \/>\t\t\t\t\t\t\t\t\t\t\t\t\t\t\t<\/div>\n\t\t\t\t<\/div>\n\t\t\t\t<\/div>\n\t\t\t\t\t<\/div>\n\t\t\t\t<\/div>\n\t\t<div class=\"elementor-element elementor-element-2d97f70 e-flex e-con-boxed e-con e-parent\" data-id=\"2d97f70\" data-element_type=\"container\">\n\t\t\t\t\t<div class=\"e-con-inner\">\n\t\t\t\t<div class=\"elementor-element elementor-element-fc8220d elementor-widget elementor-widget-gallery\" data-id=\"fc8220d\" data-element_type=\"widget\" data-settings=\"{&quot;gallery_layout&quot;:&quot;masonry&quot;,&quot;lazyload&quot;:&quot;yes&quot;,&quot;columns&quot;:4,&quot;columns_tablet&quot;:2,&quot;columns_mobile&quot;:1,&quot;gap&quot;:{&quot;unit&quot;:&quot;px&quot;,&quot;size&quot;:10,&quot;sizes&quot;:[]},&quot;gap_tablet&quot;:{&quot;unit&quot;:&quot;px&quot;,&quot;size&quot;:10,&quot;sizes&quot;:[]},&quot;gap_mobile&quot;:{&quot;unit&quot;:&quot;px&quot;,&quot;size&quot;:10,&quot;sizes&quot;:[]},&quot;link_to&quot;:&quot;file&quot;,&quot;overlay_background&quot;:&quot;yes&quot;,&quot;content_hover_animation&quot;:&quot;fade-in&quot;}\" data-widget_type=\"gallery.default\">\n\t\t\t\t<div class=\"elementor-widget-container\">\n\t\t\t\t\t\t\t<div class=\"elementor-gallery__container\">\n\t\t\t\t\t\t\t<a class=\"e-gallery-item elementor-gallery-item elementor-animated-content\" href=\"https:\/\/ditcheyenne.com\/wp-content\/uploads\/2022\/11\/BANNER.jpg\" data-elementor-open-lightbox=\"yes\" data-elementor-lightbox-slideshow=\"fc8220d\" data-e-action-hash=\"#elementor-action%3Aaction%3Dlightbox%26settings%3DeyJpZCI6MTQyMiwidXJsIjoiaHR0cHM6XC9cL2RpdGNoZXllbm5lLmNvbVwvd3AtY29udGVudFwvdXBsb2Fkc1wvMjAyMlwvMTFcL0JBTk5FUi5qcGciLCJzbGlkZXNob3ciOiJmYzgyMjBkIn0%3D\">\n\t\t\t\t\t<div class=\"e-gallery-image elementor-gallery-item__image\" data-thumbnail=\"https:\/\/ditcheyenne.com\/wp-content\/uploads\/2022\/11\/BANNER-768x768.jpg\" data-width=\"768\" data-height=\"768\" aria-label=\"WHEELS OF SOUL logo\" role=\"img\" ><\/div>\n\t\t\t\t\t\t\t\t\t\t\t<div class=\"elementor-gallery-item__overlay\"><\/div>\n\t\t\t\t\t\t\t\t\t\t\t\t\t\t<\/a>\n\t\t\t\t\t\t\t<a class=\"e-gallery-item elementor-gallery-item elementor-animated-content\" href=\"https:\/\/ditcheyenne.com\/wp-content\/uploads\/2022\/11\/BANNER-circle.jpg\" data-elementor-open-lightbox=\"yes\" data-elementor-lightbox-slideshow=\"fc8220d\" data-e-action-hash=\"#elementor-action%3Aaction%3Dlightbox%26settings%3DeyJpZCI6MTQyMSwidXJsIjoiaHR0cHM6XC9cL2RpdGNoZXllbm5lLmNvbVwvd3AtY29udGVudFwvdXBsb2Fkc1wvMjAyMlwvMTFcL0JBTk5FUi1jaXJjbGUuanBnIiwic2xpZGVzaG93IjoiZmM4MjIwZCJ9\">\n\t\t\t\t\t<div class=\"e-gallery-image elementor-gallery-item__image\" data-thumbnail=\"https:\/\/ditcheyenne.com\/wp-content\/uploads\/2022\/11\/BANNER-circle-768x768.jpg\" data-width=\"768\" data-height=\"768\" aria-label=\"WHEELS OF SOUL logo\" role=\"img\" ><\/div>\n\t\t\t\t\t\t\t\t\t\t\t<div class=\"elementor-gallery-item__overlay\"><\/div>\n\t\t\t\t\t\t\t\t\t\t\t\t\t\t<\/a>\n\t\t\t\t\t<\/div>\n\t\t\t\t\t<\/div>\n\t\t\t\t<\/div>\n\t\t\t\t\t<\/div>\n\t\t\t\t<\/div>\n\t\t\t\t<\/div>","protected":false},"excerpt":{"rendered":"<p>Une balade en v\u00e9los Vintage, atypiques ou fun tout simplement, dans les rues de Paris entrecoup\u00e9e de show-cases musicaux de 30 \u00e0 40 minutes assur\u00e9s par DLEE (Soul music) et d\u2019invit\u00e9s qui soutiennent la valeur fondamentale du mouvement \u00ab Wheels of Soul \u00bb : la mixit\u00e9 culturelle.Mouvement et \u00e9venement cr\u00e9e par Sebastien Guenegan.Dit Cheyenne a [&hellip;]<\/p>","protected":false},"author":1,"featured_media":1422,"parent":214,"menu_order":0,"comment_status":"closed","ping_status":"closed","template":"","meta":{"footnotes":""},"class_list":["post-1419","page","type-page","status-publish","has-post-thumbnail","hentry"],"yoast_head":"<!-- This site is optimized with the Yoast SEO plugin v26.6 - https:\/\/yoast.com\/wordpress\/plugins\/seo\/ -->\n<title>Wheels of Soul | Dit Cheyenne<\/title>\n<meta name=\"description\" content=\"Tonsor&amp;Cie est un concept store fran\u00e7ais. Un lieu exclusivement d\u00e9di\u00e9 \u00e0 l&#039;homme, un voyage entre tradition et modernit\u00e9, une exp\u00e9rience unique\" \/>\n<meta name=\"robots\" content=\"index, follow, max-snippet:-1, max-image-preview:large, max-video-preview:-1\" \/>\n<link rel=\"canonical\" href=\"https:\/\/ditcheyenne.com\/en\/collaborations\/wheels-of-soul\/\" \/>\n<meta property=\"og:locale\" content=\"en_GB\" \/>\n<meta property=\"og:type\" content=\"article\" \/>\n<meta property=\"og:title\" content=\"Wheels of Soul | Dit Cheyenne\" \/>\n<meta property=\"og:description\" content=\"Tonsor&amp;Cie est un concept store fran\u00e7ais. Un lieu exclusivement d\u00e9di\u00e9 \u00e0 l&#039;homme, un voyage entre tradition et modernit\u00e9, une exp\u00e9rience unique\" \/>\n<meta property=\"og:url\" content=\"https:\/\/ditcheyenne.com\/en\/collaborations\/wheels-of-soul\/\" \/>\n<meta property=\"og:site_name\" content=\"Dit Cheyenne\" \/>\n<meta property=\"article:publisher\" content=\"https:\/\/www.facebook.com\/profile.php?id=100063726633338\" \/>\n<meta property=\"article:modified_time\" content=\"2022-11-02T14:19:32+00:00\" \/>\n<meta property=\"og:image\" content=\"https:\/\/ditcheyenne.com\/wp-content\/uploads\/2022\/11\/BANNER.jpg\" \/>\n\t<meta property=\"og:image:width\" content=\"1600\" \/>\n\t<meta property=\"og:image:height\" content=\"1600\" \/>\n\t<meta property=\"og:image:type\" content=\"image\/jpeg\" \/>\n<meta name=\"twitter:card\" content=\"summary_large_image\" \/>\n<script type=\"application\/ld+json\" class=\"yoast-schema-graph\">{\"@context\":\"https:\/\/schema.org\",\"@graph\":[{\"@type\":\"WebPage\",\"@id\":\"https:\/\/ditcheyenne.com\/collaborations\/wheels-of-soul\/\",\"url\":\"https:\/\/ditcheyenne.com\/collaborations\/wheels-of-soul\/\",\"name\":\"Wheels of Soul | Dit Cheyenne\",\"isPartOf\":{\"@id\":\"https:\/\/ditcheyenne.com\/#website\"},\"primaryImageOfPage\":{\"@id\":\"https:\/\/ditcheyenne.com\/collaborations\/wheels-of-soul\/#primaryimage\"},\"image\":{\"@id\":\"https:\/\/ditcheyenne.com\/collaborations\/wheels-of-soul\/#primaryimage\"},\"thumbnailUrl\":\"https:\/\/ditcheyenne.com\/wp-content\/uploads\/2022\/11\/BANNER.jpg\",\"datePublished\":\"2022-11-02T14:13:39+00:00\",\"dateModified\":\"2022-11-02T14:19:32+00:00\",\"description\":\"Tonsor&Cie est un concept store fran\u00e7ais. Un lieu exclusivement d\u00e9di\u00e9 \u00e0 l'homme, un voyage entre tradition et modernit\u00e9, une exp\u00e9rience unique\",\"breadcrumb\":{\"@id\":\"https:\/\/ditcheyenne.com\/collaborations\/wheels-of-soul\/#breadcrumb\"},\"inLanguage\":\"en-GB\",\"potentialAction\":[{\"@type\":\"ReadAction\",\"target\":[\"https:\/\/ditcheyenne.com\/collaborations\/wheels-of-soul\/\"]}]},{\"@type\":\"ImageObject\",\"inLanguage\":\"en-GB\",\"@id\":\"https:\/\/ditcheyenne.com\/collaborations\/wheels-of-soul\/#primaryimage\",\"url\":\"https:\/\/ditcheyenne.com\/wp-content\/uploads\/2022\/11\/BANNER.jpg\",\"contentUrl\":\"https:\/\/ditcheyenne.com\/wp-content\/uploads\/2022\/11\/BANNER.jpg\",\"width\":1600,\"height\":1600,\"caption\":\"WHEELS OF SOUL logo\"},{\"@type\":\"BreadcrumbList\",\"@id\":\"https:\/\/ditcheyenne.com\/collaborations\/wheels-of-soul\/#breadcrumb\",\"itemListElement\":[{\"@type\":\"ListItem\",\"position\":1,\"name\":\"Accueil\",\"item\":\"https:\/\/ditcheyenne.com\/\"},{\"@type\":\"ListItem\",\"position\":2,\"name\":\"Collaborations\",\"item\":\"https:\/\/ditcheyenne.com\/collaborations\/\"},{\"@type\":\"ListItem\",\"position\":3,\"name\":\"Wheels of Soul\"}]},{\"@type\":\"WebSite\",\"@id\":\"https:\/\/ditcheyenne.com\/#website\",\"url\":\"https:\/\/ditcheyenne.com\/\",\"name\":\"Dit Cheyenne\",\"description\":\"Artiste\",\"publisher\":{\"@id\":\"https:\/\/ditcheyenne.com\/#\/schema\/person\/ebb98861576534004f1031ef7e41fb21\"},\"potentialAction\":[{\"@type\":\"SearchAction\",\"target\":{\"@type\":\"EntryPoint\",\"urlTemplate\":\"https:\/\/ditcheyenne.com\/?s={search_term_string}\"},\"query-input\":{\"@type\":\"PropertyValueSpecification\",\"valueRequired\":true,\"valueName\":\"search_term_string\"}}],\"inLanguage\":\"en-GB\"},{\"@type\":[\"Person\",\"Organization\"],\"@id\":\"https:\/\/ditcheyenne.com\/#\/schema\/person\/ebb98861576534004f1031ef7e41fb21\",\"name\":\"Dit Cheyenne\",\"image\":{\"@type\":\"ImageObject\",\"inLanguage\":\"en-GB\",\"@id\":\"https:\/\/ditcheyenne.com\/#\/schema\/person\/image\/\",\"url\":\"https:\/\/ditcheyenne.com\/wp-content\/uploads\/2022\/09\/LOGO-DITCHEYENNE-2.png\",\"contentUrl\":\"https:\/\/ditcheyenne.com\/wp-content\/uploads\/2022\/09\/LOGO-DITCHEYENNE-2.png\",\"width\":500,\"height\":102,\"caption\":\"Dit Cheyenne\"},\"logo\":{\"@id\":\"https:\/\/ditcheyenne.com\/#\/schema\/person\/image\/\"},\"sameAs\":[\"http:\/\/ditcheyenne.com\",\"https:\/\/www.facebook.com\/profile.php?id=100063726633338\",\"https:\/\/www.instagram.com\/ditcheyenne\/\",\"https:\/\/www.youtube.com\/channel\/UCnXrhWXa8xOas31qcK3f_1Q\"]}]}<\/script>\n<!-- \/ Yoast SEO plugin. -->","yoast_head_json":{"title":"Wheels of Soul | Dit Cheyenne","description":"Tonsor&Cie est un concept store fran\u00e7ais. Un lieu exclusivement d\u00e9di\u00e9 \u00e0 l'homme, un voyage entre tradition et modernit\u00e9, une exp\u00e9rience unique","robots":{"index":"index","follow":"follow","max-snippet":"max-snippet:-1","max-image-preview":"max-image-preview:large","max-video-preview":"max-video-preview:-1"},"canonical":"https:\/\/ditcheyenne.com\/en\/collaborations\/wheels-of-soul\/","og_locale":"en_GB","og_type":"article","og_title":"Wheels of Soul | Dit Cheyenne","og_description":"Tonsor&Cie est un concept store fran\u00e7ais. Un lieu exclusivement d\u00e9di\u00e9 \u00e0 l'homme, un voyage entre tradition et modernit\u00e9, une exp\u00e9rience unique","og_url":"https:\/\/ditcheyenne.com\/en\/collaborations\/wheels-of-soul\/","og_site_name":"Dit Cheyenne","article_publisher":"https:\/\/www.facebook.com\/profile.php?id=100063726633338","article_modified_time":"2022-11-02T14:19:32+00:00","og_image":[{"width":1600,"height":1600,"url":"https:\/\/ditcheyenne.com\/wp-content\/uploads\/2022\/11\/BANNER.jpg","type":"image\/jpeg"}],"twitter_card":"summary_large_image","schema":{"@context":"https:\/\/schema.org","@graph":[{"@type":"WebPage","@id":"https:\/\/ditcheyenne.com\/collaborations\/wheels-of-soul\/","url":"https:\/\/ditcheyenne.com\/collaborations\/wheels-of-soul\/","name":"Wheels of Soul | Dit Cheyenne","isPartOf":{"@id":"https:\/\/ditcheyenne.com\/#website"},"primaryImageOfPage":{"@id":"https:\/\/ditcheyenne.com\/collaborations\/wheels-of-soul\/#primaryimage"},"image":{"@id":"https:\/\/ditcheyenne.com\/collaborations\/wheels-of-soul\/#primaryimage"},"thumbnailUrl":"https:\/\/ditcheyenne.com\/wp-content\/uploads\/2022\/11\/BANNER.jpg","datePublished":"2022-11-02T14:13:39+00:00","dateModified":"2022-11-02T14:19:32+00:00","description":"Tonsor&Cie est un concept store fran\u00e7ais. Un lieu exclusivement d\u00e9di\u00e9 \u00e0 l'homme, un voyage entre tradition et modernit\u00e9, une exp\u00e9rience unique","breadcrumb":{"@id":"https:\/\/ditcheyenne.com\/collaborations\/wheels-of-soul\/#breadcrumb"},"inLanguage":"en-GB","potentialAction":[{"@type":"ReadAction","target":["https:\/\/ditcheyenne.com\/collaborations\/wheels-of-soul\/"]}]},{"@type":"ImageObject","inLanguage":"en-GB","@id":"https:\/\/ditcheyenne.com\/collaborations\/wheels-of-soul\/#primaryimage","url":"https:\/\/ditcheyenne.com\/wp-content\/uploads\/2022\/11\/BANNER.jpg","contentUrl":"https:\/\/ditcheyenne.com\/wp-content\/uploads\/2022\/11\/BANNER.jpg","width":1600,"height":1600,"caption":"WHEELS OF SOUL logo"},{"@type":"BreadcrumbList","@id":"https:\/\/ditcheyenne.com\/collaborations\/wheels-of-soul\/#breadcrumb","itemListElement":[{"@type":"ListItem","position":1,"name":"Accueil","item":"https:\/\/ditcheyenne.com\/"},{"@type":"ListItem","position":2,"name":"Collaborations","item":"https:\/\/ditcheyenne.com\/collaborations\/"},{"@type":"ListItem","position":3,"name":"Wheels of Soul"}]},{"@type":"WebSite","@id":"https:\/\/ditcheyenne.com\/#website","url":"https:\/\/ditcheyenne.com\/","name":"Dit Cheyenne","description":"Artiste","publisher":{"@id":"https:\/\/ditcheyenne.com\/#\/schema\/person\/ebb98861576534004f1031ef7e41fb21"},"potentialAction":[{"@type":"SearchAction","target":{"@type":"EntryPoint","urlTemplate":"https:\/\/ditcheyenne.com\/?s={search_term_string}"},"query-input":{"@type":"PropertyValueSpecification","valueRequired":true,"valueName":"search_term_string"}}],"inLanguage":"en-GB"},{"@type":["Person","Organization"],"@id":"https:\/\/ditcheyenne.com\/#\/schema\/person\/ebb98861576534004f1031ef7e41fb21","name":"Dit Cheyenne","image":{"@type":"ImageObject","inLanguage":"en-GB","@id":"https:\/\/ditcheyenne.com\/#\/schema\/person\/image\/","url":"https:\/\/ditcheyenne.com\/wp-content\/uploads\/2022\/09\/LOGO-DITCHEYENNE-2.png","contentUrl":"https:\/\/ditcheyenne.com\/wp-content\/uploads\/2022\/09\/LOGO-DITCHEYENNE-2.png","width":500,"height":102,"caption":"Dit Cheyenne"},"logo":{"@id":"https:\/\/ditcheyenne.com\/#\/schema\/person\/image\/"},"sameAs":["http:\/\/ditcheyenne.com","https:\/\/www.facebook.com\/profile.php?id=100063726633338","https:\/\/www.instagram.com\/ditcheyenne\/","https:\/\/www.youtube.com\/channel\/UCnXrhWXa8xOas31qcK3f_1Q"]}]}},"_links":{"self":[{"href":"https:\/\/ditcheyenne.com\/en\/wp-json\/wp\/v2\/pages\/1419","targetHints":{"allow":["GET"]}}],"collection":[{"href":"https:\/\/ditcheyenne.com\/en\/wp-json\/wp\/v2\/pages"}],"about":[{"href":"https:\/\/ditcheyenne.com\/en\/wp-json\/wp\/v2\/types\/page"}],"author":[{"embeddable":true,"href":"https:\/\/ditcheyenne.com\/en\/wp-json\/wp\/v2\/users\/1"}],"replies":[{"embeddable":true,"href":"https:\/\/ditcheyenne.com\/en\/wp-json\/wp\/v2\/comments?post=1419"}],"version-history":[{"count":0,"href":"https:\/\/ditcheyenne.com\/en\/wp-json\/wp\/v2\/pages\/1419\/revisions"}],"up":[{"embeddable":true,"href":"https:\/\/ditcheyenne.com\/en\/wp-json\/wp\/v2\/pages\/214"}],"wp:featuredmedia":[{"embeddable":true,"href":"https:\/\/ditcheyenne.com\/en\/wp-json\/wp\/v2\/media\/1422"}],"wp:attachment":[{"href":"https:\/\/ditcheyenne.com\/en\/wp-json\/wp\/v2\/media?parent=1419"}],"curies":[{"name":"wp","href":"https:\/\/api.w.org\/{rel}","templated":true}]}}