{"id":1373,"date":"2022-11-02T14:37:28","date_gmt":"2022-11-02T13:37:28","guid":{"rendered":"https:\/\/ditcheyenne.com\/?page_id=1373"},"modified":"2022-11-02T14:54:08","modified_gmt":"2022-11-02T13:54:08","slug":"clariant","status":"publish","type":"page","link":"https:\/\/ditcheyenne.com\/en\/collaborations\/clariant\/","title":{"rendered":"Clariant"},"content":{"rendered":"<div data-elementor-type=\"wp-page\" data-elementor-id=\"1373\" class=\"elementor elementor-1373\" data-elementor-post-type=\"page\">\n\t\t\t\t<div class=\"elementor-element elementor-element-6d254a9 e-flex e-con-boxed e-con e-parent\" data-id=\"6d254a9\" data-element_type=\"container\">\n\t\t\t\t\t<div class=\"e-con-inner\">\n\t\t<div class=\"elementor-element elementor-element-17c8590 e-con-full e-flex e-con e-child\" data-id=\"17c8590\" data-element_type=\"container\">\n\t\t\t\t<div class=\"elementor-element elementor-element-345048e elementor-widget elementor-widget-text-editor\" data-id=\"345048e\" data-element_type=\"widget\" data-widget_type=\"text-editor.default\">\n\t\t\t\t<div class=\"elementor-widget-container\">\n\t\t\t\t\t\t\t\t\t<p>Clariant repart pour inspirer l&rsquo;avenir de nouveaux individus, de nouvelles beaut\u00e9s rituels et nouveaux produits et textures pour le Personal Care. Enthousiasm\u00e9 par les valeurs, les exp\u00e9riences de vie et l\u2019art du tatouage de l&rsquo;artiste fran\u00e7aise Dit Cheyenne, les quatre nouvelles d\u00e9couvertes tendance de Clariant se refl\u00e8tent dans des formulations adapt\u00e9es aux besoins sp\u00e9cifiques de soins de la peau et des cheveux de chaque type de consommateur concern\u00e9.<\/p><p>Dit Cheyenne dessine pour eux les dessins de chaque tendance, l&rsquo;inspiration et les intentions.<\/p>\t\t\t\t\t\t\t\t<\/div>\n\t\t\t\t<\/div>\n\t\t\t\t<div class=\"elementor-element elementor-element-e9ed26b elementor-widget elementor-widget-text-editor\" data-id=\"e9ed26b\" data-element_type=\"widget\" data-widget_type=\"text-editor.default\">\n\t\t\t\t<div class=\"elementor-widget-container\">\n\t\t\t\t\t\t\t\t\t<p>#beautyforward #clariant #editionIII #beauty #beaut\u00e9 #cosmeticindustry #industriecosmetic #clariantamsterdam<\/p>\t\t\t\t\t\t\t\t<\/div>\n\t\t\t\t<\/div>\n\t\t\t\t<\/div>\n\t\t<div class=\"elementor-element elementor-element-9fa34be e-con-full elementor-hidden-mobile e-flex e-con e-child\" data-id=\"9fa34be\" data-element_type=\"container\">\n\t\t\t\t<div class=\"elementor-element elementor-element-f020994 elementor-widget elementor-widget-video\" data-id=\"f020994\" data-element_type=\"widget\" data-settings=\"{&quot;video_type&quot;:&quot;hosted&quot;,&quot;controls&quot;:&quot;yes&quot;}\" data-widget_type=\"video.default\">\n\t\t\t\t<div class=\"elementor-widget-container\">\n\t\t\t\t\t\t\t<div class=\"e-hosted-video elementor-wrapper elementor-open-inline\">\n\t\t\t\t\t<video class=\"elementor-video\" src=\"https:\/\/ditcheyenne.com\/wp-content\/uploads\/2022\/11\/CLARIANT.mp4\" controls=\"\" preload=\"metadata\" controlslist=\"nodownload\"><\/video>\n\t\t\t\t<\/div>\n\t\t\t\t\t\t<\/div>\n\t\t\t\t<\/div>\n\t\t\t\t<\/div>\n\t\t\t\t\t<\/div>\n\t\t\t\t<\/div>\n\t\t<div class=\"elementor-element elementor-element-2d97f70 e-flex e-con-boxed e-con e-parent\" data-id=\"2d97f70\" data-element_type=\"container\">\n\t\t\t\t\t<div class=\"e-con-inner\">\n\t\t\t\t<div class=\"elementor-element elementor-element-fc8220d elementor-widget elementor-widget-gallery\" data-id=\"fc8220d\" data-element_type=\"widget\" data-settings=\"{&quot;gallery_layout&quot;:&quot;masonry&quot;,&quot;lazyload&quot;:&quot;yes&quot;,&quot;columns&quot;:4,&quot;columns_tablet&quot;:2,&quot;columns_mobile&quot;:1,&quot;gap&quot;:{&quot;unit&quot;:&quot;px&quot;,&quot;size&quot;:10,&quot;sizes&quot;:[]},&quot;gap_tablet&quot;:{&quot;unit&quot;:&quot;px&quot;,&quot;size&quot;:10,&quot;sizes&quot;:[]},&quot;gap_mobile&quot;:{&quot;unit&quot;:&quot;px&quot;,&quot;size&quot;:10,&quot;sizes&quot;:[]},&quot;link_to&quot;:&quot;file&quot;,&quot;overlay_background&quot;:&quot;yes&quot;,&quot;content_hover_animation&quot;:&quot;fade-in&quot;}\" data-widget_type=\"gallery.default\">\n\t\t\t\t<div class=\"elementor-widget-container\">\n\t\t\t\t\t\t\t<div class=\"elementor-gallery__container\">\n\t\t\t\t\t\t\t<a class=\"e-gallery-item elementor-gallery-item elementor-animated-content\" href=\"https:\/\/ditcheyenne.com\/wp-content\/uploads\/2022\/11\/PHOTO-COUV-6.jpg\" data-elementor-open-lightbox=\"yes\" data-elementor-lightbox-slideshow=\"fc8220d\" data-e-action-hash=\"#elementor-action%3Aaction%3Dlightbox%26settings%3DeyJpZCI6MTM4MywidXJsIjoiaHR0cHM6XC9cL2RpdGNoZXllbm5lLmNvbVwvd3AtY29udGVudFwvdXBsb2Fkc1wvMjAyMlwvMTFcL1BIT1RPLUNPVVYtNi5qcGciLCJzbGlkZXNob3ciOiJmYzgyMjBkIn0%3D\">\n\t\t\t\t\t<div class=\"e-gallery-image elementor-gallery-item__image\" data-thumbnail=\"https:\/\/ditcheyenne.com\/wp-content\/uploads\/2022\/11\/PHOTO-COUV-6-768x432.jpg\" data-width=\"768\" data-height=\"432\" aria-label=\"To illustrate this year&#039;s trend guide\" role=\"img\" ><\/div>\n\t\t\t\t\t\t\t\t\t\t\t<div class=\"elementor-gallery-item__overlay\"><\/div>\n\t\t\t\t\t\t\t\t\t\t\t\t\t\t<\/a>\n\t\t\t\t\t\t\t<a class=\"e-gallery-item elementor-gallery-item elementor-animated-content\" href=\"https:\/\/ditcheyenne.com\/wp-content\/uploads\/2022\/11\/9-2.jpg\" data-elementor-open-lightbox=\"yes\" data-elementor-lightbox-slideshow=\"fc8220d\" data-e-action-hash=\"#elementor-action%3Aaction%3Dlightbox%26settings%3DeyJpZCI6MTM4MiwidXJsIjoiaHR0cHM6XC9cL2RpdGNoZXllbm5lLmNvbVwvd3AtY29udGVudFwvdXBsb2Fkc1wvMjAyMlwvMTFcLzktMi5qcGciLCJzbGlkZXNob3ciOiJmYzgyMjBkIn0%3D\">\n\t\t\t\t\t<div class=\"e-gallery-image elementor-gallery-item__image\" data-thumbnail=\"https:\/\/ditcheyenne.com\/wp-content\/uploads\/2022\/11\/9-2-768x768.jpg\" data-width=\"768\" data-height=\"768\" aria-label=\"Affiche personal care inspirations\" role=\"img\" ><\/div>\n\t\t\t\t\t\t\t\t\t\t\t<div class=\"elementor-gallery-item__overlay\"><\/div>\n\t\t\t\t\t\t\t\t\t\t\t\t\t\t<\/a>\n\t\t\t\t\t\t\t<a class=\"e-gallery-item elementor-gallery-item elementor-animated-content\" href=\"https:\/\/ditcheyenne.com\/wp-content\/uploads\/2022\/11\/8-2.jpg\" data-elementor-open-lightbox=\"yes\" data-elementor-lightbox-slideshow=\"fc8220d\" data-e-action-hash=\"#elementor-action%3Aaction%3Dlightbox%26settings%3DeyJpZCI6MTM4MSwidXJsIjoiaHR0cHM6XC9cL2RpdGNoZXllbm5lLmNvbVwvd3AtY29udGVudFwvdXBsb2Fkc1wvMjAyMlwvMTFcLzgtMi5qcGciLCJzbGlkZXNob3ciOiJmYzgyMjBkIn0%3D\">\n\t\t\t\t\t<div class=\"e-gallery-image elementor-gallery-item__image\" data-thumbnail=\"https:\/\/ditcheyenne.com\/wp-content\/uploads\/2022\/11\/8-2-768x512.jpg\" data-width=\"768\" data-height=\"512\" aria-label=\"Life is a journey - Dit Cheyenne\" role=\"img\" ><\/div>\n\t\t\t\t\t\t\t\t\t\t\t<div class=\"elementor-gallery-item__overlay\"><\/div>\n\t\t\t\t\t\t\t\t\t\t\t\t\t\t<\/a>\n\t\t\t\t\t\t\t<a class=\"e-gallery-item elementor-gallery-item elementor-animated-content\" href=\"https:\/\/ditcheyenne.com\/wp-content\/uploads\/2022\/11\/7-2.jpg\" data-elementor-open-lightbox=\"yes\" data-elementor-lightbox-slideshow=\"fc8220d\" data-e-action-hash=\"#elementor-action%3Aaction%3Dlightbox%26settings%3DeyJpZCI6MTM4MCwidXJsIjoiaHR0cHM6XC9cL2RpdGNoZXllbm5lLmNvbVwvd3AtY29udGVudFwvdXBsb2Fkc1wvMjAyMlwvMTFcLzctMi5qcGciLCJzbGlkZXNob3ciOiJmYzgyMjBkIn0%3D\">\n\t\t\t\t\t<div class=\"e-gallery-image elementor-gallery-item__image\" data-thumbnail=\"https:\/\/ditcheyenne.com\/wp-content\/uploads\/2022\/11\/7-2-768x579.jpg\" data-width=\"768\" data-height=\"579\" aria-label=\"Cosm\u00e9tiques\" role=\"img\" ><\/div>\n\t\t\t\t\t\t\t\t\t\t\t<div class=\"elementor-gallery-item__overlay\"><\/div>\n\t\t\t\t\t\t\t\t\t\t\t\t\t\t<\/a>\n\t\t\t\t\t\t\t<a class=\"e-gallery-item elementor-gallery-item elementor-animated-content\" href=\"https:\/\/ditcheyenne.com\/wp-content\/uploads\/2022\/11\/6-5.jpg\" data-elementor-open-lightbox=\"yes\" data-elementor-lightbox-slideshow=\"fc8220d\" data-e-action-hash=\"#elementor-action%3Aaction%3Dlightbox%26settings%3DeyJpZCI6MTM3OSwidXJsIjoiaHR0cHM6XC9cL2RpdGNoZXllbm5lLmNvbVwvd3AtY29udGVudFwvdXBsb2Fkc1wvMjAyMlwvMTFcLzYtNS5qcGciLCJzbGlkZXNob3ciOiJmYzgyMjBkIn0%3D\">\n\t\t\t\t\t<div class=\"e-gallery-image elementor-gallery-item__image\" data-thumbnail=\"https:\/\/ditcheyenne.com\/wp-content\/uploads\/2022\/11\/6-5-768x768.jpg\" data-width=\"768\" data-height=\"768\" aria-label=\"Affiche BeautyFoward\" role=\"img\" ><\/div>\n\t\t\t\t\t\t\t\t\t\t\t<div class=\"elementor-gallery-item__overlay\"><\/div>\n\t\t\t\t\t\t\t\t\t\t\t\t\t\t<\/a>\n\t\t\t\t\t\t\t<a class=\"e-gallery-item elementor-gallery-item elementor-animated-content\" href=\"https:\/\/ditcheyenne.com\/wp-content\/uploads\/2022\/11\/5-7.jpg\" data-elementor-open-lightbox=\"yes\" data-elementor-lightbox-slideshow=\"fc8220d\" data-e-action-hash=\"#elementor-action%3Aaction%3Dlightbox%26settings%3DeyJpZCI6MTM3OCwidXJsIjoiaHR0cHM6XC9cL2RpdGNoZXllbm5lLmNvbVwvd3AtY29udGVudFwvdXBsb2Fkc1wvMjAyMlwvMTFcLzUtNy5qcGciLCJzbGlkZXNob3ciOiJmYzgyMjBkIn0%3D\">\n\t\t\t\t\t<div class=\"e-gallery-image elementor-gallery-item__image\" data-thumbnail=\"https:\/\/ditcheyenne.com\/wp-content\/uploads\/2022\/11\/5-7-768x512.jpg\" data-width=\"768\" data-height=\"512\" aria-label=\"Conf\u00e9rence\" role=\"img\" ><\/div>\n\t\t\t\t\t\t\t\t\t\t\t<div class=\"elementor-gallery-item__overlay\"><\/div>\n\t\t\t\t\t\t\t\t\t\t\t\t\t\t<\/a>\n\t\t\t\t\t\t\t<a class=\"e-gallery-item elementor-gallery-item elementor-animated-content\" href=\"https:\/\/ditcheyenne.com\/wp-content\/uploads\/2022\/11\/4-10.jpg\" data-elementor-open-lightbox=\"yes\" data-elementor-lightbox-slideshow=\"fc8220d\" data-e-action-hash=\"#elementor-action%3Aaction%3Dlightbox%26settings%3DeyJpZCI6MTM3NywidXJsIjoiaHR0cHM6XC9cL2RpdGNoZXllbm5lLmNvbVwvd3AtY29udGVudFwvdXBsb2Fkc1wvMjAyMlwvMTFcLzQtMTAuanBnIiwic2xpZGVzaG93IjoiZmM4MjIwZCJ9\">\n\t\t\t\t\t<div class=\"e-gallery-image elementor-gallery-item__image\" data-thumbnail=\"https:\/\/ditcheyenne.com\/wp-content\/uploads\/2022\/11\/4-10-768x419.jpg\" data-width=\"768\" data-height=\"419\" aria-label=\"Boites Clariant\" role=\"img\" ><\/div>\n\t\t\t\t\t\t\t\t\t\t\t<div class=\"elementor-gallery-item__overlay\"><\/div>\n\t\t\t\t\t\t\t\t\t\t\t\t\t\t<\/a>\n\t\t\t\t\t\t\t<a class=\"e-gallery-item elementor-gallery-item elementor-animated-content\" href=\"https:\/\/ditcheyenne.com\/wp-content\/uploads\/2022\/11\/3-12.jpg\" data-elementor-open-lightbox=\"yes\" data-elementor-lightbox-slideshow=\"fc8220d\" data-e-action-hash=\"#elementor-action%3Aaction%3Dlightbox%26settings%3DeyJpZCI6MTM3NiwidXJsIjoiaHR0cHM6XC9cL2RpdGNoZXllbm5lLmNvbVwvd3AtY29udGVudFwvdXBsb2Fkc1wvMjAyMlwvMTFcLzMtMTIuanBnIiwic2xpZGVzaG93IjoiZmM4MjIwZCJ9\">\n\t\t\t\t\t<div class=\"e-gallery-image elementor-gallery-item__image\" data-thumbnail=\"https:\/\/ditcheyenne.com\/wp-content\/uploads\/2022\/11\/3-12-768x512.jpg\" data-width=\"768\" data-height=\"512\" aria-label=\"Conf\u00e9rence Clariant\" role=\"img\" ><\/div>\n\t\t\t\t\t\t\t\t\t\t\t<div class=\"elementor-gallery-item__overlay\"><\/div>\n\t\t\t\t\t\t\t\t\t\t\t\t\t\t<\/a>\n\t\t\t\t\t\t\t<a class=\"e-gallery-item elementor-gallery-item elementor-animated-content\" href=\"https:\/\/ditcheyenne.com\/wp-content\/uploads\/2022\/11\/2-12.jpg\" data-elementor-open-lightbox=\"yes\" data-elementor-lightbox-slideshow=\"fc8220d\" data-e-action-hash=\"#elementor-action%3Aaction%3Dlightbox%26settings%3DeyJpZCI6MTM3NSwidXJsIjoiaHR0cHM6XC9cL2RpdGNoZXllbm5lLmNvbVwvd3AtY29udGVudFwvdXBsb2Fkc1wvMjAyMlwvMTFcLzItMTIuanBnIiwic2xpZGVzaG93IjoiZmM4MjIwZCJ9\">\n\t\t\t\t\t<div class=\"e-gallery-image elementor-gallery-item__image\" data-thumbnail=\"https:\/\/ditcheyenne.com\/wp-content\/uploads\/2022\/11\/2-12-768x512.jpg\" data-width=\"768\" data-height=\"512\" aria-label=\"Life is a journey - Dit Cheyenne\" role=\"img\" ><\/div>\n\t\t\t\t\t\t\t\t\t\t\t<div class=\"elementor-gallery-item__overlay\"><\/div>\n\t\t\t\t\t\t\t\t\t\t\t\t\t\t<\/a>\n\t\t\t\t\t<\/div>\n\t\t\t\t\t<\/div>\n\t\t\t\t<\/div>\n\t\t\t\t\t<\/div>\n\t\t\t\t<\/div>\n\t\t\t\t<\/div>","protected":false},"excerpt":{"rendered":"<p>Clariant repart pour inspirer l&rsquo;avenir de nouveaux individus, de nouvelles beaut\u00e9s rituels et nouveaux produits et textures pour le Personal Care. Enthousiasm\u00e9 par les valeurs, les exp\u00e9riences de vie et l\u2019art du tatouage de l&rsquo;artiste fran\u00e7aise Dit Cheyenne, les quatre nouvelles d\u00e9couvertes tendance de Clariant se refl\u00e8tent dans des formulations adapt\u00e9es aux besoins sp\u00e9cifiques de [&hellip;]<\/p>","protected":false},"author":1,"featured_media":1375,"parent":214,"menu_order":0,"comment_status":"closed","ping_status":"closed","template":"","meta":{"footnotes":""},"class_list":["post-1373","page","type-page","status-publish","has-post-thumbnail","hentry"],"yoast_head":"<!-- This site is optimized with the Yoast SEO plugin v26.6 - https:\/\/yoast.com\/wordpress\/plugins\/seo\/ -->\n<title>Clariant | Dit Cheyenne<\/title>\n<meta name=\"description\" content=\"Tonsor&amp;Cie est un concept store fran\u00e7ais. Un lieu exclusivement d\u00e9di\u00e9 \u00e0 l&#039;homme, un voyage entre tradition et modernit\u00e9, une exp\u00e9rience unique\" \/>\n<meta name=\"robots\" content=\"index, follow, max-snippet:-1, max-image-preview:large, max-video-preview:-1\" \/>\n<link rel=\"canonical\" href=\"https:\/\/ditcheyenne.com\/en\/collaborations\/clariant\/\" \/>\n<meta property=\"og:locale\" content=\"en_GB\" \/>\n<meta property=\"og:type\" content=\"article\" \/>\n<meta property=\"og:title\" content=\"Clariant | Dit Cheyenne\" \/>\n<meta property=\"og:description\" content=\"Tonsor&amp;Cie est un concept store fran\u00e7ais. Un lieu exclusivement d\u00e9di\u00e9 \u00e0 l&#039;homme, un voyage entre tradition et modernit\u00e9, une exp\u00e9rience unique\" \/>\n<meta property=\"og:url\" content=\"https:\/\/ditcheyenne.com\/en\/collaborations\/clariant\/\" \/>\n<meta property=\"og:site_name\" content=\"Dit Cheyenne\" \/>\n<meta property=\"article:publisher\" content=\"https:\/\/www.facebook.com\/profile.php?id=100063726633338\" \/>\n<meta property=\"article:modified_time\" content=\"2022-11-02T13:54:08+00:00\" \/>\n<meta property=\"og:image\" content=\"https:\/\/ditcheyenne.com\/wp-content\/uploads\/2022\/11\/2-12.jpg\" \/>\n\t<meta property=\"og:image:width\" content=\"1800\" \/>\n\t<meta property=\"og:image:height\" content=\"1200\" \/>\n\t<meta property=\"og:image:type\" content=\"image\/jpeg\" \/>\n<meta name=\"twitter:card\" content=\"summary_large_image\" \/>\n<script type=\"application\/ld+json\" class=\"yoast-schema-graph\">{\"@context\":\"https:\/\/schema.org\",\"@graph\":[{\"@type\":\"WebPage\",\"@id\":\"https:\/\/ditcheyenne.com\/collaborations\/clariant\/\",\"url\":\"https:\/\/ditcheyenne.com\/collaborations\/clariant\/\",\"name\":\"Clariant | Dit Cheyenne\",\"isPartOf\":{\"@id\":\"https:\/\/ditcheyenne.com\/#website\"},\"primaryImageOfPage\":{\"@id\":\"https:\/\/ditcheyenne.com\/collaborations\/clariant\/#primaryimage\"},\"image\":{\"@id\":\"https:\/\/ditcheyenne.com\/collaborations\/clariant\/#primaryimage\"},\"thumbnailUrl\":\"https:\/\/ditcheyenne.com\/wp-content\/uploads\/2022\/11\/2-12.jpg\",\"datePublished\":\"2022-11-02T13:37:28+00:00\",\"dateModified\":\"2022-11-02T13:54:08+00:00\",\"description\":\"Tonsor&Cie est un concept store fran\u00e7ais. Un lieu exclusivement d\u00e9di\u00e9 \u00e0 l'homme, un voyage entre tradition et modernit\u00e9, une exp\u00e9rience unique\",\"breadcrumb\":{\"@id\":\"https:\/\/ditcheyenne.com\/collaborations\/clariant\/#breadcrumb\"},\"inLanguage\":\"en-GB\",\"potentialAction\":[{\"@type\":\"ReadAction\",\"target\":[\"https:\/\/ditcheyenne.com\/collaborations\/clariant\/\"]}]},{\"@type\":\"ImageObject\",\"inLanguage\":\"en-GB\",\"@id\":\"https:\/\/ditcheyenne.com\/collaborations\/clariant\/#primaryimage\",\"url\":\"https:\/\/ditcheyenne.com\/wp-content\/uploads\/2022\/11\/2-12.jpg\",\"contentUrl\":\"https:\/\/ditcheyenne.com\/wp-content\/uploads\/2022\/11\/2-12.jpg\",\"width\":1800,\"height\":1200,\"caption\":\"Life is a journey - Dit Cheyenne\"},{\"@type\":\"BreadcrumbList\",\"@id\":\"https:\/\/ditcheyenne.com\/collaborations\/clariant\/#breadcrumb\",\"itemListElement\":[{\"@type\":\"ListItem\",\"position\":1,\"name\":\"Accueil\",\"item\":\"https:\/\/ditcheyenne.com\/\"},{\"@type\":\"ListItem\",\"position\":2,\"name\":\"Collaborations\",\"item\":\"https:\/\/ditcheyenne.com\/collaborations\/\"},{\"@type\":\"ListItem\",\"position\":3,\"name\":\"Clariant\"}]},{\"@type\":\"WebSite\",\"@id\":\"https:\/\/ditcheyenne.com\/#website\",\"url\":\"https:\/\/ditcheyenne.com\/\",\"name\":\"Dit Cheyenne\",\"description\":\"Artiste\",\"publisher\":{\"@id\":\"https:\/\/ditcheyenne.com\/#\/schema\/person\/ebb98861576534004f1031ef7e41fb21\"},\"potentialAction\":[{\"@type\":\"SearchAction\",\"target\":{\"@type\":\"EntryPoint\",\"urlTemplate\":\"https:\/\/ditcheyenne.com\/?s={search_term_string}\"},\"query-input\":{\"@type\":\"PropertyValueSpecification\",\"valueRequired\":true,\"valueName\":\"search_term_string\"}}],\"inLanguage\":\"en-GB\"},{\"@type\":[\"Person\",\"Organization\"],\"@id\":\"https:\/\/ditcheyenne.com\/#\/schema\/person\/ebb98861576534004f1031ef7e41fb21\",\"name\":\"Dit Cheyenne\",\"image\":{\"@type\":\"ImageObject\",\"inLanguage\":\"en-GB\",\"@id\":\"https:\/\/ditcheyenne.com\/#\/schema\/person\/image\/\",\"url\":\"https:\/\/ditcheyenne.com\/wp-content\/uploads\/2022\/09\/LOGO-DITCHEYENNE-2.png\",\"contentUrl\":\"https:\/\/ditcheyenne.com\/wp-content\/uploads\/2022\/09\/LOGO-DITCHEYENNE-2.png\",\"width\":500,\"height\":102,\"caption\":\"Dit Cheyenne\"},\"logo\":{\"@id\":\"https:\/\/ditcheyenne.com\/#\/schema\/person\/image\/\"},\"sameAs\":[\"http:\/\/ditcheyenne.com\",\"https:\/\/www.facebook.com\/profile.php?id=100063726633338\",\"https:\/\/www.instagram.com\/ditcheyenne\/\",\"https:\/\/www.youtube.com\/channel\/UCnXrhWXa8xOas31qcK3f_1Q\"]}]}<\/script>\n<!-- \/ Yoast SEO plugin. -->","yoast_head_json":{"title":"Clariant | Dit Cheyenne","description":"Tonsor&Cie est un concept store fran\u00e7ais. Un lieu exclusivement d\u00e9di\u00e9 \u00e0 l'homme, un voyage entre tradition et modernit\u00e9, une exp\u00e9rience unique","robots":{"index":"index","follow":"follow","max-snippet":"max-snippet:-1","max-image-preview":"max-image-preview:large","max-video-preview":"max-video-preview:-1"},"canonical":"https:\/\/ditcheyenne.com\/en\/collaborations\/clariant\/","og_locale":"en_GB","og_type":"article","og_title":"Clariant | Dit Cheyenne","og_description":"Tonsor&Cie est un concept store fran\u00e7ais. Un lieu exclusivement d\u00e9di\u00e9 \u00e0 l'homme, un voyage entre tradition et modernit\u00e9, une exp\u00e9rience unique","og_url":"https:\/\/ditcheyenne.com\/en\/collaborations\/clariant\/","og_site_name":"Dit Cheyenne","article_publisher":"https:\/\/www.facebook.com\/profile.php?id=100063726633338","article_modified_time":"2022-11-02T13:54:08+00:00","og_image":[{"width":1800,"height":1200,"url":"https:\/\/ditcheyenne.com\/wp-content\/uploads\/2022\/11\/2-12.jpg","type":"image\/jpeg"}],"twitter_card":"summary_large_image","schema":{"@context":"https:\/\/schema.org","@graph":[{"@type":"WebPage","@id":"https:\/\/ditcheyenne.com\/collaborations\/clariant\/","url":"https:\/\/ditcheyenne.com\/collaborations\/clariant\/","name":"Clariant | Dit Cheyenne","isPartOf":{"@id":"https:\/\/ditcheyenne.com\/#website"},"primaryImageOfPage":{"@id":"https:\/\/ditcheyenne.com\/collaborations\/clariant\/#primaryimage"},"image":{"@id":"https:\/\/ditcheyenne.com\/collaborations\/clariant\/#primaryimage"},"thumbnailUrl":"https:\/\/ditcheyenne.com\/wp-content\/uploads\/2022\/11\/2-12.jpg","datePublished":"2022-11-02T13:37:28+00:00","dateModified":"2022-11-02T13:54:08+00:00","description":"Tonsor&Cie est un concept store fran\u00e7ais. Un lieu exclusivement d\u00e9di\u00e9 \u00e0 l'homme, un voyage entre tradition et modernit\u00e9, une exp\u00e9rience unique","breadcrumb":{"@id":"https:\/\/ditcheyenne.com\/collaborations\/clariant\/#breadcrumb"},"inLanguage":"en-GB","potentialAction":[{"@type":"ReadAction","target":["https:\/\/ditcheyenne.com\/collaborations\/clariant\/"]}]},{"@type":"ImageObject","inLanguage":"en-GB","@id":"https:\/\/ditcheyenne.com\/collaborations\/clariant\/#primaryimage","url":"https:\/\/ditcheyenne.com\/wp-content\/uploads\/2022\/11\/2-12.jpg","contentUrl":"https:\/\/ditcheyenne.com\/wp-content\/uploads\/2022\/11\/2-12.jpg","width":1800,"height":1200,"caption":"Life is a journey - Dit Cheyenne"},{"@type":"BreadcrumbList","@id":"https:\/\/ditcheyenne.com\/collaborations\/clariant\/#breadcrumb","itemListElement":[{"@type":"ListItem","position":1,"name":"Accueil","item":"https:\/\/ditcheyenne.com\/"},{"@type":"ListItem","position":2,"name":"Collaborations","item":"https:\/\/ditcheyenne.com\/collaborations\/"},{"@type":"ListItem","position":3,"name":"Clariant"}]},{"@type":"WebSite","@id":"https:\/\/ditcheyenne.com\/#website","url":"https:\/\/ditcheyenne.com\/","name":"Dit Cheyenne","description":"Artiste","publisher":{"@id":"https:\/\/ditcheyenne.com\/#\/schema\/person\/ebb98861576534004f1031ef7e41fb21"},"potentialAction":[{"@type":"SearchAction","target":{"@type":"EntryPoint","urlTemplate":"https:\/\/ditcheyenne.com\/?s={search_term_string}"},"query-input":{"@type":"PropertyValueSpecification","valueRequired":true,"valueName":"search_term_string"}}],"inLanguage":"en-GB"},{"@type":["Person","Organization"],"@id":"https:\/\/ditcheyenne.com\/#\/schema\/person\/ebb98861576534004f1031ef7e41fb21","name":"Dit Cheyenne","image":{"@type":"ImageObject","inLanguage":"en-GB","@id":"https:\/\/ditcheyenne.com\/#\/schema\/person\/image\/","url":"https:\/\/ditcheyenne.com\/wp-content\/uploads\/2022\/09\/LOGO-DITCHEYENNE-2.png","contentUrl":"https:\/\/ditcheyenne.com\/wp-content\/uploads\/2022\/09\/LOGO-DITCHEYENNE-2.png","width":500,"height":102,"caption":"Dit Cheyenne"},"logo":{"@id":"https:\/\/ditcheyenne.com\/#\/schema\/person\/image\/"},"sameAs":["http:\/\/ditcheyenne.com","https:\/\/www.facebook.com\/profile.php?id=100063726633338","https:\/\/www.instagram.com\/ditcheyenne\/","https:\/\/www.youtube.com\/channel\/UCnXrhWXa8xOas31qcK3f_1Q"]}]}},"_links":{"self":[{"href":"https:\/\/ditcheyenne.com\/en\/wp-json\/wp\/v2\/pages\/1373","targetHints":{"allow":["GET"]}}],"collection":[{"href":"https:\/\/ditcheyenne.com\/en\/wp-json\/wp\/v2\/pages"}],"about":[{"href":"https:\/\/ditcheyenne.com\/en\/wp-json\/wp\/v2\/types\/page"}],"author":[{"embeddable":true,"href":"https:\/\/ditcheyenne.com\/en\/wp-json\/wp\/v2\/users\/1"}],"replies":[{"embeddable":true,"href":"https:\/\/ditcheyenne.com\/en\/wp-json\/wp\/v2\/comments?post=1373"}],"version-history":[{"count":0,"href":"https:\/\/ditcheyenne.com\/en\/wp-json\/wp\/v2\/pages\/1373\/revisions"}],"up":[{"embeddable":true,"href":"https:\/\/ditcheyenne.com\/en\/wp-json\/wp\/v2\/pages\/214"}],"wp:featuredmedia":[{"embeddable":true,"href":"https:\/\/ditcheyenne.com\/en\/wp-json\/wp\/v2\/media\/1375"}],"wp:attachment":[{"href":"https:\/\/ditcheyenne.com\/en\/wp-json\/wp\/v2\/media?parent=1373"}],"curies":[{"name":"wp","href":"https:\/\/api.w.org\/{rel}","templated":true}]}}