{"id":1360,"date":"2022-11-02T12:26:19","date_gmt":"2022-11-02T11:26:19","guid":{"rendered":"https:\/\/ditcheyenne.com\/?page_id=1360"},"modified":"2022-11-02T12:29:45","modified_gmt":"2022-11-02T11:29:45","slug":"dup-wakeboard-australia","status":"publish","type":"page","link":"https:\/\/ditcheyenne.com\/en\/collaborations\/dup-wakeboard-australia\/","title":{"rendered":"Dup Wakeboard Australia"},"content":{"rendered":"<div data-elementor-type=\"wp-page\" data-elementor-id=\"1360\" class=\"elementor elementor-1360\" data-elementor-post-type=\"page\">\n\t\t\t\t<div class=\"elementor-element elementor-element-6d254a9 e-flex e-con-boxed e-con e-parent\" data-id=\"6d254a9\" data-element_type=\"container\">\n\t\t\t\t\t<div class=\"e-con-inner\">\n\t\t<div class=\"elementor-element elementor-element-17c8590 e-con-full e-flex e-con e-child\" data-id=\"17c8590\" data-element_type=\"container\">\n\t\t\t\t<div class=\"elementor-element elementor-element-345048e elementor-widget elementor-widget-text-editor\" data-id=\"345048e\" data-element_type=\"widget\" data-widget_type=\"text-editor.default\">\n\t\t\t\t<div class=\"elementor-widget-container\">\n\t\t\t\t\t\t\t\t\t<p class=\"translation-block\">Based in Australia, Double Up are sponsoring different professional of Wakeboard.<br>Dit Cheyenne has tattooed one of the professional of the wakeboard sponsoring by DUP.<br>She created two pro model for Sylvain Antoine in 2015 and 2016.<br>\nThis two boards were the phenomen of the year in the world of the wakeboard.<\/p>\t\t\t\t\t\t\t\t<\/div>\n\t\t\t\t<\/div>\n\t\t\t\t<div class=\"elementor-element elementor-element-e9ed26b elementor-widget elementor-widget-text-editor\" data-id=\"e9ed26b\" data-element_type=\"widget\" data-widget_type=\"text-editor.default\">\n\t\t\t\t<div class=\"elementor-widget-container\">\n\t\t\t\t\t\t\t\t\t<p>#wakeboard #tool #dup #animal #owl #bird #wood #doubleup #dupwakeboard<\/p>\t\t\t\t\t\t\t\t<\/div>\n\t\t\t\t<\/div>\n\t\t\t\t<\/div>\n\t\t<div class=\"elementor-element elementor-element-9fa34be e-con-full elementor-hidden-mobile e-flex e-con e-child\" data-id=\"9fa34be\" data-element_type=\"container\">\n\t\t\t\t<div class=\"elementor-element elementor-element-2adb578 elementor-widget elementor-widget-image\" data-id=\"2adb578\" data-element_type=\"widget\" data-widget_type=\"image.default\">\n\t\t\t\t<div class=\"elementor-widget-container\">\n\t\t\t\t\t\t\t\t\t\t\t\t\t\t\t<img fetchpriority=\"high\" decoding=\"async\" width=\"800\" height=\"450\" src=\"https:\/\/ditcheyenne.com\/wp-content\/uploads\/2022\/11\/5-6-1024x576.jpg\" class=\"attachment-large size-large wp-image-1365\" alt=\"Logo DUP\" srcset=\"https:\/\/ditcheyenne.com\/wp-content\/uploads\/2022\/11\/5-6-1024x576.jpg 1024w, https:\/\/ditcheyenne.com\/wp-content\/uploads\/2022\/11\/5-6-600x338.jpg 600w, https:\/\/ditcheyenne.com\/wp-content\/uploads\/2022\/11\/5-6-300x169.jpg 300w, https:\/\/ditcheyenne.com\/wp-content\/uploads\/2022\/11\/5-6-768x432.jpg 768w, https:\/\/ditcheyenne.com\/wp-content\/uploads\/2022\/11\/5-6-18x10.jpg 18w, https:\/\/ditcheyenne.com\/wp-content\/uploads\/2022\/11\/5-6.jpg 1280w\" sizes=\"(max-width: 800px) 100vw, 800px\" \/>\t\t\t\t\t\t\t\t\t\t\t\t\t\t\t<\/div>\n\t\t\t\t<\/div>\n\t\t\t\t<\/div>\n\t\t\t\t\t<\/div>\n\t\t\t\t<\/div>\n\t\t<div class=\"elementor-element elementor-element-2d97f70 e-flex e-con-boxed e-con e-parent\" data-id=\"2d97f70\" data-element_type=\"container\">\n\t\t\t\t\t<div class=\"e-con-inner\">\n\t\t\t\t<div class=\"elementor-element elementor-element-fc8220d elementor-widget elementor-widget-gallery\" data-id=\"fc8220d\" data-element_type=\"widget\" data-settings=\"{&quot;gallery_layout&quot;:&quot;masonry&quot;,&quot;lazyload&quot;:&quot;yes&quot;,&quot;columns&quot;:4,&quot;columns_tablet&quot;:2,&quot;columns_mobile&quot;:1,&quot;gap&quot;:{&quot;unit&quot;:&quot;px&quot;,&quot;size&quot;:10,&quot;sizes&quot;:[]},&quot;gap_tablet&quot;:{&quot;unit&quot;:&quot;px&quot;,&quot;size&quot;:10,&quot;sizes&quot;:[]},&quot;gap_mobile&quot;:{&quot;unit&quot;:&quot;px&quot;,&quot;size&quot;:10,&quot;sizes&quot;:[]},&quot;link_to&quot;:&quot;file&quot;,&quot;overlay_background&quot;:&quot;yes&quot;,&quot;content_hover_animation&quot;:&quot;fade-in&quot;}\" data-widget_type=\"gallery.default\">\n\t\t\t\t<div class=\"elementor-widget-container\">\n\t\t\t\t\t\t\t<div class=\"elementor-gallery__container\">\n\t\t\t\t\t\t\t<a class=\"e-gallery-item elementor-gallery-item elementor-animated-content\" href=\"https:\/\/ditcheyenne.com\/wp-content\/uploads\/2022\/11\/6-4.jpg\" data-elementor-open-lightbox=\"yes\" data-elementor-lightbox-slideshow=\"fc8220d\" data-e-action-hash=\"#elementor-action%3Aaction%3Dlightbox%26settings%3DeyJpZCI6MTM2NiwidXJsIjoiaHR0cHM6XC9cL2RpdGNoZXllbm5lLmNvbVwvd3AtY29udGVudFwvdXBsb2Fkc1wvMjAyMlwvMTFcLzYtNC5qcGciLCJzbGlkZXNob3ciOiJmYzgyMjBkIn0%3D\">\n\t\t\t\t\t<div class=\"e-gallery-image elementor-gallery-item__image\" data-thumbnail=\"https:\/\/ditcheyenne.com\/wp-content\/uploads\/2022\/11\/6-4-768x789.jpg\" data-width=\"768\" data-height=\"789\" aria-label=\"Planche de Wakebord\" role=\"img\" ><\/div>\n\t\t\t\t\t\t\t\t\t\t\t<div class=\"elementor-gallery-item__overlay\"><\/div>\n\t\t\t\t\t\t\t\t\t\t\t\t\t\t<\/a>\n\t\t\t\t\t\t\t<a class=\"e-gallery-item elementor-gallery-item elementor-animated-content\" href=\"https:\/\/ditcheyenne.com\/wp-content\/uploads\/2022\/11\/5-6.jpg\" data-elementor-open-lightbox=\"yes\" data-elementor-lightbox-slideshow=\"fc8220d\" data-e-action-hash=\"#elementor-action%3Aaction%3Dlightbox%26settings%3DeyJpZCI6MTM2NSwidXJsIjoiaHR0cHM6XC9cL2RpdGNoZXllbm5lLmNvbVwvd3AtY29udGVudFwvdXBsb2Fkc1wvMjAyMlwvMTFcLzUtNi5qcGciLCJzbGlkZXNob3ciOiJmYzgyMjBkIn0%3D\">\n\t\t\t\t\t<div class=\"e-gallery-image elementor-gallery-item__image\" data-thumbnail=\"https:\/\/ditcheyenne.com\/wp-content\/uploads\/2022\/11\/5-6-768x432.jpg\" data-width=\"768\" data-height=\"432\" aria-label=\"Logo DUP\" role=\"img\" ><\/div>\n\t\t\t\t\t\t\t\t\t\t\t<div class=\"elementor-gallery-item__overlay\"><\/div>\n\t\t\t\t\t\t\t\t\t\t\t\t\t\t<\/a>\n\t\t\t\t\t\t\t<a class=\"e-gallery-item elementor-gallery-item elementor-animated-content\" href=\"https:\/\/ditcheyenne.com\/wp-content\/uploads\/2022\/11\/4-9.jpg\" data-elementor-open-lightbox=\"yes\" data-elementor-lightbox-slideshow=\"fc8220d\" data-e-action-hash=\"#elementor-action%3Aaction%3Dlightbox%26settings%3DeyJpZCI6MTM2NCwidXJsIjoiaHR0cHM6XC9cL2RpdGNoZXllbm5lLmNvbVwvd3AtY29udGVudFwvdXBsb2Fkc1wvMjAyMlwvMTFcLzQtOS5qcGciLCJzbGlkZXNob3ciOiJmYzgyMjBkIn0%3D\">\n\t\t\t\t\t<div class=\"e-gallery-image elementor-gallery-item__image\" data-thumbnail=\"https:\/\/ditcheyenne.com\/wp-content\/uploads\/2022\/11\/4-9.jpg\" data-width=\"685\" data-height=\"960\" aria-label=\"Wakeboarder\" role=\"img\" ><\/div>\n\t\t\t\t\t\t\t\t\t\t\t<div class=\"elementor-gallery-item__overlay\"><\/div>\n\t\t\t\t\t\t\t\t\t\t\t\t\t\t<\/a>\n\t\t\t\t\t\t\t<a class=\"e-gallery-item elementor-gallery-item elementor-animated-content\" href=\"https:\/\/ditcheyenne.com\/wp-content\/uploads\/2022\/11\/3-11.jpg\" data-elementor-open-lightbox=\"yes\" data-elementor-lightbox-slideshow=\"fc8220d\" data-e-action-hash=\"#elementor-action%3Aaction%3Dlightbox%26settings%3DeyJpZCI6MTM2MywidXJsIjoiaHR0cHM6XC9cL2RpdGNoZXllbm5lLmNvbVwvd3AtY29udGVudFwvdXBsb2Fkc1wvMjAyMlwvMTFcLzMtMTEuanBnIiwic2xpZGVzaG93IjoiZmM4MjIwZCJ9\">\n\t\t\t\t\t<div class=\"e-gallery-image elementor-gallery-item__image\" data-thumbnail=\"https:\/\/ditcheyenne.com\/wp-content\/uploads\/2022\/11\/3-11-768x573.jpg\" data-width=\"768\" data-height=\"573\" aria-label=\"Planches de wakeboard\" role=\"img\" ><\/div>\n\t\t\t\t\t\t\t\t\t\t\t<div class=\"elementor-gallery-item__overlay\"><\/div>\n\t\t\t\t\t\t\t\t\t\t\t\t\t\t<\/a>\n\t\t\t\t\t\t\t<a class=\"e-gallery-item elementor-gallery-item elementor-animated-content\" href=\"https:\/\/ditcheyenne.com\/wp-content\/uploads\/2022\/11\/2-11.jpg\" data-elementor-open-lightbox=\"yes\" data-elementor-lightbox-slideshow=\"fc8220d\" data-e-action-hash=\"#elementor-action%3Aaction%3Dlightbox%26settings%3DeyJpZCI6MTM2MiwidXJsIjoiaHR0cHM6XC9cL2RpdGNoZXllbm5lLmNvbVwvd3AtY29udGVudFwvdXBsb2Fkc1wvMjAyMlwvMTFcLzItMTEuanBnIiwic2xpZGVzaG93IjoiZmM4MjIwZCJ9\">\n\t\t\t\t\t<div class=\"e-gallery-image elementor-gallery-item__image\" data-thumbnail=\"https:\/\/ditcheyenne.com\/wp-content\/uploads\/2022\/11\/2-11-768x789.jpg\" data-width=\"768\" data-height=\"789\" aria-label=\"Planche wakeboard\" role=\"img\" ><\/div>\n\t\t\t\t\t\t\t\t\t\t\t<div class=\"elementor-gallery-item__overlay\"><\/div>\n\t\t\t\t\t\t\t\t\t\t\t\t\t\t<\/a>\n\t\t\t\t\t<\/div>\n\t\t\t\t\t<\/div>\n\t\t\t\t<\/div>\n\t\t\t\t\t<\/div>\n\t\t\t\t<\/div>\n\t\t\t\t<\/div>","protected":false},"excerpt":{"rendered":"<p>Bas\u00e9 en Australie, Double Up sponsorise diff\u00e9rents professionnels du Wakeboard. Dit Cheyenne a tatou\u00e9 l&rsquo;un des talent prometteur fran\u00e7ais du wakeboard sponsoris\u00e9 par DUP. Elle cr\u00e9e deux pro model pour Sylvain Antoine en 2015 et 2016.Ces deux planches ont \u00e9t\u00e9 le ph\u00e9nom\u00e8ne de l&rsquo;ann\u00e9e dans le monde du wakeboard. #wakeboard #tool #dup #animal #owl #bird [&hellip;]<\/p>","protected":false},"author":1,"featured_media":1362,"parent":214,"menu_order":0,"comment_status":"closed","ping_status":"closed","template":"","meta":{"footnotes":""},"class_list":["post-1360","page","type-page","status-publish","has-post-thumbnail","hentry"],"yoast_head":"<!-- This site is optimized with the Yoast SEO plugin v26.6 - https:\/\/yoast.com\/wordpress\/plugins\/seo\/ -->\n<title>Dup Wakeboard Australia | Dit Cheyenne<\/title>\n<meta name=\"description\" content=\"Tonsor&amp;Cie est un concept store fran\u00e7ais. Un lieu exclusivement d\u00e9di\u00e9 \u00e0 l&#039;homme, un voyage entre tradition et modernit\u00e9, une exp\u00e9rience unique\" \/>\n<meta name=\"robots\" content=\"index, follow, max-snippet:-1, max-image-preview:large, max-video-preview:-1\" \/>\n<link rel=\"canonical\" href=\"https:\/\/ditcheyenne.com\/en\/collaborations\/dup-wakeboard-australia\/\" \/>\n<meta property=\"og:locale\" content=\"en_GB\" \/>\n<meta property=\"og:type\" content=\"article\" \/>\n<meta property=\"og:title\" content=\"Dup Wakeboard Australia | Dit Cheyenne\" \/>\n<meta property=\"og:description\" content=\"Tonsor&amp;Cie est un concept store fran\u00e7ais. Un lieu exclusivement d\u00e9di\u00e9 \u00e0 l&#039;homme, un voyage entre tradition et modernit\u00e9, une exp\u00e9rience unique\" \/>\n<meta property=\"og:url\" content=\"https:\/\/ditcheyenne.com\/en\/collaborations\/dup-wakeboard-australia\/\" \/>\n<meta property=\"og:site_name\" content=\"Dit Cheyenne\" \/>\n<meta property=\"article:publisher\" content=\"https:\/\/www.facebook.com\/profile.php?id=100063726633338\" \/>\n<meta property=\"article:modified_time\" content=\"2022-11-02T11:29:45+00:00\" \/>\n<meta property=\"og:image\" content=\"https:\/\/ditcheyenne.com\/wp-content\/uploads\/2022\/11\/2-11.jpg\" \/>\n\t<meta property=\"og:image:width\" content=\"1800\" \/>\n\t<meta property=\"og:image:height\" content=\"1849\" \/>\n\t<meta property=\"og:image:type\" content=\"image\/jpeg\" \/>\n<meta name=\"twitter:card\" content=\"summary_large_image\" \/>\n<script type=\"application\/ld+json\" class=\"yoast-schema-graph\">{\"@context\":\"https:\/\/schema.org\",\"@graph\":[{\"@type\":\"WebPage\",\"@id\":\"https:\/\/ditcheyenne.com\/collaborations\/dup-wakeboard-australia\/\",\"url\":\"https:\/\/ditcheyenne.com\/collaborations\/dup-wakeboard-australia\/\",\"name\":\"Dup Wakeboard Australia | Dit Cheyenne\",\"isPartOf\":{\"@id\":\"https:\/\/ditcheyenne.com\/#website\"},\"primaryImageOfPage\":{\"@id\":\"https:\/\/ditcheyenne.com\/collaborations\/dup-wakeboard-australia\/#primaryimage\"},\"image\":{\"@id\":\"https:\/\/ditcheyenne.com\/collaborations\/dup-wakeboard-australia\/#primaryimage\"},\"thumbnailUrl\":\"https:\/\/ditcheyenne.com\/wp-content\/uploads\/2022\/11\/2-11.jpg\",\"datePublished\":\"2022-11-02T11:26:19+00:00\",\"dateModified\":\"2022-11-02T11:29:45+00:00\",\"description\":\"Tonsor&Cie est un concept store fran\u00e7ais. Un lieu exclusivement d\u00e9di\u00e9 \u00e0 l'homme, un voyage entre tradition et modernit\u00e9, une exp\u00e9rience unique\",\"breadcrumb\":{\"@id\":\"https:\/\/ditcheyenne.com\/collaborations\/dup-wakeboard-australia\/#breadcrumb\"},\"inLanguage\":\"en-GB\",\"potentialAction\":[{\"@type\":\"ReadAction\",\"target\":[\"https:\/\/ditcheyenne.com\/collaborations\/dup-wakeboard-australia\/\"]}]},{\"@type\":\"ImageObject\",\"inLanguage\":\"en-GB\",\"@id\":\"https:\/\/ditcheyenne.com\/collaborations\/dup-wakeboard-australia\/#primaryimage\",\"url\":\"https:\/\/ditcheyenne.com\/wp-content\/uploads\/2022\/11\/2-11.jpg\",\"contentUrl\":\"https:\/\/ditcheyenne.com\/wp-content\/uploads\/2022\/11\/2-11.jpg\",\"width\":1800,\"height\":1849,\"caption\":\"Planche wakeboard\"},{\"@type\":\"BreadcrumbList\",\"@id\":\"https:\/\/ditcheyenne.com\/collaborations\/dup-wakeboard-australia\/#breadcrumb\",\"itemListElement\":[{\"@type\":\"ListItem\",\"position\":1,\"name\":\"Accueil\",\"item\":\"https:\/\/ditcheyenne.com\/\"},{\"@type\":\"ListItem\",\"position\":2,\"name\":\"Collaborations\",\"item\":\"https:\/\/ditcheyenne.com\/collaborations\/\"},{\"@type\":\"ListItem\",\"position\":3,\"name\":\"Dup Wakeboard Australia\"}]},{\"@type\":\"WebSite\",\"@id\":\"https:\/\/ditcheyenne.com\/#website\",\"url\":\"https:\/\/ditcheyenne.com\/\",\"name\":\"Dit Cheyenne\",\"description\":\"Artiste\",\"publisher\":{\"@id\":\"https:\/\/ditcheyenne.com\/#\/schema\/person\/ebb98861576534004f1031ef7e41fb21\"},\"potentialAction\":[{\"@type\":\"SearchAction\",\"target\":{\"@type\":\"EntryPoint\",\"urlTemplate\":\"https:\/\/ditcheyenne.com\/?s={search_term_string}\"},\"query-input\":{\"@type\":\"PropertyValueSpecification\",\"valueRequired\":true,\"valueName\":\"search_term_string\"}}],\"inLanguage\":\"en-GB\"},{\"@type\":[\"Person\",\"Organization\"],\"@id\":\"https:\/\/ditcheyenne.com\/#\/schema\/person\/ebb98861576534004f1031ef7e41fb21\",\"name\":\"Dit Cheyenne\",\"image\":{\"@type\":\"ImageObject\",\"inLanguage\":\"en-GB\",\"@id\":\"https:\/\/ditcheyenne.com\/#\/schema\/person\/image\/\",\"url\":\"https:\/\/ditcheyenne.com\/wp-content\/uploads\/2022\/09\/LOGO-DITCHEYENNE-2.png\",\"contentUrl\":\"https:\/\/ditcheyenne.com\/wp-content\/uploads\/2022\/09\/LOGO-DITCHEYENNE-2.png\",\"width\":500,\"height\":102,\"caption\":\"Dit Cheyenne\"},\"logo\":{\"@id\":\"https:\/\/ditcheyenne.com\/#\/schema\/person\/image\/\"},\"sameAs\":[\"http:\/\/ditcheyenne.com\",\"https:\/\/www.facebook.com\/profile.php?id=100063726633338\",\"https:\/\/www.instagram.com\/ditcheyenne\/\",\"https:\/\/www.youtube.com\/channel\/UCnXrhWXa8xOas31qcK3f_1Q\"]}]}<\/script>\n<!-- \/ Yoast SEO plugin. -->","yoast_head_json":{"title":"Dup Wakeboard Australia | Dit Cheyenne","description":"Tonsor&Cie est un concept store fran\u00e7ais. Un lieu exclusivement d\u00e9di\u00e9 \u00e0 l'homme, un voyage entre tradition et modernit\u00e9, une exp\u00e9rience unique","robots":{"index":"index","follow":"follow","max-snippet":"max-snippet:-1","max-image-preview":"max-image-preview:large","max-video-preview":"max-video-preview:-1"},"canonical":"https:\/\/ditcheyenne.com\/en\/collaborations\/dup-wakeboard-australia\/","og_locale":"en_GB","og_type":"article","og_title":"Dup Wakeboard Australia | Dit Cheyenne","og_description":"Tonsor&Cie est un concept store fran\u00e7ais. Un lieu exclusivement d\u00e9di\u00e9 \u00e0 l'homme, un voyage entre tradition et modernit\u00e9, une exp\u00e9rience unique","og_url":"https:\/\/ditcheyenne.com\/en\/collaborations\/dup-wakeboard-australia\/","og_site_name":"Dit Cheyenne","article_publisher":"https:\/\/www.facebook.com\/profile.php?id=100063726633338","article_modified_time":"2022-11-02T11:29:45+00:00","og_image":[{"width":1800,"height":1849,"url":"https:\/\/ditcheyenne.com\/wp-content\/uploads\/2022\/11\/2-11.jpg","type":"image\/jpeg"}],"twitter_card":"summary_large_image","schema":{"@context":"https:\/\/schema.org","@graph":[{"@type":"WebPage","@id":"https:\/\/ditcheyenne.com\/collaborations\/dup-wakeboard-australia\/","url":"https:\/\/ditcheyenne.com\/collaborations\/dup-wakeboard-australia\/","name":"Dup Wakeboard Australia | Dit Cheyenne","isPartOf":{"@id":"https:\/\/ditcheyenne.com\/#website"},"primaryImageOfPage":{"@id":"https:\/\/ditcheyenne.com\/collaborations\/dup-wakeboard-australia\/#primaryimage"},"image":{"@id":"https:\/\/ditcheyenne.com\/collaborations\/dup-wakeboard-australia\/#primaryimage"},"thumbnailUrl":"https:\/\/ditcheyenne.com\/wp-content\/uploads\/2022\/11\/2-11.jpg","datePublished":"2022-11-02T11:26:19+00:00","dateModified":"2022-11-02T11:29:45+00:00","description":"Tonsor&Cie est un concept store fran\u00e7ais. Un lieu exclusivement d\u00e9di\u00e9 \u00e0 l'homme, un voyage entre tradition et modernit\u00e9, une exp\u00e9rience unique","breadcrumb":{"@id":"https:\/\/ditcheyenne.com\/collaborations\/dup-wakeboard-australia\/#breadcrumb"},"inLanguage":"en-GB","potentialAction":[{"@type":"ReadAction","target":["https:\/\/ditcheyenne.com\/collaborations\/dup-wakeboard-australia\/"]}]},{"@type":"ImageObject","inLanguage":"en-GB","@id":"https:\/\/ditcheyenne.com\/collaborations\/dup-wakeboard-australia\/#primaryimage","url":"https:\/\/ditcheyenne.com\/wp-content\/uploads\/2022\/11\/2-11.jpg","contentUrl":"https:\/\/ditcheyenne.com\/wp-content\/uploads\/2022\/11\/2-11.jpg","width":1800,"height":1849,"caption":"Planche wakeboard"},{"@type":"BreadcrumbList","@id":"https:\/\/ditcheyenne.com\/collaborations\/dup-wakeboard-australia\/#breadcrumb","itemListElement":[{"@type":"ListItem","position":1,"name":"Accueil","item":"https:\/\/ditcheyenne.com\/"},{"@type":"ListItem","position":2,"name":"Collaborations","item":"https:\/\/ditcheyenne.com\/collaborations\/"},{"@type":"ListItem","position":3,"name":"Dup Wakeboard Australia"}]},{"@type":"WebSite","@id":"https:\/\/ditcheyenne.com\/#website","url":"https:\/\/ditcheyenne.com\/","name":"Dit Cheyenne","description":"Artiste","publisher":{"@id":"https:\/\/ditcheyenne.com\/#\/schema\/person\/ebb98861576534004f1031ef7e41fb21"},"potentialAction":[{"@type":"SearchAction","target":{"@type":"EntryPoint","urlTemplate":"https:\/\/ditcheyenne.com\/?s={search_term_string}"},"query-input":{"@type":"PropertyValueSpecification","valueRequired":true,"valueName":"search_term_string"}}],"inLanguage":"en-GB"},{"@type":["Person","Organization"],"@id":"https:\/\/ditcheyenne.com\/#\/schema\/person\/ebb98861576534004f1031ef7e41fb21","name":"Dit Cheyenne","image":{"@type":"ImageObject","inLanguage":"en-GB","@id":"https:\/\/ditcheyenne.com\/#\/schema\/person\/image\/","url":"https:\/\/ditcheyenne.com\/wp-content\/uploads\/2022\/09\/LOGO-DITCHEYENNE-2.png","contentUrl":"https:\/\/ditcheyenne.com\/wp-content\/uploads\/2022\/09\/LOGO-DITCHEYENNE-2.png","width":500,"height":102,"caption":"Dit Cheyenne"},"logo":{"@id":"https:\/\/ditcheyenne.com\/#\/schema\/person\/image\/"},"sameAs":["http:\/\/ditcheyenne.com","https:\/\/www.facebook.com\/profile.php?id=100063726633338","https:\/\/www.instagram.com\/ditcheyenne\/","https:\/\/www.youtube.com\/channel\/UCnXrhWXa8xOas31qcK3f_1Q"]}]}},"_links":{"self":[{"href":"https:\/\/ditcheyenne.com\/en\/wp-json\/wp\/v2\/pages\/1360","targetHints":{"allow":["GET"]}}],"collection":[{"href":"https:\/\/ditcheyenne.com\/en\/wp-json\/wp\/v2\/pages"}],"about":[{"href":"https:\/\/ditcheyenne.com\/en\/wp-json\/wp\/v2\/types\/page"}],"author":[{"embeddable":true,"href":"https:\/\/ditcheyenne.com\/en\/wp-json\/wp\/v2\/users\/1"}],"replies":[{"embeddable":true,"href":"https:\/\/ditcheyenne.com\/en\/wp-json\/wp\/v2\/comments?post=1360"}],"version-history":[{"count":0,"href":"https:\/\/ditcheyenne.com\/en\/wp-json\/wp\/v2\/pages\/1360\/revisions"}],"up":[{"embeddable":true,"href":"https:\/\/ditcheyenne.com\/en\/wp-json\/wp\/v2\/pages\/214"}],"wp:featuredmedia":[{"embeddable":true,"href":"https:\/\/ditcheyenne.com\/en\/wp-json\/wp\/v2\/media\/1362"}],"wp:attachment":[{"href":"https:\/\/ditcheyenne.com\/en\/wp-json\/wp\/v2\/media?parent=1360"}],"curies":[{"name":"wp","href":"https:\/\/api.w.org\/{rel}","templated":true}]}}