{"id":1242,"date":"2022-11-02T07:54:11","date_gmt":"2022-11-02T06:54:11","guid":{"rendered":"https:\/\/ditcheyenne.com\/?page_id=1242"},"modified":"2022-11-02T08:09:31","modified_gmt":"2022-11-02T07:09:31","slug":"smel-design","status":"publish","type":"page","link":"https:\/\/ditcheyenne.com\/en\/collaborations\/smel-design\/","title":{"rendered":"Smel Design"},"content":{"rendered":"<div data-elementor-type=\"wp-page\" data-elementor-id=\"1242\" class=\"elementor elementor-1242\" data-elementor-post-type=\"page\">\n\t\t\t\t<div class=\"elementor-element elementor-element-6d254a9 e-flex e-con-boxed e-con e-parent\" data-id=\"6d254a9\" data-element_type=\"container\">\n\t\t\t\t\t<div class=\"e-con-inner\">\n\t\t<div class=\"elementor-element elementor-element-17c8590 e-con-full e-flex e-con e-child\" data-id=\"17c8590\" data-element_type=\"container\">\n\t\t\t\t<div class=\"elementor-element elementor-element-345048e elementor-widget elementor-widget-text-editor\" data-id=\"345048e\" data-element_type=\"widget\" data-widget_type=\"text-editor.default\">\n\t\t\t\t<div class=\"elementor-widget-container\">\n\t\t\t\t\t\t\t\t\t<p class=\"translation-block\">Smel, founded in 2001 by Edgar Smaling and Carlo Elias, consists of a dynamic team of dedicated, multidisciplinary creative people. Smel designs strategic corporate identities, magazines, books, corporate identities and websites; <br>illustrious design concepts which subtly unite quality and imagination.<br>\nSmel works for a variety of clients, public service, fashion, design, art and architecture.<br>\nThey ordered three drawings to Dit Cheyenne for the new restaurant Florent in Amsterdam.<\/p><p class=\"translation-block\">\u00ab Parisian bistronomy with a dash of New York bravura and well seasoned in the style of Utrecht \u00bb was how Florent was described in the most critical paper in the Netherlands immediately after opening.<br>\nSmel created the concept and graphic design for Florent's identity and made a succesful collaboration with Dit Cheyenne.<\/p><p>Smel: <a href=\"https:\/\/smel.net\" target=\"_blank\" rel=\"noopener\">https:\/\/smel.net<\/a><br \/>Florent restaurant: <a href=\"https:\/\/restaurant-florent.nl\" target=\"_blank\" rel=\"noopener\">https:\/\/restaurant-florent.nl<\/a><\/p>\t\t\t\t\t\t\t\t<\/div>\n\t\t\t\t<\/div>\n\t\t\t\t<div class=\"elementor-element elementor-element-a74c15b elementor-widget elementor-widget-text-editor\" data-id=\"a74c15b\" data-element_type=\"widget\" data-widget_type=\"text-editor.default\">\n\t\t\t\t<div class=\"elementor-widget-container\">\n\t\t\t\t\t\t\t\t\t<p>#bird #tool #animal #restaurant #snake #restaurant #designforrestaurant #cheftalk #amsterdam #florentrestaurant<\/p>\t\t\t\t\t\t\t\t<\/div>\n\t\t\t\t<\/div>\n\t\t\t\t<\/div>\n\t\t<div class=\"elementor-element elementor-element-9fa34be e-con-full elementor-hidden-mobile e-flex e-con e-child\" data-id=\"9fa34be\" data-element_type=\"container\">\n\t\t\t\t<div class=\"elementor-element elementor-element-2adb578 elementor-widget elementor-widget-image\" data-id=\"2adb578\" data-element_type=\"widget\" data-widget_type=\"image.default\">\n\t\t\t\t<div class=\"elementor-widget-container\">\n\t\t\t\t\t\t\t\t\t\t\t\t\t\t\t<img fetchpriority=\"high\" decoding=\"async\" width=\"960\" height=\"720\" src=\"https:\/\/ditcheyenne.com\/wp-content\/uploads\/2022\/11\/7.jpg\" class=\"attachment-full size-full wp-image-1238\" alt=\"art\" srcset=\"https:\/\/ditcheyenne.com\/wp-content\/uploads\/2022\/11\/7.jpg 960w, https:\/\/ditcheyenne.com\/wp-content\/uploads\/2022\/11\/7-600x450.jpg 600w, https:\/\/ditcheyenne.com\/wp-content\/uploads\/2022\/11\/7-300x225.jpg 300w, https:\/\/ditcheyenne.com\/wp-content\/uploads\/2022\/11\/7-768x576.jpg 768w, https:\/\/ditcheyenne.com\/wp-content\/uploads\/2022\/11\/7-16x12.jpg 16w\" sizes=\"(max-width: 960px) 100vw, 960px\" \/>\t\t\t\t\t\t\t\t\t\t\t\t\t\t\t<\/div>\n\t\t\t\t<\/div>\n\t\t\t\t<\/div>\n\t\t\t\t\t<\/div>\n\t\t\t\t<\/div>\n\t\t<div class=\"elementor-element elementor-element-2d97f70 e-flex e-con-boxed e-con e-parent\" data-id=\"2d97f70\" data-element_type=\"container\">\n\t\t\t\t\t<div class=\"e-con-inner\">\n\t\t\t\t<div class=\"elementor-element elementor-element-fc8220d elementor-widget elementor-widget-gallery\" data-id=\"fc8220d\" data-element_type=\"widget\" data-settings=\"{&quot;gallery_layout&quot;:&quot;masonry&quot;,&quot;lazyload&quot;:&quot;yes&quot;,&quot;columns&quot;:4,&quot;columns_tablet&quot;:2,&quot;columns_mobile&quot;:1,&quot;gap&quot;:{&quot;unit&quot;:&quot;px&quot;,&quot;size&quot;:10,&quot;sizes&quot;:[]},&quot;gap_tablet&quot;:{&quot;unit&quot;:&quot;px&quot;,&quot;size&quot;:10,&quot;sizes&quot;:[]},&quot;gap_mobile&quot;:{&quot;unit&quot;:&quot;px&quot;,&quot;size&quot;:10,&quot;sizes&quot;:[]},&quot;link_to&quot;:&quot;file&quot;,&quot;overlay_background&quot;:&quot;yes&quot;,&quot;content_hover_animation&quot;:&quot;fade-in&quot;}\" data-widget_type=\"gallery.default\">\n\t\t\t\t<div class=\"elementor-widget-container\">\n\t\t\t\t\t\t\t<div class=\"elementor-gallery__container\">\n\t\t\t\t\t\t\t<a class=\"e-gallery-item elementor-gallery-item elementor-animated-content\" href=\"https:\/\/ditcheyenne.com\/wp-content\/uploads\/2022\/11\/10.jpg\" data-elementor-open-lightbox=\"yes\" data-elementor-lightbox-slideshow=\"fc8220d\" data-e-action-hash=\"#elementor-action%3Aaction%3Dlightbox%26settings%3DeyJpZCI6MTI0NiwidXJsIjoiaHR0cHM6XC9cL2RpdGNoZXllbm5lLmNvbVwvd3AtY29udGVudFwvdXBsb2Fkc1wvMjAyMlwvMTFcLzEwLmpwZyIsInNsaWRlc2hvdyI6ImZjODIyMGQifQ%3D%3D\">\n\t\t\t\t\t<div class=\"e-gallery-image elementor-gallery-item__image\" data-thumbnail=\"https:\/\/ditcheyenne.com\/wp-content\/uploads\/2022\/11\/10-768x441.jpg\" data-width=\"768\" data-height=\"441\" aria-label=\"art\" role=\"img\" ><\/div>\n\t\t\t\t\t\t\t\t\t\t\t<div class=\"elementor-gallery-item__overlay\"><\/div>\n\t\t\t\t\t\t\t\t\t\t\t\t\t\t<\/a>\n\t\t\t\t\t\t\t<a class=\"e-gallery-item elementor-gallery-item elementor-animated-content\" href=\"https:\/\/ditcheyenne.com\/wp-content\/uploads\/2022\/11\/PHOTO-COUV.jpg\" data-elementor-open-lightbox=\"yes\" data-elementor-lightbox-slideshow=\"fc8220d\" data-e-action-hash=\"#elementor-action%3Aaction%3Dlightbox%26settings%3DeyJpZCI6MTI0NSwidXJsIjoiaHR0cHM6XC9cL2RpdGNoZXllbm5lLmNvbVwvd3AtY29udGVudFwvdXBsb2Fkc1wvMjAyMlwvMTFcL1BIT1RPLUNPVVYuanBnIiwic2xpZGVzaG93IjoiZmM4MjIwZCJ9\">\n\t\t\t\t\t<div class=\"e-gallery-image elementor-gallery-item__image\" data-thumbnail=\"https:\/\/ditcheyenne.com\/wp-content\/uploads\/2022\/11\/PHOTO-COUV-768x520.jpg\" data-width=\"768\" data-height=\"520\" aria-label=\"art et tables restaurant\" role=\"img\" ><\/div>\n\t\t\t\t\t\t\t\t\t\t\t<div class=\"elementor-gallery-item__overlay\"><\/div>\n\t\t\t\t\t\t\t\t\t\t\t\t\t\t<\/a>\n\t\t\t\t\t\t\t<a class=\"e-gallery-item elementor-gallery-item elementor-animated-content\" href=\"https:\/\/ditcheyenne.com\/wp-content\/uploads\/2022\/11\/9.jpg\" data-elementor-open-lightbox=\"yes\" data-elementor-lightbox-slideshow=\"fc8220d\" data-e-action-hash=\"#elementor-action%3Aaction%3Dlightbox%26settings%3DeyJpZCI6MTI0MCwidXJsIjoiaHR0cHM6XC9cL2RpdGNoZXllbm5lLmNvbVwvd3AtY29udGVudFwvdXBsb2Fkc1wvMjAyMlwvMTFcLzkuanBnIiwic2xpZGVzaG93IjoiZmM4MjIwZCJ9\">\n\t\t\t\t\t<div class=\"e-gallery-image elementor-gallery-item__image\" data-thumbnail=\"https:\/\/ditcheyenne.com\/wp-content\/uploads\/2022\/11\/9-768x576.jpg\" data-width=\"768\" data-height=\"576\" aria-label=\"art\" role=\"img\" ><\/div>\n\t\t\t\t\t\t\t\t\t\t\t<div class=\"elementor-gallery-item__overlay\"><\/div>\n\t\t\t\t\t\t\t\t\t\t\t\t\t\t<\/a>\n\t\t\t\t\t\t\t<a class=\"e-gallery-item elementor-gallery-item elementor-animated-content\" href=\"https:\/\/ditcheyenne.com\/wp-content\/uploads\/2022\/11\/8.jpg\" data-elementor-open-lightbox=\"yes\" data-elementor-lightbox-slideshow=\"fc8220d\" data-e-action-hash=\"#elementor-action%3Aaction%3Dlightbox%26settings%3DeyJpZCI6MTIzOSwidXJsIjoiaHR0cHM6XC9cL2RpdGNoZXllbm5lLmNvbVwvd3AtY29udGVudFwvdXBsb2Fkc1wvMjAyMlwvMTFcLzguanBnIiwic2xpZGVzaG93IjoiZmM4MjIwZCJ9\">\n\t\t\t\t\t<div class=\"e-gallery-image elementor-gallery-item__image\" data-thumbnail=\"https:\/\/ditcheyenne.com\/wp-content\/uploads\/2022\/11\/8.jpg\" data-width=\"482\" data-height=\"723\" aria-label=\"art\" role=\"img\" ><\/div>\n\t\t\t\t\t\t\t\t\t\t\t<div class=\"elementor-gallery-item__overlay\"><\/div>\n\t\t\t\t\t\t\t\t\t\t\t\t\t\t<\/a>\n\t\t\t\t\t\t\t<a class=\"e-gallery-item elementor-gallery-item elementor-animated-content\" href=\"https:\/\/ditcheyenne.com\/wp-content\/uploads\/2022\/11\/7.jpg\" data-elementor-open-lightbox=\"yes\" data-elementor-lightbox-slideshow=\"fc8220d\" data-e-action-hash=\"#elementor-action%3Aaction%3Dlightbox%26settings%3DeyJpZCI6MTIzOCwidXJsIjoiaHR0cHM6XC9cL2RpdGNoZXllbm5lLmNvbVwvd3AtY29udGVudFwvdXBsb2Fkc1wvMjAyMlwvMTFcLzcuanBnIiwic2xpZGVzaG93IjoiZmM4MjIwZCJ9\">\n\t\t\t\t\t<div class=\"e-gallery-image elementor-gallery-item__image\" data-thumbnail=\"https:\/\/ditcheyenne.com\/wp-content\/uploads\/2022\/11\/7-768x576.jpg\" data-width=\"768\" data-height=\"576\" aria-label=\"art\" role=\"img\" ><\/div>\n\t\t\t\t\t\t\t\t\t\t\t<div class=\"elementor-gallery-item__overlay\"><\/div>\n\t\t\t\t\t\t\t\t\t\t\t\t\t\t<\/a>\n\t\t\t\t\t\t\t<a class=\"e-gallery-item elementor-gallery-item elementor-animated-content\" href=\"https:\/\/ditcheyenne.com\/wp-content\/uploads\/2022\/11\/5-1.jpg\" data-elementor-open-lightbox=\"yes\" data-elementor-lightbox-slideshow=\"fc8220d\" data-e-action-hash=\"#elementor-action%3Aaction%3Dlightbox%26settings%3DeyJpZCI6MTIzMywidXJsIjoiaHR0cHM6XC9cL2RpdGNoZXllbm5lLmNvbVwvd3AtY29udGVudFwvdXBsb2Fkc1wvMjAyMlwvMTFcLzUtMS5qcGciLCJzbGlkZXNob3ciOiJmYzgyMjBkIn0%3D\">\n\t\t\t\t\t<div class=\"e-gallery-image elementor-gallery-item__image\" data-thumbnail=\"https:\/\/ditcheyenne.com\/wp-content\/uploads\/2022\/11\/5-1.jpg\" data-width=\"595\" data-height=\"595\" aria-label=\"Tables restaurant\" role=\"img\" ><\/div>\n\t\t\t\t\t\t\t\t\t\t\t<div class=\"elementor-gallery-item__overlay\"><\/div>\n\t\t\t\t\t\t\t\t\t\t\t\t\t\t<\/a>\n\t\t\t\t\t\t\t<a class=\"e-gallery-item elementor-gallery-item elementor-animated-content\" href=\"https:\/\/ditcheyenne.com\/wp-content\/uploads\/2022\/11\/Smel-Design-Dit-Cheyenne-6.jpg\" data-elementor-open-lightbox=\"yes\" data-elementor-lightbox-slideshow=\"fc8220d\" data-e-action-hash=\"#elementor-action%3Aaction%3Dlightbox%26settings%3DeyJpZCI6MTI0NywidXJsIjoiaHR0cHM6XC9cL2RpdGNoZXllbm5lLmNvbVwvd3AtY29udGVudFwvdXBsb2Fkc1wvMjAyMlwvMTFcL1NtZWwtRGVzaWduLURpdC1DaGV5ZW5uZS02LmpwZyIsInNsaWRlc2hvdyI6ImZjODIyMGQifQ%3D%3D\">\n\t\t\t\t\t<div class=\"e-gallery-image elementor-gallery-item__image\" data-thumbnail=\"https:\/\/ditcheyenne.com\/wp-content\/uploads\/2022\/11\/Smel-Design-Dit-Cheyenne-6-768x509.jpg\" data-width=\"768\" data-height=\"509\" aria-label=\"art\" role=\"img\" ><\/div>\n\t\t\t\t\t\t\t\t\t\t\t<div class=\"elementor-gallery-item__overlay\"><\/div>\n\t\t\t\t\t\t\t\t\t\t\t\t\t\t<\/a>\n\t\t\t\t\t\t\t<a class=\"e-gallery-item elementor-gallery-item elementor-animated-content\" href=\"https:\/\/ditcheyenne.com\/wp-content\/uploads\/2022\/11\/4-1.jpg\" data-elementor-open-lightbox=\"yes\" data-elementor-lightbox-slideshow=\"fc8220d\" data-e-action-hash=\"#elementor-action%3Aaction%3Dlightbox%26settings%3DeyJpZCI6MTIzMiwidXJsIjoiaHR0cHM6XC9cL2RpdGNoZXllbm5lLmNvbVwvd3AtY29udGVudFwvdXBsb2Fkc1wvMjAyMlwvMTFcLzQtMS5qcGciLCJzbGlkZXNob3ciOiJmYzgyMjBkIn0%3D\">\n\t\t\t\t\t<div class=\"e-gallery-image elementor-gallery-item__image\" data-thumbnail=\"https:\/\/ditcheyenne.com\/wp-content\/uploads\/2022\/11\/4-1-768x528.jpg\" data-width=\"768\" data-height=\"528\" aria-label=\"art\" role=\"img\" ><\/div>\n\t\t\t\t\t\t\t\t\t\t\t<div class=\"elementor-gallery-item__overlay\"><\/div>\n\t\t\t\t\t\t\t\t\t\t\t\t\t\t<\/a>\n\t\t\t\t\t\t\t<a class=\"e-gallery-item elementor-gallery-item elementor-animated-content\" href=\"https:\/\/ditcheyenne.com\/wp-content\/uploads\/2022\/11\/3-1.jpg\" data-elementor-open-lightbox=\"yes\" data-elementor-lightbox-slideshow=\"fc8220d\" data-e-action-hash=\"#elementor-action%3Aaction%3Dlightbox%26settings%3DeyJpZCI6MTIzMSwidXJsIjoiaHR0cHM6XC9cL2RpdGNoZXllbm5lLmNvbVwvd3AtY29udGVudFwvdXBsb2Fkc1wvMjAyMlwvMTFcLzMtMS5qcGciLCJzbGlkZXNob3ciOiJmYzgyMjBkIn0%3D\">\n\t\t\t\t\t<div class=\"e-gallery-image elementor-gallery-item__image\" data-thumbnail=\"https:\/\/ditcheyenne.com\/wp-content\/uploads\/2022\/11\/3-1.jpg\" data-width=\"678\" data-height=\"960\" aria-label=\"art\" role=\"img\" ><\/div>\n\t\t\t\t\t\t\t\t\t\t\t<div class=\"elementor-gallery-item__overlay\"><\/div>\n\t\t\t\t\t\t\t\t\t\t\t\t\t\t<\/a>\n\t\t\t\t\t\t\t<a class=\"e-gallery-item elementor-gallery-item elementor-animated-content\" href=\"https:\/\/ditcheyenne.com\/wp-content\/uploads\/2022\/11\/2-1.jpg\" data-elementor-open-lightbox=\"yes\" data-elementor-lightbox-slideshow=\"fc8220d\" data-e-action-hash=\"#elementor-action%3Aaction%3Dlightbox%26settings%3DeyJpZCI6MTIzMCwidXJsIjoiaHR0cHM6XC9cL2RpdGNoZXllbm5lLmNvbVwvd3AtY29udGVudFwvdXBsb2Fkc1wvMjAyMlwvMTFcLzItMS5qcGciLCJzbGlkZXNob3ciOiJmYzgyMjBkIn0%3D\">\n\t\t\t\t\t<div class=\"e-gallery-image elementor-gallery-item__image\" data-thumbnail=\"https:\/\/ditcheyenne.com\/wp-content\/uploads\/2022\/11\/2-1.jpg\" data-width=\"678\" data-height=\"960\" aria-label=\"art\" role=\"img\" ><\/div>\n\t\t\t\t\t\t\t\t\t\t\t<div class=\"elementor-gallery-item__overlay\"><\/div>\n\t\t\t\t\t\t\t\t\t\t\t\t\t\t<\/a>\n\t\t\t\t\t\t\t<a class=\"e-gallery-item elementor-gallery-item elementor-animated-content\" href=\"https:\/\/ditcheyenne.com\/wp-content\/uploads\/2022\/11\/1-1.jpg\" data-elementor-open-lightbox=\"yes\" data-elementor-lightbox-slideshow=\"fc8220d\" data-e-action-hash=\"#elementor-action%3Aaction%3Dlightbox%26settings%3DeyJpZCI6MTIyOSwidXJsIjoiaHR0cHM6XC9cL2RpdGNoZXllbm5lLmNvbVwvd3AtY29udGVudFwvdXBsb2Fkc1wvMjAyMlwvMTFcLzEtMS5qcGciLCJzbGlkZXNob3ciOiJmYzgyMjBkIn0%3D\">\n\t\t\t\t\t<div class=\"e-gallery-image elementor-gallery-item__image\" data-thumbnail=\"https:\/\/ditcheyenne.com\/wp-content\/uploads\/2022\/11\/1-1.jpg\" data-width=\"678\" data-height=\"960\" aria-label=\"art\" role=\"img\" ><\/div>\n\t\t\t\t\t\t\t\t\t\t\t<div class=\"elementor-gallery-item__overlay\"><\/div>\n\t\t\t\t\t\t\t\t\t\t\t\t\t\t<\/a>\n\t\t\t\t\t<\/div>\n\t\t\t\t\t<\/div>\n\t\t\t\t<\/div>\n\t\t\t\t\t<\/div>\n\t\t\t\t<\/div>\n\t\t\t\t<\/div>","protected":false},"excerpt":{"rendered":"<p>Smel est une agence de Design fond\u00e9e en 2001 par Edgar Smaling et Carlo Elias. Smel con\u00e7oit des identit\u00e9s d&rsquo;entreprise strat\u00e9giques, des magazines, des livres, des identit\u00e9s et sites Web;Ils illustrent par le design, qualit\u00e9 et imagination.Smel travaille pour une vari\u00e9t\u00e9 de clients, la fonction publique, la mode, le design, l&rsquo;art et l&rsquo;architecture.Ils commandent trois [&hellip;]<\/p>","protected":false},"author":1,"featured_media":1245,"parent":214,"menu_order":0,"comment_status":"closed","ping_status":"closed","template":"","meta":{"footnotes":""},"class_list":["post-1242","page","type-page","status-publish","has-post-thumbnail","hentry"],"yoast_head":"<!-- This site is optimized with the Yoast SEO plugin v26.6 - https:\/\/yoast.com\/wordpress\/plugins\/seo\/ -->\n<title>Smel Design | Dit Cheyenne<\/title>\n<meta name=\"robots\" content=\"index, follow, max-snippet:-1, max-image-preview:large, max-video-preview:-1\" \/>\n<link rel=\"canonical\" href=\"https:\/\/ditcheyenne.com\/en\/collaborations\/smel-design\/\" \/>\n<meta property=\"og:locale\" content=\"en_GB\" \/>\n<meta property=\"og:type\" content=\"article\" \/>\n<meta property=\"og:title\" content=\"Smel Design | Dit Cheyenne\" \/>\n<meta property=\"og:description\" content=\"Smel est une agence de Design fond\u00e9e en 2001 par Edgar Smaling et Carlo Elias. Smel con\u00e7oit des identit\u00e9s d&rsquo;entreprise strat\u00e9giques, des magazines, des livres, des identit\u00e9s et sites Web;Ils illustrent par le design, qualit\u00e9 et imagination.Smel travaille pour une vari\u00e9t\u00e9 de clients, la fonction publique, la mode, le design, l&rsquo;art et l&rsquo;architecture.Ils commandent trois [&hellip;]\" \/>\n<meta property=\"og:url\" content=\"https:\/\/ditcheyenne.com\/en\/collaborations\/smel-design\/\" \/>\n<meta property=\"og:site_name\" content=\"Dit Cheyenne\" \/>\n<meta property=\"article:publisher\" content=\"https:\/\/www.facebook.com\/profile.php?id=100063726633338\" \/>\n<meta property=\"article:modified_time\" content=\"2022-11-02T07:09:31+00:00\" \/>\n<meta property=\"og:image\" content=\"https:\/\/ditcheyenne.com\/wp-content\/uploads\/2022\/11\/PHOTO-COUV.jpg\" \/>\n\t<meta property=\"og:image:width\" content=\"1800\" \/>\n\t<meta property=\"og:image:height\" content=\"1219\" \/>\n\t<meta property=\"og:image:type\" content=\"image\/jpeg\" \/>\n<meta name=\"twitter:card\" content=\"summary_large_image\" \/>\n<script type=\"application\/ld+json\" class=\"yoast-schema-graph\">{\"@context\":\"https:\/\/schema.org\",\"@graph\":[{\"@type\":\"WebPage\",\"@id\":\"https:\/\/ditcheyenne.com\/collaborations\/smel-design\/\",\"url\":\"https:\/\/ditcheyenne.com\/collaborations\/smel-design\/\",\"name\":\"Smel Design | Dit Cheyenne\",\"isPartOf\":{\"@id\":\"https:\/\/ditcheyenne.com\/#website\"},\"primaryImageOfPage\":{\"@id\":\"https:\/\/ditcheyenne.com\/collaborations\/smel-design\/#primaryimage\"},\"image\":{\"@id\":\"https:\/\/ditcheyenne.com\/collaborations\/smel-design\/#primaryimage\"},\"thumbnailUrl\":\"https:\/\/ditcheyenne.com\/wp-content\/uploads\/2022\/11\/PHOTO-COUV.jpg\",\"datePublished\":\"2022-11-02T06:54:11+00:00\",\"dateModified\":\"2022-11-02T07:09:31+00:00\",\"breadcrumb\":{\"@id\":\"https:\/\/ditcheyenne.com\/collaborations\/smel-design\/#breadcrumb\"},\"inLanguage\":\"en-GB\",\"potentialAction\":[{\"@type\":\"ReadAction\",\"target\":[\"https:\/\/ditcheyenne.com\/collaborations\/smel-design\/\"]}]},{\"@type\":\"ImageObject\",\"inLanguage\":\"en-GB\",\"@id\":\"https:\/\/ditcheyenne.com\/collaborations\/smel-design\/#primaryimage\",\"url\":\"https:\/\/ditcheyenne.com\/wp-content\/uploads\/2022\/11\/PHOTO-COUV.jpg\",\"contentUrl\":\"https:\/\/ditcheyenne.com\/wp-content\/uploads\/2022\/11\/PHOTO-COUV.jpg\",\"width\":1800,\"height\":1219,\"caption\":\"art et tables restaurant\"},{\"@type\":\"BreadcrumbList\",\"@id\":\"https:\/\/ditcheyenne.com\/collaborations\/smel-design\/#breadcrumb\",\"itemListElement\":[{\"@type\":\"ListItem\",\"position\":1,\"name\":\"Accueil\",\"item\":\"https:\/\/ditcheyenne.com\/\"},{\"@type\":\"ListItem\",\"position\":2,\"name\":\"Collaborations\",\"item\":\"https:\/\/ditcheyenne.com\/collaborations\/\"},{\"@type\":\"ListItem\",\"position\":3,\"name\":\"Smel Design\"}]},{\"@type\":\"WebSite\",\"@id\":\"https:\/\/ditcheyenne.com\/#website\",\"url\":\"https:\/\/ditcheyenne.com\/\",\"name\":\"Dit Cheyenne\",\"description\":\"Artiste\",\"publisher\":{\"@id\":\"https:\/\/ditcheyenne.com\/#\/schema\/person\/ebb98861576534004f1031ef7e41fb21\"},\"potentialAction\":[{\"@type\":\"SearchAction\",\"target\":{\"@type\":\"EntryPoint\",\"urlTemplate\":\"https:\/\/ditcheyenne.com\/?s={search_term_string}\"},\"query-input\":{\"@type\":\"PropertyValueSpecification\",\"valueRequired\":true,\"valueName\":\"search_term_string\"}}],\"inLanguage\":\"en-GB\"},{\"@type\":[\"Person\",\"Organization\"],\"@id\":\"https:\/\/ditcheyenne.com\/#\/schema\/person\/ebb98861576534004f1031ef7e41fb21\",\"name\":\"Dit Cheyenne\",\"image\":{\"@type\":\"ImageObject\",\"inLanguage\":\"en-GB\",\"@id\":\"https:\/\/ditcheyenne.com\/#\/schema\/person\/image\/\",\"url\":\"https:\/\/ditcheyenne.com\/wp-content\/uploads\/2022\/09\/LOGO-DITCHEYENNE-2.png\",\"contentUrl\":\"https:\/\/ditcheyenne.com\/wp-content\/uploads\/2022\/09\/LOGO-DITCHEYENNE-2.png\",\"width\":500,\"height\":102,\"caption\":\"Dit Cheyenne\"},\"logo\":{\"@id\":\"https:\/\/ditcheyenne.com\/#\/schema\/person\/image\/\"},\"sameAs\":[\"http:\/\/ditcheyenne.com\",\"https:\/\/www.facebook.com\/profile.php?id=100063726633338\",\"https:\/\/www.instagram.com\/ditcheyenne\/\",\"https:\/\/www.youtube.com\/channel\/UCnXrhWXa8xOas31qcK3f_1Q\"]}]}<\/script>\n<!-- \/ Yoast SEO plugin. -->","yoast_head_json":{"title":"Smel Design | Dit Cheyenne","robots":{"index":"index","follow":"follow","max-snippet":"max-snippet:-1","max-image-preview":"max-image-preview:large","max-video-preview":"max-video-preview:-1"},"canonical":"https:\/\/ditcheyenne.com\/en\/collaborations\/smel-design\/","og_locale":"en_GB","og_type":"article","og_title":"Smel Design | Dit Cheyenne","og_description":"Smel est une agence de Design fond\u00e9e en 2001 par Edgar Smaling et Carlo Elias. Smel con\u00e7oit des identit\u00e9s d&rsquo;entreprise strat\u00e9giques, des magazines, des livres, des identit\u00e9s et sites Web;Ils illustrent par le design, qualit\u00e9 et imagination.Smel travaille pour une vari\u00e9t\u00e9 de clients, la fonction publique, la mode, le design, l&rsquo;art et l&rsquo;architecture.Ils commandent trois [&hellip;]","og_url":"https:\/\/ditcheyenne.com\/en\/collaborations\/smel-design\/","og_site_name":"Dit Cheyenne","article_publisher":"https:\/\/www.facebook.com\/profile.php?id=100063726633338","article_modified_time":"2022-11-02T07:09:31+00:00","og_image":[{"width":1800,"height":1219,"url":"https:\/\/ditcheyenne.com\/wp-content\/uploads\/2022\/11\/PHOTO-COUV.jpg","type":"image\/jpeg"}],"twitter_card":"summary_large_image","schema":{"@context":"https:\/\/schema.org","@graph":[{"@type":"WebPage","@id":"https:\/\/ditcheyenne.com\/collaborations\/smel-design\/","url":"https:\/\/ditcheyenne.com\/collaborations\/smel-design\/","name":"Smel Design | Dit Cheyenne","isPartOf":{"@id":"https:\/\/ditcheyenne.com\/#website"},"primaryImageOfPage":{"@id":"https:\/\/ditcheyenne.com\/collaborations\/smel-design\/#primaryimage"},"image":{"@id":"https:\/\/ditcheyenne.com\/collaborations\/smel-design\/#primaryimage"},"thumbnailUrl":"https:\/\/ditcheyenne.com\/wp-content\/uploads\/2022\/11\/PHOTO-COUV.jpg","datePublished":"2022-11-02T06:54:11+00:00","dateModified":"2022-11-02T07:09:31+00:00","breadcrumb":{"@id":"https:\/\/ditcheyenne.com\/collaborations\/smel-design\/#breadcrumb"},"inLanguage":"en-GB","potentialAction":[{"@type":"ReadAction","target":["https:\/\/ditcheyenne.com\/collaborations\/smel-design\/"]}]},{"@type":"ImageObject","inLanguage":"en-GB","@id":"https:\/\/ditcheyenne.com\/collaborations\/smel-design\/#primaryimage","url":"https:\/\/ditcheyenne.com\/wp-content\/uploads\/2022\/11\/PHOTO-COUV.jpg","contentUrl":"https:\/\/ditcheyenne.com\/wp-content\/uploads\/2022\/11\/PHOTO-COUV.jpg","width":1800,"height":1219,"caption":"art et tables restaurant"},{"@type":"BreadcrumbList","@id":"https:\/\/ditcheyenne.com\/collaborations\/smel-design\/#breadcrumb","itemListElement":[{"@type":"ListItem","position":1,"name":"Accueil","item":"https:\/\/ditcheyenne.com\/"},{"@type":"ListItem","position":2,"name":"Collaborations","item":"https:\/\/ditcheyenne.com\/collaborations\/"},{"@type":"ListItem","position":3,"name":"Smel Design"}]},{"@type":"WebSite","@id":"https:\/\/ditcheyenne.com\/#website","url":"https:\/\/ditcheyenne.com\/","name":"Dit Cheyenne","description":"Artiste","publisher":{"@id":"https:\/\/ditcheyenne.com\/#\/schema\/person\/ebb98861576534004f1031ef7e41fb21"},"potentialAction":[{"@type":"SearchAction","target":{"@type":"EntryPoint","urlTemplate":"https:\/\/ditcheyenne.com\/?s={search_term_string}"},"query-input":{"@type":"PropertyValueSpecification","valueRequired":true,"valueName":"search_term_string"}}],"inLanguage":"en-GB"},{"@type":["Person","Organization"],"@id":"https:\/\/ditcheyenne.com\/#\/schema\/person\/ebb98861576534004f1031ef7e41fb21","name":"Dit Cheyenne","image":{"@type":"ImageObject","inLanguage":"en-GB","@id":"https:\/\/ditcheyenne.com\/#\/schema\/person\/image\/","url":"https:\/\/ditcheyenne.com\/wp-content\/uploads\/2022\/09\/LOGO-DITCHEYENNE-2.png","contentUrl":"https:\/\/ditcheyenne.com\/wp-content\/uploads\/2022\/09\/LOGO-DITCHEYENNE-2.png","width":500,"height":102,"caption":"Dit Cheyenne"},"logo":{"@id":"https:\/\/ditcheyenne.com\/#\/schema\/person\/image\/"},"sameAs":["http:\/\/ditcheyenne.com","https:\/\/www.facebook.com\/profile.php?id=100063726633338","https:\/\/www.instagram.com\/ditcheyenne\/","https:\/\/www.youtube.com\/channel\/UCnXrhWXa8xOas31qcK3f_1Q"]}]}},"_links":{"self":[{"href":"https:\/\/ditcheyenne.com\/en\/wp-json\/wp\/v2\/pages\/1242","targetHints":{"allow":["GET"]}}],"collection":[{"href":"https:\/\/ditcheyenne.com\/en\/wp-json\/wp\/v2\/pages"}],"about":[{"href":"https:\/\/ditcheyenne.com\/en\/wp-json\/wp\/v2\/types\/page"}],"author":[{"embeddable":true,"href":"https:\/\/ditcheyenne.com\/en\/wp-json\/wp\/v2\/users\/1"}],"replies":[{"embeddable":true,"href":"https:\/\/ditcheyenne.com\/en\/wp-json\/wp\/v2\/comments?post=1242"}],"version-history":[{"count":0,"href":"https:\/\/ditcheyenne.com\/en\/wp-json\/wp\/v2\/pages\/1242\/revisions"}],"up":[{"embeddable":true,"href":"https:\/\/ditcheyenne.com\/en\/wp-json\/wp\/v2\/pages\/214"}],"wp:featuredmedia":[{"embeddable":true,"href":"https:\/\/ditcheyenne.com\/en\/wp-json\/wp\/v2\/media\/1245"}],"wp:attachment":[{"href":"https:\/\/ditcheyenne.com\/en\/wp-json\/wp\/v2\/media?parent=1242"}],"curies":[{"name":"wp","href":"https:\/\/api.w.org\/{rel}","templated":true}]}}